{"id":2846,"date":"2025-04-03T15:23:00","date_gmt":"2025-04-03T13:23:00","guid":{"rendered":"https:\/\/www.my-intranet.com\/?page_id=2846"},"modified":"2025-09-07T16:17:52","modified_gmt":"2025-09-07T14:17:52","slug":"vacaciones-pagadas-5-o-6-dias","status":"publish","type":"page","link":"https:\/\/www.my-intranet.com\/es\/vacaciones-pagadas-5-o-6-dias\/","title":{"rendered":"\u00bfCu\u00e1ntos d\u00edas se cuentan para una semana de vacaciones pagadas?"},"content":{"rendered":"\n<p>Quiere coger una semana de vacaciones y se pregunta cu\u00e1ntos d\u00edas se le descontar\u00e1n de la paga de vacaciones. La respuesta depende de c\u00f3mo lo calcule su empresa : <a href=\"https:\/\/www.my-intranet.com\/es\/dias-trabajados-dias-laborables\/\">en d\u00edas laborables o en d\u00edas de trabajo<\/a>. El programa Mi Intranet SGRH gestiona ambos m\u00e9todos de c\u00e1lculo.<\/p>\n\n\n\n<h2 class=\"wp-block-heading\">C\u00e1lculo en d\u00edas de trabajo<\/h2>\n\n\n\n<p>En este caso, el trabajador tiene derecho a 25 d\u00edas de vacaciones pagadas al a\u00f1o. Si se toma una semana completa, se contar\u00e1n 5 d\u00edas de lunes a viernes, ya que los d\u00edas de trabajo van de lunes a viernes. En la mayor\u00eda de las empresas, el s\u00e1bado no es d\u00eda laborable.<\/p>\n\n\n\n<h2 class=\"wp-block-heading\">C\u00e1lculo en d\u00edas laborables<\/h2>\n\n\n\n<p>Los d\u00edas laborables van de lunes a s\u00e1bado. Por tanto, un trabajador tiene derecho a 5 x 6 d\u00edas = 30 d\u00edas de vacaciones pagadas al a\u00f1o. Cuando se toma una semana completa, se descuentan 6 d\u00edas.<\/p>\n\n\n\n<p>No obstante, los trabajadores tambi\u00e9n pueden tomarse semanas incompletas. La norma es que el trabajador no se vea perjudicado entre un c\u00f3mputo en d\u00edas de trabajo y otro en d\u00edas laborables. Adem\u00e1s, no se computar\u00e1n m\u00e1s de 5 s\u00e1bados por per\u00edodo de vacaciones.<\/p>\n\n\n\n<p>Por tanto, una semana de vacaciones pagadas equivale a 5 d\u00edas de trabajo y 6 d\u00edas laborables.<\/p>\n\n\n\n<h2 class=\"wp-block-heading\">Trabajo a tiempo parcial<\/h2>\n\n\n\n<p>Dependiendo de la empresa, el derecho a vacaciones de los trabajadores a tiempo parcial se prorratear\u00e1 o se les conceder\u00e1 el mismo n\u00famero de d\u00edas que a los empleados a tiempo completo. Seg\u00fan la ley, la forma de operar no debe penalizar a los empleados a tiempo parcial, que tienen los mismos derechos que los empleados a tiempo completo en t\u00e9rminos de vacaciones pagadas.<\/p>\n\n\n\n<p>Por tanto, si prorratea, debe garantizar que puedan disfrutar de sus 5 semanas completas de vacaciones.<\/p>\n\n\n\n<h2 class=\"wp-block-heading\">\u00bfC\u00f3mo puedo simplificar el c\u00e1lculo de los d\u00edas abonados?<\/h2>\n\n\n\n<p>\u00bfLe parece todo esto muy complejo? No le falta raz\u00f3n. Por eso, en Mi Intranet SGRH, hemos desarrollado <a href=\"https:\/\/www.my-intranet.com\/es\/solution-rrhh\/caracteristicas\/software-gestion-vacaciones\/\">nuestro software de control de ausencias<\/a>. Calcula por usted el n\u00famero de d\u00edas a descontar en funci\u00f3n de las normas legales y del calendario laboral de los empleados.<\/p>\n","protected":false},"excerpt":{"rendered":"<p>Quiere coger una semana de vacaciones y se pregunta cu\u00e1ntos d\u00edas se le descontar\u00e1n de la paga de vacaciones. La respuesta depende de c\u00f3mo lo calcule su empresa : en d\u00edas laborables o en d\u00edas de trabajo. El programa Mi Intranet SGRH gestiona ambos m\u00e9todos de c\u00e1lculo. C\u00e1lculo en d\u00edas de trabajo En este caso, [&hellip;]<\/p>\n","protected":false},"author":2,"featured_media":0,"parent":0,"menu_order":0,"comment_status":"closed","ping_status":"closed","template":"","meta":{"_et_pb_use_builder":"off","_et_pb_old_content":"<!-- wp:paragraph -->\n<p>Quiere coger una semana de vacaciones y se pregunta cu\u00e1ntos d\u00edas se le descontar\u00e1n de la paga de vacaciones. La respuesta depende de c\u00f3mo lo calcule su empresa : <a href=\"https:\/\/www.my-intranet.com\/es\/dias-trabajados-dias-laborables\/\">en d\u00edas laborables o en d\u00edas de trabajo<\/a>. El programa Mi Intranet SGRH gestiona ambos m\u00e9todos de c\u00e1lculo.<\/p>\n<!-- \/wp:paragraph -->\n\n<!-- wp:heading -->\n<h2 class=\"wp-block-heading\">C\u00e1lculo en d\u00edas de trabajo<\/h2>\n<!-- \/wp:heading -->\n\n<!-- wp:paragraph -->\n<p>En este caso, el trabajador tiene derecho a 25 d\u00edas de vacaciones pagadas al a\u00f1o. Si se toma una semana completa, se contar\u00e1n 5 d\u00edas de lunes a viernes, ya que los d\u00edas de trabajo van de lunes a viernes. En la mayor\u00eda de las empresas, el s\u00e1bado no es d\u00eda laborable.<\/p>\n<!-- \/wp:paragraph -->\n\n<!-- wp:heading -->\n<h2 class=\"wp-block-heading\">C\u00e1lculo en d\u00edas laborables<\/h2>\n<!-- \/wp:heading -->\n\n<!-- wp:paragraph -->\n<p>Los d\u00edas laborables van de lunes a s\u00e1bado. Por tanto, un trabajador tiene derecho a 5 x 6 d\u00edas = 30 d\u00edas de vacaciones pagadas al a\u00f1o. Cuando se toma una semana completa, se descuentan 6 d\u00edas.<\/p>\n<!-- \/wp:paragraph -->\n\n<!-- wp:paragraph -->\n<p>No obstante, los trabajadores tambi\u00e9n pueden tomarse semanas incompletas. La norma es que el trabajador no se vea perjudicado entre un c\u00f3mputo en d\u00edas de trabajo y otro en d\u00edas laborables. Adem\u00e1s, no se computar\u00e1n m\u00e1s de 5 s\u00e1bados por per\u00edodo de vacaciones.<\/p>\n<!-- \/wp:paragraph -->\n\n<!-- wp:paragraph -->\n<p>Por tanto, una semana de vacaciones pagadas equivale a 5 d\u00edas de trabajo y 6 d\u00edas laborables.<\/p>\n<!-- \/wp:paragraph -->\n\n<!-- wp:heading -->\n<h2 class=\"wp-block-heading\">Trabajo a tiempo parcial<\/h2>\n<!-- \/wp:heading -->\n\n<!-- wp:paragraph -->\n<p>Dependiendo de la empresa, el derecho a vacaciones de los trabajadores a tiempo parcial se prorratear\u00e1 o se les conceder\u00e1 el mismo n\u00famero de d\u00edas que a los empleados a tiempo completo. Seg\u00fan la ley, la forma de operar no debe penalizar a los empleados a tiempo parcial, que tienen los mismos derechos que los empleados a tiempo completo en t\u00e9rminos de vacaciones pagadas.<\/p>\n<!-- \/wp:paragraph -->\n\n<!-- wp:paragraph -->\n<p>Por tanto, si prorratea, debe garantizar que puedan disfrutar de sus 5 semanas completas de vacaciones.<\/p>\n<!-- \/wp:paragraph -->\n\n<!-- wp:heading -->\n<h2 class=\"wp-block-heading\">\u00bfC\u00f3mo puedo simplificar el c\u00e1lculo de los d\u00edas abonados?<\/h2>\n<!-- \/wp:heading -->\n\n<!-- wp:paragraph -->\n<p>\u00bfLe parece todo esto muy complejo? No le falta raz\u00f3n. Por eso, en Mi Intranet SGRH, hemos desarrollado <a href=\"https:\/\/www.my-intranet.com\/es\/solution-rrhh\/caracteristicas\/software-gestion-vacaciones\/\">nuestro software de control de ausencias<\/a>. Calcula por usted el n\u00famero de d\u00edas a descontar en funci\u00f3n de las normas legales y del calendario laboral de los empleados.<\/p>\n<!-- \/wp:paragraph -->","_et_gb_content_width":"","footnotes":""},"class_list":["post-2846","page","type-page","status-publish","hentry"],"yoast_head":"<!-- This site is optimized with the Yoast SEO plugin v27.1.1 - https:\/\/yoast.com\/product\/yoast-seo-wordpress\/ -->\n<title>1 semana de vacaciones pagadas: \u00bf5 o 6 d\u00edas?<\/title>\n<meta name=\"description\" content=\"\u00bfQuiere saber si una semana de vacaciones computa como 5 o 6 d\u00edas en su salario? Aqu\u00ed tiene la respuesta, con explicaciones.\" \/>\n<meta name=\"robots\" content=\"index, follow, max-snippet:-1, max-image-preview:large, max-video-preview:-1\" \/>\n<link rel=\"canonical\" href=\"https:\/\/www.my-intranet.com\/es\/vacaciones-pagadas-5-o-6-dias\/\" \/>\n<meta property=\"og:locale\" content=\"es_ES\" \/>\n<meta property=\"og:type\" content=\"article\" \/>\n<meta property=\"og:title\" content=\"1 semana de vacaciones pagadas: \u00bf5 o 6 d\u00edas?\" \/>\n<meta property=\"og:description\" content=\"\u00bfQuiere saber si una semana de vacaciones computa como 5 o 6 d\u00edas en su salario? Aqu\u00ed tiene la respuesta, con explicaciones.\" \/>\n<meta property=\"og:url\" content=\"https:\/\/www.my-intranet.com\/es\/vacaciones-pagadas-5-o-6-dias\/\" \/>\n<meta property=\"og:site_name\" content=\"Mi Intranet SGRH\" \/>\n<meta property=\"article:modified_time\" content=\"2025-09-07T14:17:52+00:00\" \/>\n<meta name=\"twitter:card\" content=\"summary_large_image\" \/>\n<meta name=\"twitter:label1\" content=\"Tiempo de lectura\" \/>\n\t<meta name=\"twitter:data1\" content=\"2 minutes\" \/>\n<script type=\"application\/ld+json\" class=\"yoast-schema-graph\">{\"@context\":\"https:\/\/schema.org\",\"@graph\":[{\"@type\":\"WebPage\",\"@id\":\"https:\/\/www.my-intranet.com\/es\/vacaciones-pagadas-5-o-6-dias\/\",\"url\":\"https:\/\/www.my-intranet.com\/es\/vacaciones-pagadas-5-o-6-dias\/\",\"name\":\"1 semana de vacaciones pagadas: \u00bf5 o 6 d\u00edas?\",\"isPartOf\":{\"@id\":\"https:\/\/www.my-intranet.com\/es\/#website\"},\"datePublished\":\"2025-04-03T13:23:00+00:00\",\"dateModified\":\"2025-09-07T14:17:52+00:00\",\"description\":\"\u00bfQuiere saber si una semana de vacaciones computa como 5 o 6 d\u00edas en su salario? Aqu\u00ed tiene la respuesta, con explicaciones.\",\"inLanguage\":\"es-ES\",\"potentialAction\":[{\"@type\":\"ReadAction\",\"target\":[\"https:\/\/www.my-intranet.com\/es\/vacaciones-pagadas-5-o-6-dias\/\"]}]},{\"@type\":\"WebSite\",\"@id\":\"https:\/\/www.my-intranet.com\/es\/#website\",\"url\":\"https:\/\/www.my-intranet.com\/es\/\",\"name\":\"Mi Intranet SGRH\",\"description\":\"Soluci\u00f3n de intranet: software de gesti\u00f3n de permisos, informes de gastos, directorio de la empresa y archivo de RRHH.\",\"publisher\":{\"@id\":\"https:\/\/www.my-intranet.com\/es\/#organization\"},\"potentialAction\":[{\"@type\":\"SearchAction\",\"target\":{\"@type\":\"EntryPoint\",\"urlTemplate\":\"https:\/\/www.my-intranet.com\/es\/?s={search_term_string}\"},\"query-input\":{\"@type\":\"PropertyValueSpecification\",\"valueRequired\":true,\"valueName\":\"search_term_string\"}}],\"inLanguage\":\"es-ES\"},{\"@type\":\"Organization\",\"@id\":\"https:\/\/www.my-intranet.com\/es\/#organization\",\"name\":\"Mi Intranet SGRH\",\"url\":\"https:\/\/www.my-intranet.com\/es\/\",\"logo\":{\"@type\":\"ImageObject\",\"inLanguage\":\"es-ES\",\"@id\":\"https:\/\/www.my-intranet.com\/es\/#\/schema\/logo\/image\/\",\"url\":\"https:\/\/www.my-intranet.com\/wp-content\/uploads\/2025\/02\/logo-sirh.png\",\"contentUrl\":\"https:\/\/www.my-intranet.com\/wp-content\/uploads\/2025\/02\/logo-sirh.png\",\"width\":300,\"height\":300,\"caption\":\"Mi Intranet SGRH\"},\"image\":{\"@id\":\"https:\/\/www.my-intranet.com\/es\/#\/schema\/logo\/image\/\"},\"sameAs\":[\"https:\/\/fr.linkedin.com\/company\/mon-intranet\"]}]}<\/script>\n<!-- \/ Yoast SEO plugin. -->","yoast_head_json":{"title":"1 semana de vacaciones pagadas: \u00bf5 o 6 d\u00edas?","description":"\u00bfQuiere saber si una semana de vacaciones computa como 5 o 6 d\u00edas en su salario? Aqu\u00ed tiene la respuesta, con explicaciones.","robots":{"index":"index","follow":"follow","max-snippet":"max-snippet:-1","max-image-preview":"max-image-preview:large","max-video-preview":"max-video-preview:-1"},"canonical":"https:\/\/www.my-intranet.com\/es\/vacaciones-pagadas-5-o-6-dias\/","og_locale":"es_ES","og_type":"article","og_title":"1 semana de vacaciones pagadas: \u00bf5 o 6 d\u00edas?","og_description":"\u00bfQuiere saber si una semana de vacaciones computa como 5 o 6 d\u00edas en su salario? Aqu\u00ed tiene la respuesta, con explicaciones.","og_url":"https:\/\/www.my-intranet.com\/es\/vacaciones-pagadas-5-o-6-dias\/","og_site_name":"Mi Intranet SGRH","article_modified_time":"2025-09-07T14:17:52+00:00","twitter_card":"summary_large_image","twitter_misc":{"Tiempo de lectura":"2 minutes"},"schema":{"@context":"https:\/\/schema.org","@graph":[{"@type":"WebPage","@id":"https:\/\/www.my-intranet.com\/es\/vacaciones-pagadas-5-o-6-dias\/","url":"https:\/\/www.my-intranet.com\/es\/vacaciones-pagadas-5-o-6-dias\/","name":"1 semana de vacaciones pagadas: \u00bf5 o 6 d\u00edas?","isPartOf":{"@id":"https:\/\/www.my-intranet.com\/es\/#website"},"datePublished":"2025-04-03T13:23:00+00:00","dateModified":"2025-09-07T14:17:52+00:00","description":"\u00bfQuiere saber si una semana de vacaciones computa como 5 o 6 d\u00edas en su salario? Aqu\u00ed tiene la respuesta, con explicaciones.","inLanguage":"es-ES","potentialAction":[{"@type":"ReadAction","target":["https:\/\/www.my-intranet.com\/es\/vacaciones-pagadas-5-o-6-dias\/"]}]},{"@type":"WebSite","@id":"https:\/\/www.my-intranet.com\/es\/#website","url":"https:\/\/www.my-intranet.com\/es\/","name":"Mi Intranet SGRH","description":"Soluci\u00f3n de intranet: software de gesti\u00f3n de permisos, informes de gastos, directorio de la empresa y archivo de RRHH.","publisher":{"@id":"https:\/\/www.my-intranet.com\/es\/#organization"},"potentialAction":[{"@type":"SearchAction","target":{"@type":"EntryPoint","urlTemplate":"https:\/\/www.my-intranet.com\/es\/?s={search_term_string}"},"query-input":{"@type":"PropertyValueSpecification","valueRequired":true,"valueName":"search_term_string"}}],"inLanguage":"es-ES"},{"@type":"Organization","@id":"https:\/\/www.my-intranet.com\/es\/#organization","name":"Mi Intranet SGRH","url":"https:\/\/www.my-intranet.com\/es\/","logo":{"@type":"ImageObject","inLanguage":"es-ES","@id":"https:\/\/www.my-intranet.com\/es\/#\/schema\/logo\/image\/","url":"https:\/\/www.my-intranet.com\/wp-content\/uploads\/2025\/02\/logo-sirh.png","contentUrl":"https:\/\/www.my-intranet.com\/wp-content\/uploads\/2025\/02\/logo-sirh.png","width":300,"height":300,"caption":"Mi Intranet SGRH"},"image":{"@id":"https:\/\/www.my-intranet.com\/es\/#\/schema\/logo\/image\/"},"sameAs":["https:\/\/fr.linkedin.com\/company\/mon-intranet"]}]}},"_links":{"self":[{"href":"https:\/\/www.my-intranet.com\/es\/wp-json\/wp\/v2\/pages\/2846","targetHints":{"allow":["GET"]}}],"collection":[{"href":"https:\/\/www.my-intranet.com\/es\/wp-json\/wp\/v2\/pages"}],"about":[{"href":"https:\/\/www.my-intranet.com\/es\/wp-json\/wp\/v2\/types\/page"}],"author":[{"embeddable":true,"href":"https:\/\/www.my-intranet.com\/es\/wp-json\/wp\/v2\/users\/2"}],"replies":[{"embeddable":true,"href":"https:\/\/www.my-intranet.com\/es\/wp-json\/wp\/v2\/comments?post=2846"}],"version-history":[{"count":0,"href":"https:\/\/www.my-intranet.com\/es\/wp-json\/wp\/v2\/pages\/2846\/revisions"}],"wp:attachment":[{"href":"https:\/\/www.my-intranet.com\/es\/wp-json\/wp\/v2\/media?parent=2846"}],"curies":[{"name":"wp","href":"https:\/\/api.w.org\/{rel}","templated":true}]}}