{"id":1684,"date":"2022-08-29T14:16:06","date_gmt":"2022-08-29T12:16:06","guid":{"rendered":"https:\/\/www.my-intranet.com\/?page_id=1684"},"modified":"2025-03-21T09:12:26","modified_gmt":"2025-03-21T08:12:26","slug":"mapa-procesos-rrhh","status":"publish","type":"page","link":"https:\/\/www.my-intranet.com\/es\/mapa-procesos-rrhh\/","title":{"rendered":"Diagrama de flujo del proceso de RRHH"},"content":{"rendered":"\n<p>Con demasiada frecuencia en la empresa, las formas de trabajar no siempre est\u00e1n bien documentadas. Existe un procedimiento, redactado originalmente por un responsable de RRHH bien intencionado. Pero a lo largo del tiempo, los empleados han desarrollado h\u00e1bitos que se alejan del esp\u00edritu original del proceso. El mapeo de procesos de RRHH es el primer paso para dar coherencia a la organizaci\u00f3n y a la gesti\u00f3n administrativa diaria de los empleados.<\/p>\n\n\n\n<h2 class=\"wp-block-heading\">\u00bfC\u00f3mo se puede trazar un proceso de RRHH?<\/h2>\n\n\n\n<p>La primera fase consiste en comprender la situaci\u00f3n actual. Este paso lo llevar\u00e1 a cabo el director de RRHH o un miembro de su equipo. Analizar\u00e1 el proceso actual desde un punto de vista te\u00f3rico y, a continuaci\u00f3n, realizar\u00e1 entrevistas con los empleados de los distintos departamentos para identificar las desviaciones entre el funcionamiento real y el mapa de procesos inicialmente definido. Esta fase de entrevistas con todos los empleados de un grupo objetivo es esencial para que el proyecto comience con buen pie. Hay que consultar a todos los departamentos de la empresa implicados. El mapa de procesos es una gran herramienta para mejorar el rendimiento de la empresa.<\/p>\n\n\n\n<p>El objetivo es obtener los siguientes datos :<\/p>\n\n\n\n<ul class=\"wp-block-list\">\n<li>\u00bfqui\u00e9n participa en el proceso en cada etapa?<\/li>\n\n\n\n<li>\u00bfcu\u00e1les son las diferentes etapas del proceso (validaci\u00f3n, tratamiento, etc.)?<\/li>\n\n\n\n<li>\u00bfcu\u00e1l es el objetivo del proceso?<\/li>\n<\/ul>\n\n\n\n<p>Las habilidades y los conocimientos de los empleados que utilizan un proceso de forma habitual son valiosos para impulsar la mejora de la calidad en general.<\/p>\n\n\n\n<p>El trabajo de an\u00e1lisis realizado permitir\u00e1 identificar :<\/p>\n\n\n\n<ul class=\"wp-block-list\">\n<li>Posibles obst\u00e1culos y soluciones aplicadas por los empleados a lo largo del tiempo.<\/li>\n\n\n\n<li>Las \u00e1reas de mejora para simplificar y agilizar el proceso.<\/li>\n\n\n\n<li>Los puntos de control que hay que eliminar o modificar.<\/li>\n\n\n\n<li>La adecuaci\u00f3n entre el proceso actual y el objetivo deseado.<\/li>\n<\/ul>\n\n\n\n<h2 class=\"wp-block-heading\">\u00bfCu\u00e1l es el objetivo del mapeo de procesos?<\/h2>\n\n\n\n<p>El mapeo tiene un objetivo sencillo : hacer un inventario exhaustivo de la situaci\u00f3n para comprender un proceso en todos sus detalles. La definici\u00f3n del diagrama de flujo es uno de los puntos clave en la implantaci\u00f3n de cualquier software de RRHH, ya que permite al editor conocer en detalle el funcionamiento interno de la empresa. Con estos datos, el editor puede configurar su soluci\u00f3n en funci\u00f3n de los requisitos establecidos por el cliente.<\/p>\n\n\n\n<p>M\u00e1s all\u00e1 de la implantaci\u00f3n de un SGRH (sistema de gesti\u00f3n de recursos humanos), el mapeo desempe\u00f1a un papel esencial en el replanteamiento de la organizaci\u00f3n de la empresa bajo el impulso de la funci\u00f3n de RRHH. Se puede proporcionar informaci\u00f3n y formaci\u00f3n para compartir inicialmente los objetivos y, en \u00faltima instancia, los resultados obtenidos.<\/p>\n\n\n\n<h2 class=\"wp-block-heading\">\u00bfQu\u00e9 procesos se pueden mapear?<\/h2>\n\n\n\n<p>El trabajo de mapeo de procesos no tiene l\u00edmites reales. Puede utilizarse tanto para <a href=\"https:\/\/www.my-intranet.com\/es\/solution-rrhh\/caracteristicas\/software-viajes-gastos\/\">la gesti\u00f3n de gastos<\/a> como para <a href=\"https:\/\/www.my-intranet.com\/es\/gestion-compras\/\">la gesti\u00f3n de compras<\/a> o el seguimiento de actividades. La clave es rodearse de las personas implicadas en el proceso para que el trabajo de an\u00e1lisis sea lo m\u00e1s relevante posible.<\/p>\n\n\n\n<h2 class=\"wp-block-heading\">\u00bfC\u00f3mo se realiza un mapeo?<\/h2>\n\n\n\n<p>Para tener \u00e9xito en un proyecto de cartograf\u00eda, lo primero que hay que hacer es consultar a todas las personas implicadas en la gesti\u00f3n diaria del proceso objetivo. Ellas podr\u00e1n aportar el nivel de detalle necesario para un trabajo exhaustivo. El conocimiento de la empresa es esencial para tener en cuenta todos los elementos vinculados al contexto de la organizaci\u00f3n.<\/p>\n\n\n\n<p>La evaluaci\u00f3n de las competencias implicadas en cada etapa de un proceso le permitir\u00e1 determinar las posibles necesidades de formaci\u00f3n de sus empleados. En efecto, algunos procesos implican a muchas personas con perfiles diferentes y competencias heterog\u00e9neas. Tener en cuenta esta diversidad servir\u00e1 de base para el plan de formaci\u00f3n que resultar\u00e1 del trabajo de mapeo.<\/p>\n\n\n\n<h2 class=\"wp-block-heading\">Estudio de caso : el proceso de gesti\u00f3n de permisos y ausencias<\/h2>\n\n\n\n<p>Pongamos un ejemplo para resaltar todos los aspectos te\u00f3ricos presentados anteriormente con <a href=\"https:\/\/www.my-intranet.com\/es\/solution-rrhh\/caracteristicas\/software-gestion-vacaciones\/\">el proceso de gesti\u00f3n de las vacaciones<\/a>. En la empresa, suele funcionar as\u00ed :<\/p>\n\n\n\n<ul class=\"wp-block-list\">\n<li>el empleado presenta <a href=\"https:\/\/www.my-intranet.com\/es\/solicitud-ausencia\/\">una solicitud de vacaciones<\/a>.<\/li>\n\n\n\n<li>el jefe de l\u00ednea la valida.<\/li>\n\n\n\n<li>el departamento de n\u00f3minas consolida las solicitudes.<\/li>\n<\/ul>\n\n\n\n<p>Estas son las desviaciones que se observan regularmente cuando nuestros equipos trabajan con los clientes para mapear sus procesos :<\/p>\n\n\n\n<ul class=\"wp-block-list\">\n<li>los empleados no siempre presentan una solicitud formal antes de tomar las vacaciones.<\/li>\n\n\n\n<li>los d\u00edas tomados no siempre coinciden con la realidad de la solicitud inicial.<\/li>\n\n\n\n<li>las solicitudes no siempre son validadas regularmente por el gestor.<\/li>\n\n\n\n<li>algunas solicitudes nunca llegan al departamento de n\u00f3minas.<\/li>\n<\/ul>\n\n\n\n<p>Estas son las repercusiones para la empresa :<\/p>\n\n\n\n<ul class=\"wp-block-list\">\n<li>la organizaci\u00f3n de algunos servicios no es \u00f3ptima.<\/li>\n\n\n\n<li>algunos gestores no tienen una idea clara de las ausencias previstas.<\/li>\n\n\n\n<li>algunos d\u00edas tomados no se contabilizan en la n\u00f3mina.<\/li>\n<\/ul>\n\n\n\n<p>Para resumir la observaci\u00f3n que se hace a menudo : p\u00e9rdida de tiempo, p\u00e9rdida de dinero, desorganizaci\u00f3n y falta de responsabilidad.<\/p>\n\n\n\n<h2 class=\"wp-block-heading\">La desmaterializaci\u00f3n ofrece una soluci\u00f3n eficaz<\/h2>\n\n\n\n<p><a href=\"https:\/\/www.my-intranet.com\/es\/desmaterializacion-procesos\/\">La desmaterializaci\u00f3n de los procesos de RRHH<\/a> es una de las soluciones para enmarcar y sistematizar mejor el funcionamiento dentro de la empresa. La gesti\u00f3n eficiente de los recursos humanos requiere la estandarizaci\u00f3n de los m\u00e9todos operativos. Esto requiere la transformaci\u00f3n digital de la empresa. Para ello, puede apoyarse en <a href=\"https:\/\/www.my-intranet.com\/es\/software-de-rrhh-como-servicio\/\">las ventajas del software en modo SaaS<\/a>. Le permiten beneficiarse de herramientas inform\u00e1ticas adaptadas a las necesidades de su empresa.<\/p>\n\n\n\n<p>Desmaterializar un proceso forma parte de las decisiones estrat\u00e9gicas que debe tomar la direcci\u00f3n para poner fin a las numerosas desviaciones que pueden producirse cuando cada uno trabaja a su antojo. Para la alta direcci\u00f3n, tambi\u00e9n elimina una serie de riesgos legales y financieros.<\/p>\n\n\n\n<p>A la hora de contratar e integrar a los nuevos empleados en las empresas, hay que explicarles los procesos en detalle. Se puede organizar una formaci\u00f3n para los m\u00e1s complejos. El papel de los recursos humanos es garantizar que todo el mundo conozca las normas de funcionamiento. Esto permite a los empleados rendir mejor en su trabajo y en las acciones que realizan a diario.<\/p>\n\n\n\n<p>El mapeo de procesos debe considerarse como una forma eficaz de comprender mejor c\u00f3mo funciona realmente cada departamento o l\u00ednea de negocio en comparaci\u00f3n con lo que se espera sobre el papel. Teniendo esto en cuenta, es posible restablecer la coherencia en la forma de trabajar en la empresa.<\/p>\n\n\n\n<h2 class=\"wp-block-heading\">Pasemos a la acci\u00f3n<\/h2>\n\n\n\n<p>Establecer un repositorio no le servir\u00e1 de mucho si no se decide por un plan de acci\u00f3n concreto y seguido. Nuestro equipo de consultores de RRHH est\u00e1 a su disposici\u00f3n para mapear sus procesos con usted y evaluar los beneficios de la desmaterializaci\u00f3n con una soluci\u00f3n como Mi Intranet SGRH. <a href=\"https:\/\/www.my-intranet.com\/es\/contact-es\/\">P\u00f3ngase en contacto con nosotros<\/a> para obtener m\u00e1s informaci\u00f3n.<\/p>\n","protected":false},"excerpt":{"rendered":"<p>Con demasiada frecuencia en la empresa, las formas de trabajar no siempre est\u00e1n bien documentadas. Existe un procedimiento, redactado originalmente por un responsable de RRHH bien intencionado. Pero a lo largo del tiempo, los empleados han desarrollado h\u00e1bitos que se alejan del esp\u00edritu original del proceso. El mapeo de procesos de RRHH es el primer [&hellip;]<\/p>\n","protected":false},"author":2,"featured_media":0,"parent":0,"menu_order":0,"comment_status":"closed","ping_status":"closed","template":"","meta":{"_et_pb_use_builder":"off","_et_pb_old_content":"","_et_gb_content_width":"","footnotes":""},"class_list":["post-1684","page","type-page","status-publish","hentry"],"yoast_head":"<!-- This site is optimized with the Yoast SEO plugin v27.1.1 - https:\/\/yoast.com\/product\/yoast-seo-wordpress\/ -->\n<title>Mapa de procesos de RRHH: \u00bfc\u00f3mo y qu\u00e9 beneficios puede esperar?<\/title>\n<meta name=\"description\" content=\"Este art\u00edculo explica c\u00f3mo mapear sus procesos de RRHH y qu\u00e9 beneficios puede esperar de este trabajo.\" \/>\n<meta name=\"robots\" content=\"index, follow, max-snippet:-1, max-image-preview:large, max-video-preview:-1\" \/>\n<link rel=\"canonical\" href=\"https:\/\/www.my-intranet.com\/es\/mapa-procesos-rrhh\/\" \/>\n<meta property=\"og:locale\" content=\"es_ES\" \/>\n<meta property=\"og:type\" content=\"article\" \/>\n<meta property=\"og:title\" content=\"Mapa de procesos de RRHH: \u00bfc\u00f3mo y qu\u00e9 beneficios puede esperar?\" \/>\n<meta property=\"og:description\" content=\"Este art\u00edculo explica c\u00f3mo mapear sus procesos de RRHH y qu\u00e9 beneficios puede esperar de este trabajo.\" \/>\n<meta property=\"og:url\" content=\"https:\/\/www.my-intranet.com\/es\/mapa-procesos-rrhh\/\" \/>\n<meta property=\"og:site_name\" content=\"Mi Intranet SGRH\" \/>\n<meta property=\"article:modified_time\" content=\"2025-03-21T08:12:26+00:00\" \/>\n<meta name=\"twitter:card\" content=\"summary_large_image\" \/>\n<meta name=\"twitter:label1\" content=\"Tiempo de lectura\" \/>\n\t<meta name=\"twitter:data1\" content=\"6 minutes\" \/>\n<script type=\"application\/ld+json\" class=\"yoast-schema-graph\">{\"@context\":\"https:\/\/schema.org\",\"@graph\":[{\"@type\":\"WebPage\",\"@id\":\"https:\/\/www.my-intranet.com\/es\/mapa-procesos-rrhh\/\",\"url\":\"https:\/\/www.my-intranet.com\/es\/mapa-procesos-rrhh\/\",\"name\":\"Mapa de procesos de RRHH: \u00bfc\u00f3mo y qu\u00e9 beneficios puede esperar?\",\"isPartOf\":{\"@id\":\"https:\/\/www.my-intranet.com\/es\/#website\"},\"datePublished\":\"2022-08-29T12:16:06+00:00\",\"dateModified\":\"2025-03-21T08:12:26+00:00\",\"description\":\"Este art\u00edculo explica c\u00f3mo mapear sus procesos de RRHH y qu\u00e9 beneficios puede esperar de este trabajo.\",\"inLanguage\":\"es-ES\",\"potentialAction\":[{\"@type\":\"ReadAction\",\"target\":[\"https:\/\/www.my-intranet.com\/es\/mapa-procesos-rrhh\/\"]}]},{\"@type\":\"WebSite\",\"@id\":\"https:\/\/www.my-intranet.com\/es\/#website\",\"url\":\"https:\/\/www.my-intranet.com\/es\/\",\"name\":\"Mi Intranet SGRH\",\"description\":\"Soluci\u00f3n de intranet: software de gesti\u00f3n de permisos, informes de gastos, directorio de la empresa y archivo de RRHH.\",\"publisher\":{\"@id\":\"https:\/\/www.my-intranet.com\/es\/#organization\"},\"potentialAction\":[{\"@type\":\"SearchAction\",\"target\":{\"@type\":\"EntryPoint\",\"urlTemplate\":\"https:\/\/www.my-intranet.com\/es\/?s={search_term_string}\"},\"query-input\":{\"@type\":\"PropertyValueSpecification\",\"valueRequired\":true,\"valueName\":\"search_term_string\"}}],\"inLanguage\":\"es-ES\"},{\"@type\":\"Organization\",\"@id\":\"https:\/\/www.my-intranet.com\/es\/#organization\",\"name\":\"Mi Intranet SGRH\",\"url\":\"https:\/\/www.my-intranet.com\/es\/\",\"logo\":{\"@type\":\"ImageObject\",\"inLanguage\":\"es-ES\",\"@id\":\"https:\/\/www.my-intranet.com\/es\/#\/schema\/logo\/image\/\",\"url\":\"https:\/\/www.my-intranet.com\/wp-content\/uploads\/2025\/02\/logo-sirh.png\",\"contentUrl\":\"https:\/\/www.my-intranet.com\/wp-content\/uploads\/2025\/02\/logo-sirh.png\",\"width\":300,\"height\":300,\"caption\":\"Mi Intranet SGRH\"},\"image\":{\"@id\":\"https:\/\/www.my-intranet.com\/es\/#\/schema\/logo\/image\/\"},\"sameAs\":[\"https:\/\/fr.linkedin.com\/company\/mon-intranet\"]}]}<\/script>\n<!-- \/ Yoast SEO plugin. -->","yoast_head_json":{"title":"Mapa de procesos de RRHH: \u00bfc\u00f3mo y qu\u00e9 beneficios puede esperar?","description":"Este art\u00edculo explica c\u00f3mo mapear sus procesos de RRHH y qu\u00e9 beneficios puede esperar de este trabajo.","robots":{"index":"index","follow":"follow","max-snippet":"max-snippet:-1","max-image-preview":"max-image-preview:large","max-video-preview":"max-video-preview:-1"},"canonical":"https:\/\/www.my-intranet.com\/es\/mapa-procesos-rrhh\/","og_locale":"es_ES","og_type":"article","og_title":"Mapa de procesos de RRHH: \u00bfc\u00f3mo y qu\u00e9 beneficios puede esperar?","og_description":"Este art\u00edculo explica c\u00f3mo mapear sus procesos de RRHH y qu\u00e9 beneficios puede esperar de este trabajo.","og_url":"https:\/\/www.my-intranet.com\/es\/mapa-procesos-rrhh\/","og_site_name":"Mi Intranet SGRH","article_modified_time":"2025-03-21T08:12:26+00:00","twitter_card":"summary_large_image","twitter_misc":{"Tiempo de lectura":"6 minutes"},"schema":{"@context":"https:\/\/schema.org","@graph":[{"@type":"WebPage","@id":"https:\/\/www.my-intranet.com\/es\/mapa-procesos-rrhh\/","url":"https:\/\/www.my-intranet.com\/es\/mapa-procesos-rrhh\/","name":"Mapa de procesos de RRHH: \u00bfc\u00f3mo y qu\u00e9 beneficios puede esperar?","isPartOf":{"@id":"https:\/\/www.my-intranet.com\/es\/#website"},"datePublished":"2022-08-29T12:16:06+00:00","dateModified":"2025-03-21T08:12:26+00:00","description":"Este art\u00edculo explica c\u00f3mo mapear sus procesos de RRHH y qu\u00e9 beneficios puede esperar de este trabajo.","inLanguage":"es-ES","potentialAction":[{"@type":"ReadAction","target":["https:\/\/www.my-intranet.com\/es\/mapa-procesos-rrhh\/"]}]},{"@type":"WebSite","@id":"https:\/\/www.my-intranet.com\/es\/#website","url":"https:\/\/www.my-intranet.com\/es\/","name":"Mi Intranet SGRH","description":"Soluci\u00f3n de intranet: software de gesti\u00f3n de permisos, informes de gastos, directorio de la empresa y archivo de RRHH.","publisher":{"@id":"https:\/\/www.my-intranet.com\/es\/#organization"},"potentialAction":[{"@type":"SearchAction","target":{"@type":"EntryPoint","urlTemplate":"https:\/\/www.my-intranet.com\/es\/?s={search_term_string}"},"query-input":{"@type":"PropertyValueSpecification","valueRequired":true,"valueName":"search_term_string"}}],"inLanguage":"es-ES"},{"@type":"Organization","@id":"https:\/\/www.my-intranet.com\/es\/#organization","name":"Mi Intranet SGRH","url":"https:\/\/www.my-intranet.com\/es\/","logo":{"@type":"ImageObject","inLanguage":"es-ES","@id":"https:\/\/www.my-intranet.com\/es\/#\/schema\/logo\/image\/","url":"https:\/\/www.my-intranet.com\/wp-content\/uploads\/2025\/02\/logo-sirh.png","contentUrl":"https:\/\/www.my-intranet.com\/wp-content\/uploads\/2025\/02\/logo-sirh.png","width":300,"height":300,"caption":"Mi Intranet SGRH"},"image":{"@id":"https:\/\/www.my-intranet.com\/es\/#\/schema\/logo\/image\/"},"sameAs":["https:\/\/fr.linkedin.com\/company\/mon-intranet"]}]}},"_links":{"self":[{"href":"https:\/\/www.my-intranet.com\/es\/wp-json\/wp\/v2\/pages\/1684","targetHints":{"allow":["GET"]}}],"collection":[{"href":"https:\/\/www.my-intranet.com\/es\/wp-json\/wp\/v2\/pages"}],"about":[{"href":"https:\/\/www.my-intranet.com\/es\/wp-json\/wp\/v2\/types\/page"}],"author":[{"embeddable":true,"href":"https:\/\/www.my-intranet.com\/es\/wp-json\/wp\/v2\/users\/2"}],"replies":[{"embeddable":true,"href":"https:\/\/www.my-intranet.com\/es\/wp-json\/wp\/v2\/comments?post=1684"}],"version-history":[{"count":0,"href":"https:\/\/www.my-intranet.com\/es\/wp-json\/wp\/v2\/pages\/1684\/revisions"}],"wp:attachment":[{"href":"https:\/\/www.my-intranet.com\/es\/wp-json\/wp\/v2\/media?parent=1684"}],"curies":[{"name":"wp","href":"https:\/\/api.w.org\/{rel}","templated":true}]}}