{"id":1648,"date":"2022-08-24T08:46:22","date_gmt":"2022-08-24T06:46:22","guid":{"rendered":"https:\/\/www.my-intranet.com\/?page_id=1648"},"modified":"2025-08-04T19:52:55","modified_gmt":"2025-08-04T17:52:55","slug":"expedientes-personal","status":"publish","type":"page","link":"https:\/\/www.my-intranet.com\/es\/solution-rrhh\/caracteristicas\/expedientes-personal\/","title":{"rendered":"M\u00f3dulo de gesti\u00f3n de expedientes de RRHH de los empleados"},"content":{"rendered":"<p>[et_pb_section fb_built=&#8221;1&#8243; admin_label=&#8221;section&#8221; _builder_version=&#8221;4.16&#8243; locked=&#8221;off&#8221; global_colors_info=&#8221;{}&#8221;][et_pb_row admin_label=&#8221;row&#8221; _builder_version=&#8221;4.16&#8243; background_size=&#8221;initial&#8221; background_position=&#8221;top_left&#8221; background_repeat=&#8221;repeat&#8221; global_colors_info=&#8221;{}&#8221;][et_pb_column type=&#8221;4_4&#8243; _builder_version=&#8221;4.16&#8243; custom_padding=&#8221;|||&#8221; global_colors_info=&#8221;{}&#8221; custom_padding__hover=&#8221;|||&#8221;][et_pb_text _builder_version=&#8221;4.27.4&#8243; background_size=&#8221;initial&#8221; background_position=&#8221;top_left&#8221; background_repeat=&#8221;repeat&#8221; hover_enabled=&#8221;0&#8243; use_border_color=&#8221;off&#8221; border_color=&#8221;#ffffff&#8221; border_style=&#8221;solid&#8221; global_colors_info=&#8221;{}&#8221; sticky_enabled=&#8221;0&#8243;]<\/p>\n<h1 style=\"margin-bottom: 20px;\">La herramienta de RRHH perfecta para el seguimiento de los expedientes de sus empleados<\/h1>\n<p>La gesti\u00f3n administrativa y <strong>el seguimiento de los expedientes de los empleados<\/strong> son tareas laboriosas pero imprescindibles. Entre contratos de trabajo, datos de contacto, historiales laborales y autorizaciones, la informaci\u00f3n suele estar dispersa, lo que dificulta su consolidaci\u00f3n. Encontrar un dato concreto suele ser un verdadero desaf\u00edo.<\/p>\n<p>Nuestro m\u00f3dulo es <strong>la herramienta de RRHH<\/strong> dise\u00f1ada para poner fin a este quebradero de cabeza. Centraliza todo el historial profesional de sus empleados en expedientes digitales completos y seguros, accesibles con un solo clic. Simplifique su d\u00eda a d\u00eda, garantice la conformidad de sus datos y ahorre un tiempo valioso para centrarse en lo que realmente importa: su capital humano.<\/p>\n<h2>Sus caracter\u00edsticas<\/h2>\n<p>[\/et_pb_text][\/et_pb_column][\/et_pb_row][et_pb_row column_structure=&#8221;1_4,1_4,1_4,1_4&#8243; _builder_version=&#8221;4.16&#8243; background_size=&#8221;initial&#8221; background_position=&#8221;top_left&#8221; background_repeat=&#8221;repeat&#8221; global_colors_info=&#8221;{}&#8221;][et_pb_column type=&#8221;1_4&#8243; _builder_version=&#8221;4.16&#8243; custom_padding=&#8221;|||&#8221; global_colors_info=&#8221;{}&#8221; custom_padding__hover=&#8221;|||&#8221;][et_pb_blurb title=&#8221;Administraci\u00f3n simplificada&#8221; image=&#8221;https:\/\/www.my-intranet.com\/wp-content\/uploads\/2025\/08\/dossier-rh-1.jpg&#8221; alt=&#8221;Dossier RH&#8221; _builder_version=&#8221;4.27.4&#8243; header_level=&#8221;h3&#8243; background_size=&#8221;initial&#8221; background_position=&#8221;top_left&#8221; background_repeat=&#8221;repeat&#8221; use_border_color=&#8221;off&#8221; border_color=&#8221;#ffffff&#8221; border_style=&#8221;solid&#8221; global_colors_info=&#8221;{}&#8221;]<\/p>\n<p>Permite gestionar todos los datos administrativos de RRHH vinculados al empleado.<\/p>\n<p>[\/et_pb_blurb][\/et_pb_column][et_pb_column type=&#8221;1_4&#8243; _builder_version=&#8221;4.16&#8243; custom_padding=&#8221;|||&#8221; global_colors_info=&#8221;{}&#8221; custom_padding__hover=&#8221;|||&#8221;][et_pb_blurb title=&#8221;Acceso r\u00e1pido a los datos&#8221; image=&#8221;https:\/\/www.my-intranet.com\/wp-content\/uploads\/2025\/08\/access-un-clic.jpg&#8221; alt=&#8221;Acc\u00e8s en un clic&#8221; _builder_version=&#8221;4.27.4&#8243; header_level=&#8221;h3&#8243; background_size=&#8221;initial&#8221; background_position=&#8221;top_left&#8221; background_repeat=&#8221;repeat&#8221; use_border_color=&#8221;off&#8221; border_color=&#8221;#ffffff&#8221; border_style=&#8221;solid&#8221; global_colors_info=&#8221;{}&#8221;]<\/p>\n<p>Permitir el acceso a los datos vinculados a cada empleado en un solo clic.<\/p>\n<p>[\/et_pb_blurb][\/et_pb_column][et_pb_column type=&#8221;1_4&#8243; _builder_version=&#8221;4.16&#8243; custom_padding=&#8221;|||&#8221; global_colors_info=&#8221;{}&#8221; custom_padding__hover=&#8221;|||&#8221;][et_pb_blurb title=&#8221;Optimice sus procesos&#8221; image=&#8221;https:\/\/www.my-intranet.com\/wp-content\/uploads\/2025\/08\/echange-donnees.jpg&#8221; alt=&#8221;Echange de donn\u00e9es&#8221; _builder_version=&#8221;4.27.4&#8243; header_level=&#8221;h3&#8243; background_size=&#8221;initial&#8221; background_position=&#8221;top_left&#8221; background_repeat=&#8221;repeat&#8221; use_border_color=&#8221;off&#8221; border_color=&#8221;#ffffff&#8221; border_style=&#8221;solid&#8221; global_colors_info=&#8221;{}&#8221;]<\/p>\n<p>Dar la posibilidad de compartir ciertos datos con otros m\u00f3dulos adaptando los privilegios de acceso.<\/p>\n<p>[\/et_pb_blurb][\/et_pb_column][et_pb_column type=&#8221;1_4&#8243; _builder_version=&#8221;4.16&#8243; custom_padding=&#8221;|||&#8221; global_colors_info=&#8221;{}&#8221; custom_padding__hover=&#8221;|||&#8221;][et_pb_blurb title=&#8221;Tu SGRH, tus reglas&#8221; image=&#8221;https:\/\/www.my-intranet.com\/wp-content\/uploads\/2025\/08\/structure-donees-flexibles.jpg&#8221; alt=&#8221;Structure de donn\u00e9es flexibles&#8221; _builder_version=&#8221;4.27.4&#8243; header_level=&#8221;h3&#8243; background_size=&#8221;initial&#8221; background_position=&#8221;top_left&#8221; background_repeat=&#8221;repeat&#8221; use_border_color=&#8221;off&#8221; border_color=&#8221;#ffffff&#8221; border_style=&#8221;solid&#8221; global_colors_info=&#8221;{}&#8221;]<\/p>\n<p>Gestione una amplia variedad de datos sin restricciones (supervisi\u00f3n de contratos de trabajo, historial laboral, datos de contacto personales, etc.).<\/p>\n<p>[\/et_pb_blurb][\/et_pb_column][\/et_pb_row][\/et_pb_section][et_pb_section fb_built=&#8221;1&#8243; module_class=&#8221;full-width et_pb_specialty_fullwidth&#8221; _builder_version=&#8221;4.16&#8243; inner_width_tablet=&#8221;80%&#8221; inner_width_phone=&#8221;&#8221; inner_width_last_edited=&#8221;on|desktop&#8221; inner_max_width_tablet=&#8221;80%&#8221; inner_max_width_phone=&#8221;&#8221; inner_max_width_last_edited=&#8221;on|desktop&#8221; transparent_background=&#8221;off&#8221; make_fullwidth=&#8221;on&#8221; use_custom_width=&#8221;off&#8221; width_unit=&#8221;on&#8221; locked=&#8221;off&#8221; global_colors_info=&#8221;{}&#8221;][et_pb_row module_class=&#8221;essai-box et_pb_row_fullwidth&#8221; _builder_version=&#8221;4.16&#8243; background_image=&#8221;https:\/\/www.my-intranet.com\/wp-content\/uploads\/2009\/04\/intranet.jpg&#8221; parallax=&#8221;on&#8221; width=&#8221;89%&#8221; width_tablet=&#8221;80%&#8221; width_phone=&#8221;&#8221; width_last_edited=&#8221;on|desktop&#8221; max_width=&#8221;89%&#8221; max_width_tablet=&#8221;80%&#8221; max_width_phone=&#8221;&#8221; max_width_last_edited=&#8221;on|desktop&#8221; make_fullwidth=&#8221;on&#8221; use_custom_width=&#8221;off&#8221; width_unit=&#8221;on&#8221; global_colors_info=&#8221;{}&#8221;][et_pb_column type=&#8221;4_4&#8243; _builder_version=&#8221;4.16&#8243; custom_padding=&#8221;|||&#8221; global_colors_info=&#8221;{}&#8221; custom_padding__hover=&#8221;|||&#8221;][et_pb_text _builder_version=&#8221;4.18.0&#8243; background_size=&#8221;initial&#8221; background_position=&#8221;top_left&#8221; background_repeat=&#8221;repeat&#8221; use_border_color=&#8221;off&#8221; global_colors_info=&#8221;{}&#8221;]<\/p>\n<div class=\"essai\">\n<p>Descubra ahora el m\u00f3dulo de gesti\u00f3n de expedientes de RRHH de los empleados<br \/><a href=\"https:\/\/www.my-intranet.com\/es\/demostracion\/\"><span class=\"button-box\">Solicitud de demostraci\u00f3n<\/span><\/a><\/p>\n<\/div>\n<p>[\/et_pb_text][\/et_pb_column][\/et_pb_row][\/et_pb_section][et_pb_section fb_built=&#8221;1&#8243; _builder_version=&#8221;4.16&#8243; locked=&#8221;off&#8221; global_colors_info=&#8221;{}&#8221;][et_pb_row _builder_version=&#8221;4.16&#8243; background_size=&#8221;initial&#8221; background_position=&#8221;top_left&#8221; background_repeat=&#8221;repeat&#8221; global_colors_info=&#8221;{}&#8221;][et_pb_column type=&#8221;4_4&#8243; _builder_version=&#8221;4.16&#8243; custom_padding=&#8221;|||&#8221; global_colors_info=&#8221;{}&#8221; custom_padding__hover=&#8221;|||&#8221;][et_pb_text _builder_version=&#8221;4.18.0&#8243; background_size=&#8221;initial&#8221; background_position=&#8221;top_left&#8221; background_repeat=&#8221;repeat&#8221; use_border_color=&#8221;off&#8221; border_color=&#8221;#ffffff&#8221; border_style=&#8221;solid&#8221; global_colors_info=&#8221;{}&#8221;]<\/p>\n<h2>Resumen de caracter\u00edsticas<\/h2>\n<p>Con nuestro m\u00f3dulo de gesti\u00f3n, puede garantizar <strong>un seguimiento completo y sin errores<\/strong> de la informaci\u00f3n de sus empleados. Centralice todo, desde los datos de contacto personales hasta el historial laboral, para obtener una visi\u00f3n de 360\u00b0 en tiempo real:<\/p>\n<ul>\n<li>datos de contacto personales<\/li>\n<li>lista de calificaciones<\/li>\n<li>personas de contacto en caso de emergencia<\/li>\n<li>registro de los puestos de trabajo ocupados en la empresa<\/li>\n<li>fecha de nacimiento<\/li>\n<li>fecha de llegada a la empresa<\/li>\n<li>lista de certificaciones y acreditaciones<\/li>\n<\/ul>\n<p>Adem\u00e1s de estos campos listados por defecto, cada cliente puede a\u00f1adir, a su conveniencia, una cantidad ilimitada de datos seg\u00fan la informaci\u00f3n que desee procesar a nivel de ficha de RRHH para cada empleado en Mi Intranet SGRH. La estructura de datos es din\u00e1mica, lo que le permite tener una gran diversidad en el formato de los datos de entrada. Por ejemplo, puede asociar a cada usuario <a href=\"https:\/\/www.my-intranet.com\/es\/numero-empleado\/\">un n\u00famero de personal de RRHH<\/a>.<\/p>\n<p>[\/et_pb_text][\/et_pb_column][\/et_pb_row][et_pb_row column_structure=&#8221;1_2,1_2&#8243; module_class=&#8221;vertical-align&#8221; _builder_version=&#8221;4.16&#8243; background_size=&#8221;initial&#8221; background_position=&#8221;top_left&#8221; background_repeat=&#8221;repeat&#8221; make_fullwidth=&#8221;off&#8221; use_custom_width=&#8221;off&#8221; width_unit=&#8221;on&#8221; global_colors_info=&#8221;{}&#8221;][et_pb_column type=&#8221;1_2&#8243; _builder_version=&#8221;4.16&#8243; custom_padding=&#8221;|||&#8221; global_colors_info=&#8221;{}&#8221; custom_padding__hover=&#8221;|||&#8221;][et_pb_text _builder_version=&#8221;4.18.0&#8243; background_size=&#8221;initial&#8221; background_position=&#8221;top_left&#8221; background_repeat=&#8221;repeat&#8221; use_border_color=&#8221;off&#8221; border_color=&#8221;#ffffff&#8221; border_style=&#8221;solid&#8221; global_colors_info=&#8221;{}&#8221;]<\/p>\n<p>Toda la ventaja de este m\u00f3dulo de gesti\u00f3n de expedientes de personal, radica en que los datos tambi\u00e9n son accesibles en otros m\u00f3dulos para enriquecer los datos existentes. Para cada campo, se puede configurar el acceso de manera muy espec\u00edfica, en funci\u00f3n del m\u00f3dulo de destino y del nivel de usuario (empleado, gestor y administrador).<\/p>\n<p>Los datos son introducidos en cada perfil de empleado por el administrador o por el propio empleado (seg\u00fan la configuraci\u00f3n seleccionada para cada campo).<\/p>\n<p>[\/et_pb_text][\/et_pb_column][et_pb_column type=&#8221;1_2&#8243; _builder_version=&#8221;4.16&#8243; custom_padding=&#8221;|||&#8221; global_colors_info=&#8221;{}&#8221; custom_padding__hover=&#8221;|||&#8221;][et_pb_text _builder_version=&#8221;4.18.0&#8243; background_size=&#8221;initial&#8221; background_position=&#8221;top_left&#8221; background_repeat=&#8221;repeat&#8221; use_border_color=&#8221;off&#8221; border_color=&#8221;#ffffff&#8221; border_style=&#8221;solid&#8221; global_colors_info=&#8221;{}&#8221;]<span style=\"text-align: center; display: block;\"><a href=\"https:\/\/www.my-intranet.com\/wp-content\/uploads\/2013\/04\/HR-file.png\" rel=\"lightbox[1648]\"><img decoding=\"async\" src=\"https:\/\/www.my-intranet.com\/wp-content\/uploads\/2013\/04\/HR-file.png\" alt=\"Expediente de RRHH\" title=\"Expediente de RRHH\" class=\"alignnone size-full wp-image-265\" width=\"495\" height=\"375\"><\/a><\/span>[\/et_pb_text][\/et_pb_column][\/et_pb_row][et_pb_row column_structure=&#8221;1_2,1_2&#8243; module_class=&#8221;vertical-align&#8221; _builder_version=&#8221;4.16&#8243; background_size=&#8221;initial&#8221; background_position=&#8221;top_left&#8221; background_repeat=&#8221;repeat&#8221; make_fullwidth=&#8221;off&#8221; use_custom_width=&#8221;off&#8221; width_unit=&#8221;on&#8221; global_colors_info=&#8221;{}&#8221;][et_pb_column type=&#8221;1_2&#8243; _builder_version=&#8221;4.16&#8243; custom_padding=&#8221;|||&#8221; global_colors_info=&#8221;{}&#8221; custom_padding__hover=&#8221;|||&#8221;][et_pb_text _builder_version=&#8221;4.18.0&#8243; background_size=&#8221;initial&#8221; background_position=&#8221;top_left&#8221; background_repeat=&#8221;repeat&#8221; use_border_color=&#8221;off&#8221; border_color=&#8221;#ffffff&#8221; border_style=&#8221;solid&#8221; global_colors_info=&#8221;{}&#8221;]<span style=\"text-align: center; display: block;\"><a href=\"https:\/\/www.my-intranet.com\/wp-content\/uploads\/2013\/04\/Personel-file.png\" rel=\"lightbox[1648]\"><img decoding=\"async\" src=\"https:\/\/www.my-intranet.com\/wp-content\/uploads\/2013\/04\/Personel-file.png\" alt=\"Expediente de personal\" title=\"Expediente de personal\" class=\"alignnone size-full wp-image-267\" width=\"547\" height=\"742\"><\/a><\/span>[\/et_pb_text][\/et_pb_column][et_pb_column type=&#8221;1_2&#8243; _builder_version=&#8221;4.16&#8243; custom_padding=&#8221;|||&#8221; global_colors_info=&#8221;{}&#8221; custom_padding__hover=&#8221;|||&#8221;][et_pb_text _builder_version=&#8221;4.18.0&#8243; background_size=&#8221;initial&#8221; background_position=&#8221;top_left&#8221; background_repeat=&#8221;repeat&#8221; use_border_color=&#8221;off&#8221; border_color=&#8221;#ffffff&#8221; border_style=&#8221;solid&#8221; global_colors_info=&#8221;{}&#8221;]<\/p>\n<p>Siempre en relaci\u00f3n con los ajustes de visibilidad, los datos est\u00e1n disponibles en los diferentes m\u00f3dulos. Por ejemplo, en el m\u00f3dulo del directorio interno, el registro del empleado se enriquece con una casilla de RRHH rellenada con los datos introducidos en su perfil.<\/p>\n<p>[\/et_pb_text][\/et_pb_column][\/et_pb_row][\/et_pb_section]<\/p>\n","protected":false},"excerpt":{"rendered":"<p>La herramienta de RRHH perfecta para el seguimiento de los expedientes de sus empleados La gesti\u00f3n administrativa y el seguimiento de los expedientes de los empleados son tareas laboriosas pero imprescindibles. Entre contratos de trabajo, datos de contacto, historiales laborales y autorizaciones, la informaci\u00f3n suele estar dispersa, lo que dificulta su consolidaci\u00f3n. Encontrar un dato [&hellip;]<\/p>\n","protected":false},"author":2,"featured_media":0,"parent":1583,"menu_order":3,"comment_status":"closed","ping_status":"closed","template":"","meta":{"_et_pb_use_builder":"on","_et_pb_old_content":"","_et_gb_content_width":"","footnotes":""},"class_list":["post-1648","page","type-page","status-publish","hentry"],"yoast_head":"<!-- This site is optimized with the Yoast SEO plugin v27.1.1 - https:\/\/yoast.com\/product\/yoast-seo-wordpress\/ -->\n<title>Software de gesti\u00f3n de expedientes de personal - Mi Intranet SGRH<\/title>\n<meta name=\"description\" content=\"Software de gesti\u00f3n de expedientes de personal con seguimiento de los datos de cada empleado\" \/>\n<meta name=\"robots\" content=\"index, follow, max-snippet:-1, max-image-preview:large, max-video-preview:-1\" \/>\n<link rel=\"canonical\" href=\"https:\/\/www.my-intranet.com\/es\/solution-rrhh\/caracteristicas\/expedientes-personal\/\" \/>\n<meta property=\"og:locale\" content=\"es_ES\" \/>\n<meta property=\"og:type\" content=\"article\" \/>\n<meta property=\"og:title\" content=\"Software de gesti\u00f3n de expedientes de personal - Mi Intranet SGRH\" \/>\n<meta property=\"og:description\" content=\"Software de gesti\u00f3n de expedientes de personal con seguimiento de los datos de cada empleado\" \/>\n<meta property=\"og:url\" content=\"https:\/\/www.my-intranet.com\/es\/solution-rrhh\/caracteristicas\/expedientes-personal\/\" \/>\n<meta property=\"og:site_name\" content=\"Mi Intranet SGRH\" \/>\n<meta property=\"article:modified_time\" content=\"2025-08-04T17:52:55+00:00\" \/>\n<meta property=\"og:image\" content=\"https:\/\/www.my-intranet.com\/wp-content\/uploads\/2013\/04\/HR-file.png\" \/>\n<meta name=\"twitter:card\" content=\"summary_large_image\" \/>\n<meta name=\"twitter:label1\" content=\"Tiempo de lectura\" \/>\n\t<meta name=\"twitter:data1\" content=\"3 minutes\" \/>\n<script type=\"application\/ld+json\" class=\"yoast-schema-graph\">{\"@context\":\"https:\/\/schema.org\",\"@graph\":[{\"@type\":\"WebPage\",\"@id\":\"https:\/\/www.my-intranet.com\/es\/solution-rrhh\/caracteristicas\/expedientes-personal\/\",\"url\":\"https:\/\/www.my-intranet.com\/es\/solution-rrhh\/caracteristicas\/expedientes-personal\/\",\"name\":\"Software de gesti\u00f3n de expedientes de personal - Mi Intranet SGRH\",\"isPartOf\":{\"@id\":\"https:\/\/www.my-intranet.com\/es\/#website\"},\"primaryImageOfPage\":{\"@id\":\"https:\/\/www.my-intranet.com\/es\/solution-rrhh\/caracteristicas\/expedientes-personal\/#primaryimage\"},\"image\":{\"@id\":\"https:\/\/www.my-intranet.com\/es\/solution-rrhh\/caracteristicas\/expedientes-personal\/#primaryimage\"},\"thumbnailUrl\":\"https:\/\/www.my-intranet.com\/wp-content\/uploads\/2013\/04\/HR-file.png\",\"datePublished\":\"2022-08-24T06:46:22+00:00\",\"dateModified\":\"2025-08-04T17:52:55+00:00\",\"description\":\"Software de gesti\u00f3n de expedientes de personal con seguimiento de los datos de cada empleado\",\"inLanguage\":\"es-ES\",\"potentialAction\":[{\"@type\":\"ReadAction\",\"target\":[\"https:\/\/www.my-intranet.com\/es\/solution-rrhh\/caracteristicas\/expedientes-personal\/\"]}]},{\"@type\":\"ImageObject\",\"inLanguage\":\"es-ES\",\"@id\":\"https:\/\/www.my-intranet.com\/es\/solution-rrhh\/caracteristicas\/expedientes-personal\/#primaryimage\",\"url\":\"https:\/\/www.my-intranet.com\/wp-content\/uploads\/2013\/04\/HR-file.png\",\"contentUrl\":\"https:\/\/www.my-intranet.com\/wp-content\/uploads\/2013\/04\/HR-file.png\"},{\"@type\":\"WebSite\",\"@id\":\"https:\/\/www.my-intranet.com\/es\/#website\",\"url\":\"https:\/\/www.my-intranet.com\/es\/\",\"name\":\"Mi Intranet SGRH\",\"description\":\"Soluci\u00f3n de intranet: software de gesti\u00f3n de permisos, informes de gastos, directorio de la empresa y archivo de RRHH.\",\"publisher\":{\"@id\":\"https:\/\/www.my-intranet.com\/es\/#organization\"},\"potentialAction\":[{\"@type\":\"SearchAction\",\"target\":{\"@type\":\"EntryPoint\",\"urlTemplate\":\"https:\/\/www.my-intranet.com\/es\/?s={search_term_string}\"},\"query-input\":{\"@type\":\"PropertyValueSpecification\",\"valueRequired\":true,\"valueName\":\"search_term_string\"}}],\"inLanguage\":\"es-ES\"},{\"@type\":\"Organization\",\"@id\":\"https:\/\/www.my-intranet.com\/es\/#organization\",\"name\":\"Mi Intranet SGRH\",\"url\":\"https:\/\/www.my-intranet.com\/es\/\",\"logo\":{\"@type\":\"ImageObject\",\"inLanguage\":\"es-ES\",\"@id\":\"https:\/\/www.my-intranet.com\/es\/#\/schema\/logo\/image\/\",\"url\":\"https:\/\/www.my-intranet.com\/wp-content\/uploads\/2025\/02\/logo-sirh.png\",\"contentUrl\":\"https:\/\/www.my-intranet.com\/wp-content\/uploads\/2025\/02\/logo-sirh.png\",\"width\":300,\"height\":300,\"caption\":\"Mi Intranet SGRH\"},\"image\":{\"@id\":\"https:\/\/www.my-intranet.com\/es\/#\/schema\/logo\/image\/\"},\"sameAs\":[\"https:\/\/fr.linkedin.com\/company\/mon-intranet\"]}]}<\/script>\n<!-- \/ Yoast SEO plugin. -->","yoast_head_json":{"title":"Software de gesti\u00f3n de expedientes de personal - Mi Intranet SGRH","description":"Software de gesti\u00f3n de expedientes de personal con seguimiento de los datos de cada empleado","robots":{"index":"index","follow":"follow","max-snippet":"max-snippet:-1","max-image-preview":"max-image-preview:large","max-video-preview":"max-video-preview:-1"},"canonical":"https:\/\/www.my-intranet.com\/es\/solution-rrhh\/caracteristicas\/expedientes-personal\/","og_locale":"es_ES","og_type":"article","og_title":"Software de gesti\u00f3n de expedientes de personal - Mi Intranet SGRH","og_description":"Software de gesti\u00f3n de expedientes de personal con seguimiento de los datos de cada empleado","og_url":"https:\/\/www.my-intranet.com\/es\/solution-rrhh\/caracteristicas\/expedientes-personal\/","og_site_name":"Mi Intranet SGRH","article_modified_time":"2025-08-04T17:52:55+00:00","og_image":[{"url":"https:\/\/www.my-intranet.com\/wp-content\/uploads\/2013\/04\/HR-file.png","type":"","width":"","height":""}],"twitter_card":"summary_large_image","twitter_misc":{"Tiempo de lectura":"3 minutes"},"schema":{"@context":"https:\/\/schema.org","@graph":[{"@type":"WebPage","@id":"https:\/\/www.my-intranet.com\/es\/solution-rrhh\/caracteristicas\/expedientes-personal\/","url":"https:\/\/www.my-intranet.com\/es\/solution-rrhh\/caracteristicas\/expedientes-personal\/","name":"Software de gesti\u00f3n de expedientes de personal - Mi Intranet SGRH","isPartOf":{"@id":"https:\/\/www.my-intranet.com\/es\/#website"},"primaryImageOfPage":{"@id":"https:\/\/www.my-intranet.com\/es\/solution-rrhh\/caracteristicas\/expedientes-personal\/#primaryimage"},"image":{"@id":"https:\/\/www.my-intranet.com\/es\/solution-rrhh\/caracteristicas\/expedientes-personal\/#primaryimage"},"thumbnailUrl":"https:\/\/www.my-intranet.com\/wp-content\/uploads\/2013\/04\/HR-file.png","datePublished":"2022-08-24T06:46:22+00:00","dateModified":"2025-08-04T17:52:55+00:00","description":"Software de gesti\u00f3n de expedientes de personal con seguimiento de los datos de cada empleado","inLanguage":"es-ES","potentialAction":[{"@type":"ReadAction","target":["https:\/\/www.my-intranet.com\/es\/solution-rrhh\/caracteristicas\/expedientes-personal\/"]}]},{"@type":"ImageObject","inLanguage":"es-ES","@id":"https:\/\/www.my-intranet.com\/es\/solution-rrhh\/caracteristicas\/expedientes-personal\/#primaryimage","url":"https:\/\/www.my-intranet.com\/wp-content\/uploads\/2013\/04\/HR-file.png","contentUrl":"https:\/\/www.my-intranet.com\/wp-content\/uploads\/2013\/04\/HR-file.png"},{"@type":"WebSite","@id":"https:\/\/www.my-intranet.com\/es\/#website","url":"https:\/\/www.my-intranet.com\/es\/","name":"Mi Intranet SGRH","description":"Soluci\u00f3n de intranet: software de gesti\u00f3n de permisos, informes de gastos, directorio de la empresa y archivo de RRHH.","publisher":{"@id":"https:\/\/www.my-intranet.com\/es\/#organization"},"potentialAction":[{"@type":"SearchAction","target":{"@type":"EntryPoint","urlTemplate":"https:\/\/www.my-intranet.com\/es\/?s={search_term_string}"},"query-input":{"@type":"PropertyValueSpecification","valueRequired":true,"valueName":"search_term_string"}}],"inLanguage":"es-ES"},{"@type":"Organization","@id":"https:\/\/www.my-intranet.com\/es\/#organization","name":"Mi Intranet SGRH","url":"https:\/\/www.my-intranet.com\/es\/","logo":{"@type":"ImageObject","inLanguage":"es-ES","@id":"https:\/\/www.my-intranet.com\/es\/#\/schema\/logo\/image\/","url":"https:\/\/www.my-intranet.com\/wp-content\/uploads\/2025\/02\/logo-sirh.png","contentUrl":"https:\/\/www.my-intranet.com\/wp-content\/uploads\/2025\/02\/logo-sirh.png","width":300,"height":300,"caption":"Mi Intranet SGRH"},"image":{"@id":"https:\/\/www.my-intranet.com\/es\/#\/schema\/logo\/image\/"},"sameAs":["https:\/\/fr.linkedin.com\/company\/mon-intranet"]}]}},"_links":{"self":[{"href":"https:\/\/www.my-intranet.com\/es\/wp-json\/wp\/v2\/pages\/1648","targetHints":{"allow":["GET"]}}],"collection":[{"href":"https:\/\/www.my-intranet.com\/es\/wp-json\/wp\/v2\/pages"}],"about":[{"href":"https:\/\/www.my-intranet.com\/es\/wp-json\/wp\/v2\/types\/page"}],"author":[{"embeddable":true,"href":"https:\/\/www.my-intranet.com\/es\/wp-json\/wp\/v2\/users\/2"}],"replies":[{"embeddable":true,"href":"https:\/\/www.my-intranet.com\/es\/wp-json\/wp\/v2\/comments?post=1648"}],"version-history":[{"count":0,"href":"https:\/\/www.my-intranet.com\/es\/wp-json\/wp\/v2\/pages\/1648\/revisions"}],"up":[{"embeddable":true,"href":"https:\/\/www.my-intranet.com\/es\/wp-json\/wp\/v2\/pages\/1583"}],"wp:attachment":[{"href":"https:\/\/www.my-intranet.com\/es\/wp-json\/wp\/v2\/media?parent=1648"}],"curies":[{"name":"wp","href":"https:\/\/api.w.org\/{rel}","templated":true}]}}