{"id":1622,"date":"2022-08-22T18:33:32","date_gmt":"2022-08-22T16:33:32","guid":{"rendered":"https:\/\/www.my-intranet.com\/?page_id=1622"},"modified":"2025-06-11T08:51:04","modified_gmt":"2025-06-11T06:51:04","slug":"suscripcion-sgrh","status":"publish","type":"page","link":"https:\/\/www.my-intranet.com\/es\/solution-rrhh\/suscripcion-sgrh\/","title":{"rendered":"Suscripci\u00f3n"},"content":{"rendered":"<p>[et_pb_section fb_built=&#8221;1&#8243; _builder_version=&#8221;4.16&#8243; locked=&#8221;off&#8221; global_colors_info=&#8221;{}&#8221;][et_pb_row _builder_version=&#8221;4.16&#8243; background_size=&#8221;initial&#8221; background_position=&#8221;top_left&#8221; background_repeat=&#8221;repeat&#8221; global_colors_info=&#8221;{}&#8221;][et_pb_column type=&#8221;4_4&#8243; _builder_version=&#8221;4.16&#8243; custom_padding=&#8221;|||&#8221; global_colors_info=&#8221;{}&#8221; custom_padding__hover=&#8221;|||&#8221;][et_pb_text _builder_version=&#8221;4.27.4&#8243; hover_enabled=&#8221;0&#8243; global_colors_info=&#8221;{}&#8221; sticky_enabled=&#8221;0&#8243;]<\/p>\n<h2>Precios sencillos y transparentes para transformar su gesti\u00f3n de RRHH<\/h2>\n<table class=\"simulator\" style=\"text-align: center; margin: 30px 0px;\" border=\"0\">\n<thead>\n<tr>\n<td>N\u00famero de empleados<\/td>\n<td>Precios<\/td>\n<\/tr>\n<\/thead>\n<tbody>\n<tr>\n<td>Hasta 25 empleados<\/td>\n<td>125 \u20ac al mes<\/td>\n<\/tr>\n<tr>\n<td>100 empleados<\/td>\n<td>3,5 \u20ac al mes por empleado<\/td>\n<\/tr>\n<tr>\n<td>500 empleados<\/td>\n<td>2 \u20ac al mes por empleado<\/td>\n<\/tr>\n<tr>\n<td>M\u00e1s de 500 empleados<\/td>\n<td>Solicite una oferta completa<\/td>\n<\/tr>\n<\/tbody>\n<\/table>\n<p>Para hasta 25 empleados, el precio de la suscripci\u00f3n anual es de 1.500 euros (sin IVA). Para m\u00e1s de 25 empleados, el precio de suscripci\u00f3n se basa en un coste mensual por empleado. Por tanto, cuantos m\u00e1s empleados tengas, menor ser\u00e1 el coste por empleado.<\/p>\n<p>Para recibir una propuesta comercial detallada y permitir que su empresa se beneficie r\u00e1pidamente de todas las ventajas que ofrece Mi Intranet SGRH, rellene el siguiente formulario.<\/p>\n\n<div class=\"wpcf7 no-js\" id=\"wpcf7-f1501-o1\" lang=\"en-US\" dir=\"ltr\" data-wpcf7-id=\"1501\">\n<div class=\"screen-reader-response\"><p role=\"status\" aria-live=\"polite\" aria-atomic=\"true\"><\/p> <ul><\/ul><\/div>\n<form action=\"\/es\/wp-json\/wp\/v2\/pages\/1622#wpcf7-f1501-o1\" method=\"post\" class=\"wpcf7-form init\" aria-label=\"Contact form\" novalidate=\"novalidate\" data-status=\"init\">\n<fieldset class=\"hidden-fields-container\"><input type=\"hidden\" name=\"_wpcf7\" value=\"1501\" \/><input type=\"hidden\" name=\"_wpcf7_version\" value=\"6.1.1\" \/><input type=\"hidden\" name=\"_wpcf7_locale\" value=\"en_US\" \/><input type=\"hidden\" name=\"_wpcf7_unit_tag\" value=\"wpcf7-f1501-o1\" \/><input type=\"hidden\" name=\"_wpcf7_container_post\" value=\"0\" \/><input type=\"hidden\" name=\"_wpcf7_posted_data_hash\" value=\"\" \/>\n<\/fieldset>\n<ul>\n\t<li>\n\t\t<p><label>Su nombre (obligatorio)<\/label><span class=\"wpcf7-form-control-wrap\" data-name=\"your-name\"><input size=\"40\" maxlength=\"400\" class=\"wpcf7-form-control wpcf7-text wpcf7-validates-as-required\" aria-required=\"true\" aria-invalid=\"false\" value=\"\" type=\"text\" name=\"your-name\" \/><\/span>\n\t\t<\/p>\n\t<\/li>\n\t<li>\n\t\t<p><label>Su correo electr\u00f3nico (obligatorio)<\/label><span class=\"wpcf7-form-control-wrap\" data-name=\"your-email\"><input size=\"40\" maxlength=\"400\" class=\"wpcf7-form-control wpcf7-email wpcf7-validates-as-required wpcf7-text wpcf7-validates-as-email\" aria-required=\"true\" aria-invalid=\"false\" value=\"\" type=\"email\" name=\"your-email\" \/><\/span>\n\t\t<\/p>\n\t<\/li>\n\t<li>\n\t\t<p><label>N\u00famero de empleados de su empresa<\/label><span class=\"wpcf7-form-control-wrap\" data-name=\"number\"><input size=\"40\" maxlength=\"400\" class=\"wpcf7-form-control wpcf7-text\" aria-invalid=\"false\" value=\"\" type=\"text\" name=\"number\" \/><\/span>\n\t\t<\/p>\n\t<\/li>\n\t<li>\n\t\t<p><label>Nombre de la empresa<\/label><span class=\"wpcf7-form-control-wrap\" data-name=\"company\"><input size=\"40\" maxlength=\"400\" class=\"wpcf7-form-control wpcf7-text\" aria-invalid=\"false\" value=\"\" type=\"text\" name=\"company\" \/><\/span>\n\t\t<\/p>\n\t<\/li>\n\t<li>\n\t\t<p><label>Su mensaje<\/label><span class=\"wpcf7-form-control-wrap\" data-name=\"your-message\"><textarea cols=\"40\" rows=\"10\" maxlength=\"2000\" class=\"wpcf7-form-control wpcf7-textarea\" aria-invalid=\"false\" name=\"your-message\"><\/textarea><\/span>\n\t\t<\/p>\n\t<\/li>\n<\/ul>\n<p align=\"center\"><input class=\"wpcf7-form-control wpcf7-submit has-spinner button-primary-thematic\" type=\"submit\" value=\"Obtener mi presupuesto!\" \/>\n<\/p><p style=\"display: none !important;\" class=\"akismet-fields-container\" data-prefix=\"_wpcf7_ak_\"><label>&#916;<textarea name=\"_wpcf7_ak_hp_textarea\" cols=\"45\" rows=\"8\" maxlength=\"100\"><\/textarea><\/label><input type=\"hidden\" id=\"ak_js_1\" name=\"_wpcf7_ak_js\" value=\"172\"\/><script>document.getElementById( \"ak_js_1\" ).setAttribute( \"value\", ( new Date() ).getTime() );<\/script><\/p><div class=\"wpcf7-response-output\" aria-hidden=\"true\"><\/div>\n<\/form>\n<\/div>\n\n<p>&nbsp;<\/p>\n<h2 style=\"text-align: center;\">La potencia de todo en uno, sin la complejidad<\/h2>\n<table class=\"simulator\" style=\"height: 360px;\" border=\"0\">\n<thead>\n<tr style=\"height: 72px;\">\n<td style=\"height: 72px; width: 357.717px;\"><\/td>\n<td style=\"height: 72px; width: 267.517px;\">SGRH (SaaS plan)<\/td>\n<\/tr>\n<\/thead>\n<tbody>\n<tr style=\"height: 24px;\">\n<td style=\"height: 24px; width: 357.717px;\">Instalaci\u00f3n de la soluci\u00f3n<\/td>\n<td class=\"ok\" style=\"height: 24px; width: 267.517px;\"><\/td>\n<\/tr>\n<tr style=\"height: 24px;\">\n<td style=\"height: 24px; width: 357.717px;\">Configuraci\u00f3n de la soluci\u00f3n<\/td>\n<td class=\"ok\" style=\"height: 24px; width: 267.517px;\"><\/td>\n<\/tr>\n<tr style=\"height: 24px;\">\n<td style=\"height: 24px; width: 357.717px;\">M\u00f3dulo de software de gesti\u00f3n de vacaciones<\/td>\n<td class=\"ok\" style=\"height: 24px; width: 267.517px;\"><\/td>\n<\/tr>\n<tr style=\"height: 24px;\">\n<td style=\"height: 24px; width: 357.717px;\">M\u00f3dulo de reloj de fichar<\/td>\n<td class=\"ok\" style=\"height: 24px; width: 267.517px;\"><\/td>\n<\/tr>\n<tr style=\"height: 24px;\">\n<td style=\"height: 24px; width: 357.717px;\">M\u00f3dulo de seguimiento del tiempo<\/td>\n<td class=\"ok\" style=\"height: 24px; width: 267.517px;\"><\/td>\n<\/tr>\n<tr style=\"height: 24px;\">\n<td style=\"height: 24px; width: 357.717px;\">M\u00f3dulo de software de directorio interno<\/td>\n<td class=\"ok\" style=\"height: 24px; width: 267.517px;\"><\/td>\n<\/tr>\n<tr style=\"height: 24px;\">\n<td style=\"height: 24px; width: 357.717px;\">M\u00f3dulo de software de informes de gastos<\/td>\n<td class=\"ok\" style=\"height: 24px; width: 267.517px;\"><\/td>\n<\/tr>\n<tr style=\"height: 48px;\">\n<td style=\"height: 48px; width: 357.717px;\">M\u00f3dulo de software de gesti\u00f3n de archivos de RRHH<\/td>\n<td class=\"ok\" style=\"height: 48px; width: 267.517px;\"><\/td>\n<\/tr>\n<tr style=\"height: 24px;\">\n<td style=\"height: 24px; width: 357.717px;\">M\u00f3dulo de gesti\u00f3n de compras<\/td>\n<td class=\"ok\" style=\"height: 24px; width: 267.517px;\"><\/td>\n<\/tr>\n<tr style=\"height: 24px;\">\n<td style=\"height: 24px; width: 357.717px;\">Asistencia t\u00e9cnica ilimitada<\/td>\n<td class=\"ok\" style=\"height: 24px; width: 267.517px;\"><\/td>\n<\/tr>\n<tr style=\"height: 24px;\">\n<td style=\"height: 24px; width: 357.717px;\">Acceso a nuevas versiones de software<\/td>\n<td class=\"ok\" style=\"height: 24px; width: 267.517px;\"><\/td>\n<\/tr>\n<\/tbody>\n<\/table>\n<p>&nbsp;<\/p>\n<h2>Una gama de servicios adaptados a sus necesidades<\/h2>\n<p>Adem\u00e1s de la suscripci\u00f3n, se ofrecen los siguientes servicios :<\/p>\n<ul>\n<li>Instalaci\u00f3n y configuraci\u00f3n<\/li>\n<li>Formaci\u00f3n para administradores<\/li>\n<li>Desarrollo personalizado para a\u00f1adir funciones espec\u00edficas<\/li>\n<\/ul>\n<p>[\/et_pb_text][\/et_pb_column][\/et_pb_row][\/et_pb_section][et_pb_section fb_built=&#8221;1&#8243; module_class=&#8221;full-width&#8221; _builder_version=&#8221;4.16&#8243; background_color=&#8221;#ffffff&#8221; global_module=&#8221;461&#8243; locked=&#8221;off&#8221; global_colors_info=&#8221;{}&#8221;][et_pb_row module_class=&#8221;question-box et_pb_row_fullwidth&#8221; _builder_version=&#8221;4.16&#8243; background_image=&#8221;https:\/\/www.my-intranet.com\/wp-content\/uploads\/2018\/01\/question.jpg&#8221; width=&#8221;89%&#8221; width_tablet=&#8221;80%&#8221; width_phone=&#8221;&#8221; width_last_edited=&#8221;on|desktop&#8221; max_width=&#8221;89%&#8221; max_width_tablet=&#8221;80%&#8221; max_width_phone=&#8221;&#8221; max_width_last_edited=&#8221;on|desktop&#8221; make_fullwidth=&#8221;on&#8221; global_colors_info=&#8221;{}&#8221;][et_pb_column type=&#8221;4_4&#8243; _builder_version=&#8221;4.16&#8243; custom_padding=&#8221;|||&#8221; global_colors_info=&#8221;{}&#8221; custom_padding__hover=&#8221;|||&#8221;][et_pb_text _builder_version=&#8221;4.18.0&#8243; global_colors_info=&#8221;{}&#8221;]<\/p>\n<div class=\"question\">\n<p>\u00bfTiene un proyecto o una pregunta? Nuestro equipo est\u00e1 inmediatamente disponible para usted en +33.1.76.50.66.67!<\/p>\n<\/div>\n<p>[\/et_pb_text][\/et_pb_column][\/et_pb_row][\/et_pb_section][et_pb_section fb_built=&#8221;1&#8243; _builder_version=&#8221;4.16&#8243; locked=&#8221;off&#8221; global_colors_info=&#8221;{}&#8221;][et_pb_row _builder_version=&#8221;4.16&#8243; background_size=&#8221;initial&#8221; background_position=&#8221;top_left&#8221; background_repeat=&#8221;repeat&#8221; global_colors_info=&#8221;{}&#8221;][et_pb_column type=&#8221;4_4&#8243; _builder_version=&#8221;4.16&#8243; custom_padding=&#8221;|||&#8221; global_colors_info=&#8221;{}&#8221; custom_padding__hover=&#8221;|||&#8221;][et_pb_text _builder_version=&#8221;4.27.4&#8243; hover_enabled=&#8221;0&#8243; global_colors_info=&#8221;{}&#8221; sticky_enabled=&#8221;0&#8243;]<\/p>\n<h3 style=\"text-align: center;\"><em>Ahorro a todos los niveles&#8230;<\/em><\/h3>\n<p>Mi Intranet SGRH permite a su empresa ahorrar a varios niveles:<\/p>\n<ul>\n<li>a nivel de los empleados, pues ya no tendr\u00e1n que rellenar y hacer validar numerosos formularios en papel para solicitar vacaciones, viajes y reembolsos de gastos de viaje. Gracias a esta soluci\u00f3n, los empleados tienen acceso en tiempo real a sus solicitudes en curso (vacaciones y gastos) y a su derecho a vacaciones, lo que permite reducir las solicitudes realizadas a los departamentos de contabilidad y recursos humanos.<\/li>\n<li>a nivel de los gestores, ya que sabr\u00e1n de un vistazo qui\u00e9n est\u00e1 y qui\u00e9n no. Esto simplificar\u00e1 la planificaci\u00f3n de ausencias y viajes en relaci\u00f3n con los proyectos.<\/li>\n<li>a nivel de administrador de personal, ya que ya no tendr\u00e1n formularios de vacaciones que comprobar, puesto que todo est\u00e1 centralizado y consolidado en un solo clic en Mi Intranet. Esto limita considerablemente la posibilidad de errores y reduce sustancialmente el tiempo dedicado a realizar el cierre mensual de las n\u00f3minas.<\/li>\n<li>a nivel contable, ya que se beneficiar\u00e1n de un tratamiento m\u00e1s automatizado de los gastos, evitando as\u00ed la posibilidad de que se produzcan errores y se extrav\u00eden documentos.<\/li>\n<li>gracias al directorio centralizado que permite un flujo libre de intercambios dentro de la empresa, ya que con un solo clic, cada empleado puede conocer los datos de contacto y la disponibilidad de otro empleado.<\/li>\n<\/ul>\n<h3 style=\"text-align: center;\"><em>Por fin, una soluci\u00f3n adaptada a todas las necesidades&#8230;<\/em><\/h3>\n<p>En el plan SaaS (Software as a Service), Mi Intranet SGRH es un servicio de software completo que incluye el alojamiento, la instalaci\u00f3n, la configuraci\u00f3n del software y el mantenimiento. Por lo tanto, ya no tiene que preocuparse de la parte t\u00e9cnica, que est\u00e1 totalmente cubierta en la suscripci\u00f3n al servicio.<\/p>\n<p>Mi Intranet SGRH es un motor clave para la productividad de sus empleados. Le permite <a href=\"https:\/\/www.my-intranet.com\/es\/desmaterializacion-procesos\/\">desmaterializar sus procesos internos<\/a>. A partir de ahora, sus empleados podr\u00e1n dedicar su tiempo a las tareas esenciales. La gesti\u00f3n de sus vacaciones y informes de gastos est\u00e1 totalmente automatizada y es \u00f3ptima.<\/p>\n<p>El principal inter\u00e9s de esta soluci\u00f3n radica en que su coste es muy inferior al ahorro conseguido. Gracias al paquete de suscripci\u00f3n, el retorno de la inversi\u00f3n es inmediato, ya que su empresa no invierte en una soluci\u00f3n costosa que tardar\u00eda a\u00f1os en amortizarse. Adem\u00e1s, el coste est\u00e1 realmente adaptado al tama\u00f1o de su empresa, ya que se basa en el n\u00famero de empleados.<\/p>\n<h3 style=\"text-align: center;\"><em>\u00a1<\/em><em>Mi Intranet SGRH, ya es suya!<\/em><\/h3>\n<p>[\/et_pb_text][\/et_pb_column][\/et_pb_row][\/et_pb_section]<\/p>\n","protected":false},"excerpt":{"rendered":"<p>Precios sencillos y transparentes para transformar su gesti\u00f3n de RRHH N\u00famero de empleados Precios Hasta 25 empleados 125 \u20ac al mes 100 empleados 3,5 \u20ac al mes por empleado 500 empleados 2 \u20ac al mes por empleado M\u00e1s de 500 empleados Solicite una oferta completa Para hasta 25 empleados, el precio de la suscripci\u00f3n anual [&hellip;]<\/p>\n","protected":false},"author":2,"featured_media":0,"parent":1590,"menu_order":2,"comment_status":"closed","ping_status":"closed","template":"","meta":{"_et_pb_use_builder":"on","_et_pb_old_content":"","_et_gb_content_width":"","footnotes":""},"class_list":["post-1622","page","type-page","status-publish","hentry"],"yoast_head":"<!-- This site is optimized with the Yoast SEO plugin v27.1.1 - https:\/\/yoast.com\/product\/yoast-seo-wordpress\/ -->\n<title>Tarifas de suscripci\u00f3n - Mi Intranet SGRH<\/title>\n<meta name=\"description\" content=\"M\u00e1s informaci\u00f3n sobre las tarifas de suscripci\u00f3n a My Intranet SGRH.\" \/>\n<meta name=\"robots\" content=\"index, follow, max-snippet:-1, max-image-preview:large, max-video-preview:-1\" \/>\n<link rel=\"canonical\" href=\"https:\/\/www.my-intranet.com\/es\/solution-rrhh\/suscripcion-sgrh\/\" \/>\n<meta property=\"og:locale\" content=\"es_ES\" \/>\n<meta property=\"og:type\" content=\"article\" \/>\n<meta property=\"og:title\" content=\"Tarifas de suscripci\u00f3n - Mi Intranet SGRH\" \/>\n<meta property=\"og:description\" content=\"M\u00e1s informaci\u00f3n sobre las tarifas de suscripci\u00f3n a My Intranet SGRH.\" \/>\n<meta property=\"og:url\" content=\"https:\/\/www.my-intranet.com\/es\/solution-rrhh\/suscripcion-sgrh\/\" \/>\n<meta property=\"og:site_name\" content=\"Mi Intranet SGRH\" \/>\n<meta property=\"article:modified_time\" content=\"2025-06-11T06:51:04+00:00\" \/>\n<meta name=\"twitter:card\" content=\"summary_large_image\" \/>\n<meta name=\"twitter:label1\" content=\"Tiempo de lectura\" \/>\n\t<meta name=\"twitter:data1\" content=\"4 minutes\" \/>\n<script type=\"application\/ld+json\" class=\"yoast-schema-graph\">{\"@context\":\"https:\/\/schema.org\",\"@graph\":[{\"@type\":\"WebPage\",\"@id\":\"https:\/\/www.my-intranet.com\/es\/solution-rrhh\/suscripcion-sgrh\/\",\"url\":\"https:\/\/www.my-intranet.com\/es\/solution-rrhh\/suscripcion-sgrh\/\",\"name\":\"Tarifas de suscripci\u00f3n - Mi Intranet SGRH\",\"isPartOf\":{\"@id\":\"https:\/\/www.my-intranet.com\/es\/#website\"},\"datePublished\":\"2022-08-22T16:33:32+00:00\",\"dateModified\":\"2025-06-11T06:51:04+00:00\",\"description\":\"M\u00e1s informaci\u00f3n sobre las tarifas de suscripci\u00f3n a My Intranet SGRH.\",\"inLanguage\":\"es-ES\",\"potentialAction\":[{\"@type\":\"ReadAction\",\"target\":[\"https:\/\/www.my-intranet.com\/es\/solution-rrhh\/suscripcion-sgrh\/\"]}]},{\"@type\":\"WebSite\",\"@id\":\"https:\/\/www.my-intranet.com\/es\/#website\",\"url\":\"https:\/\/www.my-intranet.com\/es\/\",\"name\":\"Mi Intranet SGRH\",\"description\":\"Soluci\u00f3n de intranet: software de gesti\u00f3n de permisos, informes de gastos, directorio de la empresa y archivo de RRHH.\",\"publisher\":{\"@id\":\"https:\/\/www.my-intranet.com\/es\/#organization\"},\"potentialAction\":[{\"@type\":\"SearchAction\",\"target\":{\"@type\":\"EntryPoint\",\"urlTemplate\":\"https:\/\/www.my-intranet.com\/es\/?s={search_term_string}\"},\"query-input\":{\"@type\":\"PropertyValueSpecification\",\"valueRequired\":true,\"valueName\":\"search_term_string\"}}],\"inLanguage\":\"es-ES\"},{\"@type\":\"Organization\",\"@id\":\"https:\/\/www.my-intranet.com\/es\/#organization\",\"name\":\"Mi Intranet SGRH\",\"url\":\"https:\/\/www.my-intranet.com\/es\/\",\"logo\":{\"@type\":\"ImageObject\",\"inLanguage\":\"es-ES\",\"@id\":\"https:\/\/www.my-intranet.com\/es\/#\/schema\/logo\/image\/\",\"url\":\"https:\/\/www.my-intranet.com\/wp-content\/uploads\/2025\/02\/logo-sirh.png\",\"contentUrl\":\"https:\/\/www.my-intranet.com\/wp-content\/uploads\/2025\/02\/logo-sirh.png\",\"width\":300,\"height\":300,\"caption\":\"Mi Intranet SGRH\"},\"image\":{\"@id\":\"https:\/\/www.my-intranet.com\/es\/#\/schema\/logo\/image\/\"},\"sameAs\":[\"https:\/\/fr.linkedin.com\/company\/mon-intranet\"]}]}<\/script>\n<!-- \/ Yoast SEO plugin. -->","yoast_head_json":{"title":"Tarifas de suscripci\u00f3n - Mi Intranet SGRH","description":"M\u00e1s informaci\u00f3n sobre las tarifas de suscripci\u00f3n a My Intranet SGRH.","robots":{"index":"index","follow":"follow","max-snippet":"max-snippet:-1","max-image-preview":"max-image-preview:large","max-video-preview":"max-video-preview:-1"},"canonical":"https:\/\/www.my-intranet.com\/es\/solution-rrhh\/suscripcion-sgrh\/","og_locale":"es_ES","og_type":"article","og_title":"Tarifas de suscripci\u00f3n - Mi Intranet SGRH","og_description":"M\u00e1s informaci\u00f3n sobre las tarifas de suscripci\u00f3n a My Intranet SGRH.","og_url":"https:\/\/www.my-intranet.com\/es\/solution-rrhh\/suscripcion-sgrh\/","og_site_name":"Mi Intranet SGRH","article_modified_time":"2025-06-11T06:51:04+00:00","twitter_card":"summary_large_image","twitter_misc":{"Tiempo de lectura":"4 minutes"},"schema":{"@context":"https:\/\/schema.org","@graph":[{"@type":"WebPage","@id":"https:\/\/www.my-intranet.com\/es\/solution-rrhh\/suscripcion-sgrh\/","url":"https:\/\/www.my-intranet.com\/es\/solution-rrhh\/suscripcion-sgrh\/","name":"Tarifas de suscripci\u00f3n - Mi Intranet SGRH","isPartOf":{"@id":"https:\/\/www.my-intranet.com\/es\/#website"},"datePublished":"2022-08-22T16:33:32+00:00","dateModified":"2025-06-11T06:51:04+00:00","description":"M\u00e1s informaci\u00f3n sobre las tarifas de suscripci\u00f3n a My Intranet SGRH.","inLanguage":"es-ES","potentialAction":[{"@type":"ReadAction","target":["https:\/\/www.my-intranet.com\/es\/solution-rrhh\/suscripcion-sgrh\/"]}]},{"@type":"WebSite","@id":"https:\/\/www.my-intranet.com\/es\/#website","url":"https:\/\/www.my-intranet.com\/es\/","name":"Mi Intranet SGRH","description":"Soluci\u00f3n de intranet: software de gesti\u00f3n de permisos, informes de gastos, directorio de la empresa y archivo de RRHH.","publisher":{"@id":"https:\/\/www.my-intranet.com\/es\/#organization"},"potentialAction":[{"@type":"SearchAction","target":{"@type":"EntryPoint","urlTemplate":"https:\/\/www.my-intranet.com\/es\/?s={search_term_string}"},"query-input":{"@type":"PropertyValueSpecification","valueRequired":true,"valueName":"search_term_string"}}],"inLanguage":"es-ES"},{"@type":"Organization","@id":"https:\/\/www.my-intranet.com\/es\/#organization","name":"Mi Intranet SGRH","url":"https:\/\/www.my-intranet.com\/es\/","logo":{"@type":"ImageObject","inLanguage":"es-ES","@id":"https:\/\/www.my-intranet.com\/es\/#\/schema\/logo\/image\/","url":"https:\/\/www.my-intranet.com\/wp-content\/uploads\/2025\/02\/logo-sirh.png","contentUrl":"https:\/\/www.my-intranet.com\/wp-content\/uploads\/2025\/02\/logo-sirh.png","width":300,"height":300,"caption":"Mi Intranet SGRH"},"image":{"@id":"https:\/\/www.my-intranet.com\/es\/#\/schema\/logo\/image\/"},"sameAs":["https:\/\/fr.linkedin.com\/company\/mon-intranet"]}]}},"_links":{"self":[{"href":"https:\/\/www.my-intranet.com\/es\/wp-json\/wp\/v2\/pages\/1622","targetHints":{"allow":["GET"]}}],"collection":[{"href":"https:\/\/www.my-intranet.com\/es\/wp-json\/wp\/v2\/pages"}],"about":[{"href":"https:\/\/www.my-intranet.com\/es\/wp-json\/wp\/v2\/types\/page"}],"author":[{"embeddable":true,"href":"https:\/\/www.my-intranet.com\/es\/wp-json\/wp\/v2\/users\/2"}],"replies":[{"embeddable":true,"href":"https:\/\/www.my-intranet.com\/es\/wp-json\/wp\/v2\/comments?post=1622"}],"version-history":[{"count":0,"href":"https:\/\/www.my-intranet.com\/es\/wp-json\/wp\/v2\/pages\/1622\/revisions"}],"up":[{"embeddable":true,"href":"https:\/\/www.my-intranet.com\/es\/wp-json\/wp\/v2\/pages\/1590"}],"wp:attachment":[{"href":"https:\/\/www.my-intranet.com\/es\/wp-json\/wp\/v2\/media?parent=1622"}],"curies":[{"name":"wp","href":"https:\/\/api.w.org\/{rel}","templated":true}]}}