{"id":1547,"date":"2022-08-18T08:29:36","date_gmt":"2022-08-18T06:29:36","guid":{"rendered":"https:\/\/www.my-intranet.com\/?page_id=1547"},"modified":"2025-03-21T09:51:27","modified_gmt":"2025-03-21T08:51:27","slug":"listas-dias-festivos","status":"publish","type":"page","link":"https:\/\/www.my-intranet.com\/es\/listas-dias-festivos\/","title":{"rendered":"Listas de d\u00edas festivos"},"content":{"rendered":"\n<p>En <a href=\"https:\/\/www.my-intranet.com\/es\/solution-rrhh\/caracteristicas\/software-gestion-vacaciones\/\">el software de gesti\u00f3n de vacaciones y ausencias<\/a>, Mi Intranet SGRH, es posible definir el calendario de d\u00edas festivos para cada a\u00f1o. Esto permite cumplir con las normas establecidas para cada pa\u00eds. Para ello, el administrador definir\u00e1 los d\u00edas festivos en funci\u00f3n de si la empresa act\u00faa en Estados Unidos, Reino Unido, Francia, Espa\u00f1a o cualquier otro pa\u00eds.<\/p>\n\n\n\n<p>Adem\u00e1s, en ciertas regiones o ciertas empresas (seg\u00fan un acuerdo de sucursal o un acuerdo de empresa), algunos d\u00edas no se trabajan mientras que s\u00ed lo hacen en otros lugares. Gracias a la configuraci\u00f3n flexible de Mi Intranet SGRH, estos d\u00edas pueden definirse individualmente en el software.<\/p>\n\n\n\n<p>Cada lista de d\u00edas festivos puede asociarse a una categor\u00eda de empleados, lo que ofrece una gran flexibilidad en la configuraci\u00f3n.<\/p>\n\n\n\n<h2 class=\"wp-block-heading\">A\u00f1adir vacaciones<\/h2>\n\n\n\n<p>La creaci\u00f3n de los d\u00edas festivos en el calendario es muy sencilla por lotes o individualmente introduciendo los d\u00edas uno a uno. No se tarda m\u00e1s de un minuto en configurar todos los d\u00edas festivos del a\u00f1o.<\/p>\n\n\n\n<p>Mi Intranet SGRH ha sido dise\u00f1ado para simplificar su vida. As\u00ed, si se a\u00f1ade un d\u00eda festivo durante el a\u00f1o cuando ya se han presentado solicitudes de vacaciones que incluyen este d\u00eda, el software lo detecta y actualiza autom\u00e1ticamente la duraci\u00f3n impactada de <a href=\"https:\/\/www.my-intranet.com\/es\/solicitud-ausencia\/\">la solicitud de vacaciones<\/a>.<\/p>\n\n\n\n<h2 class=\"wp-block-heading\">Borrar un d\u00eda festivo<\/h2>\n\n\n\n<p>Por muchas razones, puede ser necesario eliminar un d\u00eda festivo que se haya configurado con antelaci\u00f3n. Esto no es un problema en Mi Intranet SGRH. La operaci\u00f3n es muy sencilla en unos pocos clics. Tambi\u00e9n en este caso, el impacto de las solicitudes de vacaciones ya presentadas se actualiza en tiempo real.<\/p>\n\n\n\n<h2 class=\"wp-block-heading\">Visualizaci\u00f3n de los d\u00edas festivos<\/h2>\n\n\n\n<p>Los d\u00edas festivos son visibles a diferentes niveles en la soluci\u00f3n :<\/p>\n\n\n\n<ul class=\"wp-block-list\">\n<li>en la planificaci\u00f3n global,<\/li>\n\n\n\n<li>en el calendario utilizado por los empleados para presentar las solicitudes,<\/li>\n\n\n\n<li>en el m\u00f3dulo de <a href=\"https:\/\/www.my-intranet.com\/es\/seguimiento-tiempo\/\">seguimiento del tiempo<\/a> en el nivel de planificaci\u00f3n semanal.<\/li>\n<\/ul>\n","protected":false},"excerpt":{"rendered":"<p>En el software de gesti\u00f3n de vacaciones y ausencias, Mi Intranet SGRH, es posible definir el calendario de d\u00edas festivos para cada a\u00f1o. Esto permite cumplir con las normas establecidas para cada pa\u00eds. Para ello, el administrador definir\u00e1 los d\u00edas festivos en funci\u00f3n de si la empresa act\u00faa en Estados Unidos, Reino Unido, Francia, Espa\u00f1a [&hellip;]<\/p>\n","protected":false},"author":2,"featured_media":0,"parent":0,"menu_order":0,"comment_status":"open","ping_status":"open","template":"","meta":{"_et_pb_use_builder":"","_et_pb_old_content":"<!-- wp:paragraph -->\n<p>En <a href=\"https:\/\/www.my-intranet.com\/es\/solution-rrhh\/caracteristicas\/software-gestion-vacaciones\/\">el software de gesti\u00f3n de vacaciones y ausencias<\/a>, Mi Intranet, es posible definir el calendario de d\u00edas festivos para cada a\u00f1o. Esto permite cumplir con las normas establecidas para cada pa\u00eds. Para ello, el administrador definir\u00e1 los d\u00edas festivos en funci\u00f3n de si la empresa act\u00faa en Estados Unidos, Reino Unido, Francia, Espa\u00f1a o cualquier otro pa\u00eds.<\/p>\n<!-- \/wp:paragraph -->\n\n<!-- wp:paragraph -->\n<p>Adem\u00e1s, en ciertas regiones o ciertas empresas (seg\u00fan un acuerdo de sucursal o un acuerdo de empresa), algunos d\u00edas no se trabajan mientras que s\u00ed lo hacen en otros lugares. Gracias a la configuraci\u00f3n flexible de Mi Intranet, estos d\u00edas pueden definirse individualmente en el software.<\/p>\n<!-- \/wp:paragraph -->\n\n<!-- wp:paragraph -->\n<p>Cada lista de d\u00edas festivos puede asociarse a una categor\u00eda de empleados, lo que ofrece una gran flexibilidad en la configuraci\u00f3n.<\/p>\n<!-- \/wp:paragraph -->\n\n<!-- wp:heading -->\n<h2>A\u00f1adir vacaciones<\/h2>\n<!-- \/wp:heading -->\n\n<!-- wp:paragraph -->\n<p>La creaci\u00f3n de los d\u00edas festivos en el calendario es muy sencilla por lotes o individualmente introduciendo los d\u00edas uno a uno. No se tarda m\u00e1s de un minuto en configurar todos los d\u00edas festivos del a\u00f1o.<\/p>\n<!-- \/wp:paragraph -->\n\n<!-- wp:paragraph -->\n<p>Mi Intranet ha sido dise\u00f1ado para simplificar su vida. As\u00ed, si se a\u00f1ade un d\u00eda festivo durante el a\u00f1o cuando ya se han presentado solicitudes de vacaciones que incluyen este d\u00eda, el software lo detecta y actualiza autom\u00e1ticamente la duraci\u00f3n impactada de <a href=\"https:\/\/www.my-intranet.com\/es\/solicitud-ausencia\/\">la solicitud de vacaciones<\/a>.<\/p>\n<!-- \/wp:paragraph -->\n\n<!-- wp:heading -->\n<h2>Borrar un d\u00eda festivo<\/h2>\n<!-- \/wp:heading -->\n\n<!-- wp:paragraph -->\n<p>Por muchas razones, puede ser necesario eliminar un d\u00eda festivo que se haya configurado con antelaci\u00f3n. Esto no es un problema en Mi Intranet. La operaci\u00f3n es muy sencilla en unos pocos clics. Tambi\u00e9n en este caso, el impacto de las solicitudes de vacaciones ya presentadas se actualiza en tiempo real.<\/p>\n<!-- \/wp:paragraph -->\n\n<!-- wp:heading -->\n<h2>Visualizaci\u00f3n de los d\u00edas festivos<\/h2>\n<!-- \/wp:heading -->\n\n<!-- wp:paragraph -->\n<p>Los d\u00edas festivos son visibles a diferentes niveles en la soluci\u00f3n :<\/p>\n<!-- \/wp:paragraph -->\n\n<!-- wp:list -->\n<ul><li>en la planificaci\u00f3n global,<\/li><li>en el calendario utilizado por los empleados para presentar las solicitudes,<\/li><li>en el m\u00f3dulo de seguimiento del tiempo en el nivel de planificaci\u00f3n semanal.<\/li><\/ul>\n<!-- \/wp:list -->","_et_gb_content_width":"","footnotes":""},"class_list":["post-1547","page","type-page","status-publish","hentry"],"yoast_head":"<!-- This site is optimized with the Yoast SEO plugin v27.1.1 - https:\/\/yoast.com\/product\/yoast-seo-wordpress\/ -->\n<title>Gesti\u00f3n de los d\u00edas festivos en Mi Intranet SGRH<\/title>\n<meta name=\"description\" content=\"Mi Intranet SGRH permite gestionar varias listas de d\u00edas festivos, facilitando as\u00ed la consideraci\u00f3n de configuraciones con varios pa\u00edses.\" \/>\n<meta name=\"robots\" content=\"index, follow, max-snippet:-1, max-image-preview:large, max-video-preview:-1\" \/>\n<link rel=\"canonical\" href=\"https:\/\/www.my-intranet.com\/es\/listas-dias-festivos\/\" \/>\n<meta property=\"og:locale\" content=\"es_ES\" \/>\n<meta property=\"og:type\" content=\"article\" \/>\n<meta property=\"og:title\" content=\"Gesti\u00f3n de los d\u00edas festivos en Mi Intranet SGRH\" \/>\n<meta property=\"og:description\" content=\"Mi Intranet SGRH permite gestionar varias listas de d\u00edas festivos, facilitando as\u00ed la consideraci\u00f3n de configuraciones con varios pa\u00edses.\" \/>\n<meta property=\"og:url\" content=\"https:\/\/www.my-intranet.com\/es\/listas-dias-festivos\/\" \/>\n<meta property=\"og:site_name\" content=\"Mi Intranet SGRH\" \/>\n<meta property=\"article:modified_time\" content=\"2025-03-21T08:51:27+00:00\" \/>\n<meta name=\"twitter:card\" content=\"summary_large_image\" \/>\n<meta name=\"twitter:label1\" content=\"Tiempo de lectura\" \/>\n\t<meta name=\"twitter:data1\" content=\"2 minutes\" \/>\n<script type=\"application\/ld+json\" class=\"yoast-schema-graph\">{\"@context\":\"https:\/\/schema.org\",\"@graph\":[{\"@type\":\"WebPage\",\"@id\":\"https:\/\/www.my-intranet.com\/es\/listas-dias-festivos\/\",\"url\":\"https:\/\/www.my-intranet.com\/es\/listas-dias-festivos\/\",\"name\":\"Gesti\u00f3n de los d\u00edas festivos en Mi Intranet SGRH\",\"isPartOf\":{\"@id\":\"https:\/\/www.my-intranet.com\/es\/#website\"},\"datePublished\":\"2022-08-18T06:29:36+00:00\",\"dateModified\":\"2025-03-21T08:51:27+00:00\",\"description\":\"Mi Intranet SGRH permite gestionar varias listas de d\u00edas festivos, facilitando as\u00ed la consideraci\u00f3n de configuraciones con varios pa\u00edses.\",\"inLanguage\":\"es-ES\",\"potentialAction\":[{\"@type\":\"ReadAction\",\"target\":[\"https:\/\/www.my-intranet.com\/es\/listas-dias-festivos\/\"]}]},{\"@type\":\"WebSite\",\"@id\":\"https:\/\/www.my-intranet.com\/es\/#website\",\"url\":\"https:\/\/www.my-intranet.com\/es\/\",\"name\":\"Mi Intranet SGRH\",\"description\":\"Soluci\u00f3n de intranet: software de gesti\u00f3n de permisos, informes de gastos, directorio de la empresa y archivo de RRHH.\",\"publisher\":{\"@id\":\"https:\/\/www.my-intranet.com\/es\/#organization\"},\"potentialAction\":[{\"@type\":\"SearchAction\",\"target\":{\"@type\":\"EntryPoint\",\"urlTemplate\":\"https:\/\/www.my-intranet.com\/es\/?s={search_term_string}\"},\"query-input\":{\"@type\":\"PropertyValueSpecification\",\"valueRequired\":true,\"valueName\":\"search_term_string\"}}],\"inLanguage\":\"es-ES\"},{\"@type\":\"Organization\",\"@id\":\"https:\/\/www.my-intranet.com\/es\/#organization\",\"name\":\"Mi Intranet SGRH\",\"url\":\"https:\/\/www.my-intranet.com\/es\/\",\"logo\":{\"@type\":\"ImageObject\",\"inLanguage\":\"es-ES\",\"@id\":\"https:\/\/www.my-intranet.com\/es\/#\/schema\/logo\/image\/\",\"url\":\"https:\/\/www.my-intranet.com\/wp-content\/uploads\/2025\/02\/logo-sirh.png\",\"contentUrl\":\"https:\/\/www.my-intranet.com\/wp-content\/uploads\/2025\/02\/logo-sirh.png\",\"width\":300,\"height\":300,\"caption\":\"Mi Intranet SGRH\"},\"image\":{\"@id\":\"https:\/\/www.my-intranet.com\/es\/#\/schema\/logo\/image\/\"},\"sameAs\":[\"https:\/\/fr.linkedin.com\/company\/mon-intranet\"]}]}<\/script>\n<!-- \/ Yoast SEO plugin. -->","yoast_head_json":{"title":"Gesti\u00f3n de los d\u00edas festivos en Mi Intranet SGRH","description":"Mi Intranet SGRH permite gestionar varias listas de d\u00edas festivos, facilitando as\u00ed la consideraci\u00f3n de configuraciones con varios pa\u00edses.","robots":{"index":"index","follow":"follow","max-snippet":"max-snippet:-1","max-image-preview":"max-image-preview:large","max-video-preview":"max-video-preview:-1"},"canonical":"https:\/\/www.my-intranet.com\/es\/listas-dias-festivos\/","og_locale":"es_ES","og_type":"article","og_title":"Gesti\u00f3n de los d\u00edas festivos en Mi Intranet SGRH","og_description":"Mi Intranet SGRH permite gestionar varias listas de d\u00edas festivos, facilitando as\u00ed la consideraci\u00f3n de configuraciones con varios pa\u00edses.","og_url":"https:\/\/www.my-intranet.com\/es\/listas-dias-festivos\/","og_site_name":"Mi Intranet SGRH","article_modified_time":"2025-03-21T08:51:27+00:00","twitter_card":"summary_large_image","twitter_misc":{"Tiempo de lectura":"2 minutes"},"schema":{"@context":"https:\/\/schema.org","@graph":[{"@type":"WebPage","@id":"https:\/\/www.my-intranet.com\/es\/listas-dias-festivos\/","url":"https:\/\/www.my-intranet.com\/es\/listas-dias-festivos\/","name":"Gesti\u00f3n de los d\u00edas festivos en Mi Intranet SGRH","isPartOf":{"@id":"https:\/\/www.my-intranet.com\/es\/#website"},"datePublished":"2022-08-18T06:29:36+00:00","dateModified":"2025-03-21T08:51:27+00:00","description":"Mi Intranet SGRH permite gestionar varias listas de d\u00edas festivos, facilitando as\u00ed la consideraci\u00f3n de configuraciones con varios pa\u00edses.","inLanguage":"es-ES","potentialAction":[{"@type":"ReadAction","target":["https:\/\/www.my-intranet.com\/es\/listas-dias-festivos\/"]}]},{"@type":"WebSite","@id":"https:\/\/www.my-intranet.com\/es\/#website","url":"https:\/\/www.my-intranet.com\/es\/","name":"Mi Intranet SGRH","description":"Soluci\u00f3n de intranet: software de gesti\u00f3n de permisos, informes de gastos, directorio de la empresa y archivo de RRHH.","publisher":{"@id":"https:\/\/www.my-intranet.com\/es\/#organization"},"potentialAction":[{"@type":"SearchAction","target":{"@type":"EntryPoint","urlTemplate":"https:\/\/www.my-intranet.com\/es\/?s={search_term_string}"},"query-input":{"@type":"PropertyValueSpecification","valueRequired":true,"valueName":"search_term_string"}}],"inLanguage":"es-ES"},{"@type":"Organization","@id":"https:\/\/www.my-intranet.com\/es\/#organization","name":"Mi Intranet SGRH","url":"https:\/\/www.my-intranet.com\/es\/","logo":{"@type":"ImageObject","inLanguage":"es-ES","@id":"https:\/\/www.my-intranet.com\/es\/#\/schema\/logo\/image\/","url":"https:\/\/www.my-intranet.com\/wp-content\/uploads\/2025\/02\/logo-sirh.png","contentUrl":"https:\/\/www.my-intranet.com\/wp-content\/uploads\/2025\/02\/logo-sirh.png","width":300,"height":300,"caption":"Mi Intranet SGRH"},"image":{"@id":"https:\/\/www.my-intranet.com\/es\/#\/schema\/logo\/image\/"},"sameAs":["https:\/\/fr.linkedin.com\/company\/mon-intranet"]}]}},"_links":{"self":[{"href":"https:\/\/www.my-intranet.com\/es\/wp-json\/wp\/v2\/pages\/1547","targetHints":{"allow":["GET"]}}],"collection":[{"href":"https:\/\/www.my-intranet.com\/es\/wp-json\/wp\/v2\/pages"}],"about":[{"href":"https:\/\/www.my-intranet.com\/es\/wp-json\/wp\/v2\/types\/page"}],"author":[{"embeddable":true,"href":"https:\/\/www.my-intranet.com\/es\/wp-json\/wp\/v2\/users\/2"}],"replies":[{"embeddable":true,"href":"https:\/\/www.my-intranet.com\/es\/wp-json\/wp\/v2\/comments?post=1547"}],"version-history":[{"count":0,"href":"https:\/\/www.my-intranet.com\/es\/wp-json\/wp\/v2\/pages\/1547\/revisions"}],"wp:attachment":[{"href":"https:\/\/www.my-intranet.com\/es\/wp-json\/wp\/v2\/media?parent=1547"}],"curies":[{"name":"wp","href":"https:\/\/api.w.org\/{rel}","templated":true}]}}