{"id":1546,"date":"2022-08-18T08:16:53","date_gmt":"2022-08-18T06:16:53","guid":{"rendered":"https:\/\/www.my-intranet.com\/?page_id=1546"},"modified":"2025-04-03T15:25:36","modified_gmt":"2025-04-03T13:25:36","slug":"dias-trabajados-dias-laborables","status":"publish","type":"page","link":"https:\/\/www.my-intranet.com\/es\/dias-trabajados-dias-laborables\/","title":{"rendered":"D\u00edas trabajados frente a d\u00edas laborables"},"content":{"rendered":"<p>Mi Intranet SGRH, con <a href=\"https:\/\/www.my-intranet.com\/es\/solution-rrhh\/caracteristicas\/software-gestion-vacaciones\/\">un m\u00f3dulo de software para gestionar las vacaciones y las ausencias<\/a>, ofrece la posibilidad de gestionar las ausencias como d\u00edas laborables, d\u00edas trabajados, d\u00edas naturales y horas.<\/p>\n<h2>Gestionar las ausencias como d\u00edas trabajados<\/h2>\n<p>Por regla general, cuando se trata de vacaciones como d\u00edas trabajados, el trabajador se beneficia de una cuota de 25 d\u00edas de permiso retribuido al a\u00f1o (5 semanas de 5 d\u00edas trabajados). Una semana se contabiliza entonces como un periodo de 5 d\u00edas trabajados, de lunes a viernes.<\/p>\n<h2>Gestionar los permisos como d\u00edas laborables<\/h2>\n<p>Cuando se trata de vacaciones como d\u00edas laborables, el trabajador se beneficia de una cuota de 30 d\u00edas de vacaciones retribuido al a\u00f1o (5 semanas de 6 d\u00edas trabajados). Una semana se contabiliza entonces de lunes a s\u00e1bado, lo que supone 6 d\u00edas laborables. Cuando el empleado quiere una semana libre, la solicitud se presenta de lunes a s\u00e1bado, es decir, 6 d\u00edas laborables que se contabilizan en su saldo devengado.<\/p>\n<p>Para simplificar: <a href=\"https:\/\/www.my-intranet.com\/es\/vacaciones-pagadas-5-o-6-dias\/\">una semana equivale a 5 d\u00edas laborables o 6 d\u00edas laborables<\/a>.<\/p>\n<h2>Gestionar las vacaciones como d\u00edas naturales<\/h2>\n<p>Al contar con d\u00edas naturales, todos los d\u00edas tendr\u00e1n repercusi\u00f3n. As\u00ed, para una semana de vacaciones de lunes a domingo, se contar\u00e1n 7 d\u00edas.<\/p>\n<h2>Gestionar las vacaciones como horas<\/h2>\n<p>Los empleados disponen de un cupo de horas anuales para sus vacaciones, que utilizar\u00e1n bien de forma libre o bien en funci\u00f3n de una incidencia horaria diaria predefinida. As\u00ed, en lugar de contar los d\u00edas de vacaciones, contaremos las horas.<\/p>\n<h2>Tiempo parcial: \u00bfcu\u00e1l es el impacto en el recuento?<\/h2>\n<p>Hay dos formas de gestionar la baja de un empleado a tiempo parcial :<\/p>\n<ul>\n<li>O bien prorrateando la cuota de d\u00edas adquirida, lo que significa, por ejemplo, que si trabajamos en d\u00edas laborables, el empleado que trabaje el 80% del tiempo se beneficiar\u00e1 de 20 d\u00edas en lugar de 25. En consecuencia, cuando se tome un tiempo libre, el d\u00eda de ausencia a tiempo parcial no tendr\u00e1 ninguna repercusi\u00f3n.<\/li>\n<li>o sin prorratear la cuota de d\u00edas, lo que significa que el empleado a tiempo parcial tiene los mismos derechos que un empleado a tiempo completo. En este caso, cuando coge alg\u00fan permiso, todos los d\u00edas de su semana laboral se cuentan en el m\u00e9todo de c\u00e1lculo, incluidos aquellos en los que se ausenta a tiempo parcial.<\/li>\n<\/ul>\n\n\n<h2 class=\"wp-block-heading\">Gesti\u00f3n flexible de los d\u00edas trabajados<\/h2>\n\n\n\n<p>En algunas empresas, el horario de trabajo semanal no es el mismo de una semana a otra. Este es el caso, sobre todo, de las tiendas en las que un empleado puede tener un d\u00eda de descanso flotante durante la semana. Muy a menudo, los softwares de RRHH no tienen la flexibilidad necesaria para acomodar esta forma de trabajo. Afortunadamente, en Mi Intranet SGRH, tiene la posibilidad de gestionar esto de forma muy sencilla cambiando el d\u00eda de descanso semanal de una semana a otra para cada empleado.<\/p>\n\n\n\n<h2 class=\"wp-block-heading\">D\u00edas trabajados frente a d\u00edas laborables : \u00bfcu\u00e1l es m\u00e1s f\u00e1cil de manejar?<\/h2>\n\n\n\n<p>El uso de los d\u00edas laborables corresponde a un uso bastante antiguo en el C\u00f3digo Laboral. Todav\u00eda se utiliza mucho en las empresas, sobre todo cuando se han establecido hace mucho tiempo. Si su convenio colectivo o incluso un acuerdo de empresa le da la oportunidad de elegir entre la gesti\u00f3n en d\u00edas trabajados o en d\u00edas laborables, se recomienda encarecidamente que utilice los d\u00edas trabajados, que es mucho m\u00e1s sencillo de seguir a la hora de calcular las vacaciones tanto para los empleados como para el departamento de RRHH.<\/p>\n\n\n\n<h2 class=\"wp-block-heading\">El impacto de los d\u00edas festivos<\/h2>\n\n\n\n<p>Puede ocurrir que un empleado disfrute de unas vacaciones que incluyan <a href=\"https:\/\/www.my-intranet.com\/es\/listas-dias-festivos\/\">un d\u00eda festivo<\/a>. Si el d\u00eda festivo es un d\u00eda que no se trabaja normalmente en la empresa, ese d\u00eda no se contar\u00e1 al calcular los d\u00edas libres del empleado. Por ejemplo, si funcionamos por d\u00edas laborables y un empleado tiene una semana completa con un s\u00e1bado que cae en un d\u00eda festivo, s\u00f3lo se contar\u00e1n 5 d\u00edas en lugar de los 6 habituales.<\/p>\n","protected":false},"excerpt":{"rendered":"<p>Mi Intranet SGRH, con un m\u00f3dulo de software para gestionar las vacaciones y las ausencias, ofrece la posibilidad de gestionar las ausencias como d\u00edas laborables, d\u00edas trabajados, d\u00edas naturales y horas. Gestionar las ausencias como d\u00edas trabajados Por regla general, cuando se trata de vacaciones como d\u00edas trabajados, el trabajador se beneficia de una cuota [&hellip;]<\/p>\n","protected":false},"author":2,"featured_media":0,"parent":0,"menu_order":0,"comment_status":"closed","ping_status":"closed","template":"","meta":{"_et_pb_use_builder":"","_et_pb_old_content":"","_et_gb_content_width":"","footnotes":""},"class_list":["post-1546","page","type-page","status-publish","hentry"],"yoast_head":"<!-- This site is optimized with the Yoast SEO plugin v27.1.1 - https:\/\/yoast.com\/product\/yoast-seo-wordpress\/ -->\n<title>Gesti\u00f3n de las ausencias como d\u00edas trabajados, d\u00edas laborables<\/title>\n<meta name=\"description\" content=\"Explicaci\u00f3n sobre las m\u00faltiples formas de gestionar los permisos (d\u00edas trabajados, d\u00edas laborables, d\u00edas naturales y horas)\" \/>\n<meta name=\"robots\" content=\"index, follow, max-snippet:-1, max-image-preview:large, max-video-preview:-1\" \/>\n<link rel=\"canonical\" href=\"https:\/\/www.my-intranet.com\/es\/dias-trabajados-dias-laborables\/\" \/>\n<meta property=\"og:locale\" content=\"es_ES\" \/>\n<meta property=\"og:type\" content=\"article\" \/>\n<meta property=\"og:title\" content=\"Gesti\u00f3n de las ausencias como d\u00edas trabajados, d\u00edas laborables\" \/>\n<meta property=\"og:description\" content=\"Explicaci\u00f3n sobre las m\u00faltiples formas de gestionar los permisos (d\u00edas trabajados, d\u00edas laborables, d\u00edas naturales y horas)\" \/>\n<meta property=\"og:url\" content=\"https:\/\/www.my-intranet.com\/es\/dias-trabajados-dias-laborables\/\" \/>\n<meta property=\"og:site_name\" content=\"Mi Intranet SGRH\" \/>\n<meta property=\"article:modified_time\" content=\"2025-04-03T13:25:36+00:00\" \/>\n<meta name=\"twitter:card\" content=\"summary_large_image\" \/>\n<meta name=\"twitter:label1\" content=\"Tiempo de lectura\" \/>\n\t<meta name=\"twitter:data1\" content=\"4 minutes\" \/>\n<script type=\"application\/ld+json\" class=\"yoast-schema-graph\">{\"@context\":\"https:\/\/schema.org\",\"@graph\":[{\"@type\":\"WebPage\",\"@id\":\"https:\/\/www.my-intranet.com\/es\/dias-trabajados-dias-laborables\/\",\"url\":\"https:\/\/www.my-intranet.com\/es\/dias-trabajados-dias-laborables\/\",\"name\":\"Gesti\u00f3n de las ausencias como d\u00edas trabajados, d\u00edas laborables\",\"isPartOf\":{\"@id\":\"https:\/\/www.my-intranet.com\/es\/#website\"},\"datePublished\":\"2022-08-18T06:16:53+00:00\",\"dateModified\":\"2025-04-03T13:25:36+00:00\",\"description\":\"Explicaci\u00f3n sobre las m\u00faltiples formas de gestionar los permisos (d\u00edas trabajados, d\u00edas laborables, d\u00edas naturales y horas)\",\"inLanguage\":\"es-ES\",\"potentialAction\":[{\"@type\":\"ReadAction\",\"target\":[\"https:\/\/www.my-intranet.com\/es\/dias-trabajados-dias-laborables\/\"]}]},{\"@type\":\"WebSite\",\"@id\":\"https:\/\/www.my-intranet.com\/es\/#website\",\"url\":\"https:\/\/www.my-intranet.com\/es\/\",\"name\":\"Mi Intranet SGRH\",\"description\":\"Soluci\u00f3n de intranet: software de gesti\u00f3n de permisos, informes de gastos, directorio de la empresa y archivo de RRHH.\",\"publisher\":{\"@id\":\"https:\/\/www.my-intranet.com\/es\/#organization\"},\"potentialAction\":[{\"@type\":\"SearchAction\",\"target\":{\"@type\":\"EntryPoint\",\"urlTemplate\":\"https:\/\/www.my-intranet.com\/es\/?s={search_term_string}\"},\"query-input\":{\"@type\":\"PropertyValueSpecification\",\"valueRequired\":true,\"valueName\":\"search_term_string\"}}],\"inLanguage\":\"es-ES\"},{\"@type\":\"Organization\",\"@id\":\"https:\/\/www.my-intranet.com\/es\/#organization\",\"name\":\"Mi Intranet SGRH\",\"url\":\"https:\/\/www.my-intranet.com\/es\/\",\"logo\":{\"@type\":\"ImageObject\",\"inLanguage\":\"es-ES\",\"@id\":\"https:\/\/www.my-intranet.com\/es\/#\/schema\/logo\/image\/\",\"url\":\"https:\/\/www.my-intranet.com\/wp-content\/uploads\/2025\/02\/logo-sirh.png\",\"contentUrl\":\"https:\/\/www.my-intranet.com\/wp-content\/uploads\/2025\/02\/logo-sirh.png\",\"width\":300,\"height\":300,\"caption\":\"Mi Intranet SGRH\"},\"image\":{\"@id\":\"https:\/\/www.my-intranet.com\/es\/#\/schema\/logo\/image\/\"},\"sameAs\":[\"https:\/\/fr.linkedin.com\/company\/mon-intranet\"]}]}<\/script>\n<!-- \/ Yoast SEO plugin. -->","yoast_head_json":{"title":"Gesti\u00f3n de las ausencias como d\u00edas trabajados, d\u00edas laborables","description":"Explicaci\u00f3n sobre las m\u00faltiples formas de gestionar los permisos (d\u00edas trabajados, d\u00edas laborables, d\u00edas naturales y horas)","robots":{"index":"index","follow":"follow","max-snippet":"max-snippet:-1","max-image-preview":"max-image-preview:large","max-video-preview":"max-video-preview:-1"},"canonical":"https:\/\/www.my-intranet.com\/es\/dias-trabajados-dias-laborables\/","og_locale":"es_ES","og_type":"article","og_title":"Gesti\u00f3n de las ausencias como d\u00edas trabajados, d\u00edas laborables","og_description":"Explicaci\u00f3n sobre las m\u00faltiples formas de gestionar los permisos (d\u00edas trabajados, d\u00edas laborables, d\u00edas naturales y horas)","og_url":"https:\/\/www.my-intranet.com\/es\/dias-trabajados-dias-laborables\/","og_site_name":"Mi Intranet SGRH","article_modified_time":"2025-04-03T13:25:36+00:00","twitter_card":"summary_large_image","twitter_misc":{"Tiempo de lectura":"4 minutes"},"schema":{"@context":"https:\/\/schema.org","@graph":[{"@type":"WebPage","@id":"https:\/\/www.my-intranet.com\/es\/dias-trabajados-dias-laborables\/","url":"https:\/\/www.my-intranet.com\/es\/dias-trabajados-dias-laborables\/","name":"Gesti\u00f3n de las ausencias como d\u00edas trabajados, d\u00edas laborables","isPartOf":{"@id":"https:\/\/www.my-intranet.com\/es\/#website"},"datePublished":"2022-08-18T06:16:53+00:00","dateModified":"2025-04-03T13:25:36+00:00","description":"Explicaci\u00f3n sobre las m\u00faltiples formas de gestionar los permisos (d\u00edas trabajados, d\u00edas laborables, d\u00edas naturales y horas)","inLanguage":"es-ES","potentialAction":[{"@type":"ReadAction","target":["https:\/\/www.my-intranet.com\/es\/dias-trabajados-dias-laborables\/"]}]},{"@type":"WebSite","@id":"https:\/\/www.my-intranet.com\/es\/#website","url":"https:\/\/www.my-intranet.com\/es\/","name":"Mi Intranet SGRH","description":"Soluci\u00f3n de intranet: software de gesti\u00f3n de permisos, informes de gastos, directorio de la empresa y archivo de RRHH.","publisher":{"@id":"https:\/\/www.my-intranet.com\/es\/#organization"},"potentialAction":[{"@type":"SearchAction","target":{"@type":"EntryPoint","urlTemplate":"https:\/\/www.my-intranet.com\/es\/?s={search_term_string}"},"query-input":{"@type":"PropertyValueSpecification","valueRequired":true,"valueName":"search_term_string"}}],"inLanguage":"es-ES"},{"@type":"Organization","@id":"https:\/\/www.my-intranet.com\/es\/#organization","name":"Mi Intranet SGRH","url":"https:\/\/www.my-intranet.com\/es\/","logo":{"@type":"ImageObject","inLanguage":"es-ES","@id":"https:\/\/www.my-intranet.com\/es\/#\/schema\/logo\/image\/","url":"https:\/\/www.my-intranet.com\/wp-content\/uploads\/2025\/02\/logo-sirh.png","contentUrl":"https:\/\/www.my-intranet.com\/wp-content\/uploads\/2025\/02\/logo-sirh.png","width":300,"height":300,"caption":"Mi Intranet SGRH"},"image":{"@id":"https:\/\/www.my-intranet.com\/es\/#\/schema\/logo\/image\/"},"sameAs":["https:\/\/fr.linkedin.com\/company\/mon-intranet"]}]}},"_links":{"self":[{"href":"https:\/\/www.my-intranet.com\/es\/wp-json\/wp\/v2\/pages\/1546","targetHints":{"allow":["GET"]}}],"collection":[{"href":"https:\/\/www.my-intranet.com\/es\/wp-json\/wp\/v2\/pages"}],"about":[{"href":"https:\/\/www.my-intranet.com\/es\/wp-json\/wp\/v2\/types\/page"}],"author":[{"embeddable":true,"href":"https:\/\/www.my-intranet.com\/es\/wp-json\/wp\/v2\/users\/2"}],"replies":[{"embeddable":true,"href":"https:\/\/www.my-intranet.com\/es\/wp-json\/wp\/v2\/comments?post=1546"}],"version-history":[{"count":0,"href":"https:\/\/www.my-intranet.com\/es\/wp-json\/wp\/v2\/pages\/1546\/revisions"}],"wp:attachment":[{"href":"https:\/\/www.my-intranet.com\/es\/wp-json\/wp\/v2\/media?parent=1546"}],"curies":[{"name":"wp","href":"https:\/\/api.w.org\/{rel}","templated":true}]}}