{"id":1536,"date":"2013-04-07T20:58:01","date_gmt":"2013-04-07T18:58:01","guid":{"rendered":"https:\/\/www.my-intranet.com\/contact-2\/"},"modified":"2025-04-24T21:22:43","modified_gmt":"2025-04-24T19:22:43","slug":"contact-es","status":"publish","type":"page","link":"https:\/\/www.my-intranet.com\/es\/contact-es\/","title":{"rendered":"Contacto"},"content":{"rendered":"<p>Si desea recibir m\u00e1s informaci\u00f3n sobre la soluci\u00f3n Mi Intranet SGRH, rellene el siguiente formulario. Nos comprometemos a responderle en breve.<\/p>\n<p>Tambi\u00e9n puede ponerse en contacto con nosotros por tel\u00e9fono todos los d\u00edas en el siguiente n\u00famero : <a href=\"tel:+33176506667\">+33.1.76.50.66.67<\/a>.<\/p>\n\n<div class=\"wpcf7 no-js\" id=\"wpcf7-f1534-o1\" lang=\"en-US\" dir=\"ltr\" data-wpcf7-id=\"1534\">\n<div class=\"screen-reader-response\"><p role=\"status\" aria-live=\"polite\" aria-atomic=\"true\"><\/p> <ul><\/ul><\/div>\n<form action=\"\/es\/wp-json\/wp\/v2\/pages\/1536#wpcf7-f1534-o1\" method=\"post\" class=\"wpcf7-form init\" aria-label=\"Contact form\" novalidate=\"novalidate\" data-status=\"init\">\n<fieldset class=\"hidden-fields-container\"><input type=\"hidden\" name=\"_wpcf7\" value=\"1534\" \/><input type=\"hidden\" name=\"_wpcf7_version\" value=\"6.1.1\" \/><input type=\"hidden\" name=\"_wpcf7_locale\" value=\"en_US\" \/><input type=\"hidden\" name=\"_wpcf7_unit_tag\" value=\"wpcf7-f1534-o1\" \/><input type=\"hidden\" name=\"_wpcf7_container_post\" value=\"0\" \/><input type=\"hidden\" name=\"_wpcf7_posted_data_hash\" value=\"\" \/>\n<\/fieldset>\n<ul>\n\t<li>\n\t\t<p><label>Su nombre<\/label><span class=\"wpcf7-form-control-wrap\" data-name=\"your-name\"><input size=\"40\" maxlength=\"400\" class=\"wpcf7-form-control wpcf7-text wpcf7-validates-as-required\" aria-required=\"true\" aria-invalid=\"false\" value=\"\" type=\"text\" name=\"your-name\" \/><\/span>\n\t\t<\/p>\n\t<\/li>\n\t<li>\n\t\t<p><label>Su correo electr\u00f3nico<\/label><span class=\"wpcf7-form-control-wrap\" data-name=\"your-email\"><input size=\"40\" maxlength=\"400\" class=\"wpcf7-form-control wpcf7-email wpcf7-validates-as-required wpcf7-text wpcf7-validates-as-email\" aria-required=\"true\" aria-invalid=\"false\" value=\"\" type=\"email\" name=\"your-email\" \/><\/span>\n\t\t<\/p>\n\t<\/li>\n\t<li>\n\t\t<p><label>Asunto<\/label><span class=\"wpcf7-form-control-wrap\" data-name=\"your-subject\"><input size=\"40\" maxlength=\"400\" class=\"wpcf7-form-control wpcf7-text wpcf7-validates-as-required\" aria-required=\"true\" aria-invalid=\"false\" value=\"\" type=\"text\" name=\"your-subject\" \/><\/span>\n\t\t<\/p>\n\t<\/li>\n\t<li>\n\t\t<p><label>Su mensaje<\/label><span class=\"wpcf7-form-control-wrap\" data-name=\"your-message\"><textarea cols=\"40\" rows=\"10\" maxlength=\"2000\" class=\"wpcf7-form-control wpcf7-textarea wpcf7-validates-as-required\" aria-required=\"true\" aria-invalid=\"false\" name=\"your-message\"><\/textarea><\/span>\n\t\t<\/p>\n\t<\/li>\n<\/ul>\n<p align=\"center\"><input class=\"wpcf7-form-control wpcf7-submit has-spinner button-primary-thematic\" type=\"submit\" value=\"Enviar\" \/>\n<\/p><p style=\"display: none !important;\" class=\"akismet-fields-container\" data-prefix=\"_wpcf7_ak_\"><label>&#916;<textarea name=\"_wpcf7_ak_hp_textarea\" cols=\"45\" rows=\"8\" maxlength=\"100\"><\/textarea><\/label><input type=\"hidden\" id=\"ak_js_1\" name=\"_wpcf7_ak_js\" value=\"218\"\/><script>document.getElementById( \"ak_js_1\" ).setAttribute( \"value\", ( new Date() ).getTime() );<\/script><\/p><div class=\"wpcf7-response-output\" aria-hidden=\"true\"><\/div>\n<\/form>\n<\/div>\n\n","protected":false},"excerpt":{"rendered":"<p>Si desea recibir m\u00e1s informaci\u00f3n sobre la soluci\u00f3n Mi Intranet SGRH, rellene el siguiente formulario. Nos comprometemos a responderle en breve. Tambi\u00e9n puede ponerse en contacto con nosotros por tel\u00e9fono todos los d\u00edas en el siguiente n\u00famero : +33.1.76.50.66.67.<\/p>\n","protected":false},"author":2,"featured_media":0,"parent":0,"menu_order":3,"comment_status":"closed","ping_status":"closed","template":"","meta":{"_et_pb_use_builder":"","_et_pb_old_content":"","_et_gb_content_width":"","footnotes":""},"class_list":["post-1536","page","type-page","status-publish","hentry"],"yoast_head":"<!-- This site is optimized with the Yoast SEO plugin v27.1.1 - https:\/\/yoast.com\/product\/yoast-seo-wordpress\/ -->\n<title>Solicitud de informaci\u00f3n - Mi Intranet SGRH<\/title>\n<meta name=\"description\" content=\"Formulario para solicitar informaci\u00f3n sobre Mi Intranet SGRH.\" \/>\n<meta name=\"robots\" content=\"index, follow, max-snippet:-1, max-image-preview:large, max-video-preview:-1\" \/>\n<link rel=\"canonical\" href=\"https:\/\/www.my-intranet.com\/es\/contact-es\/\" \/>\n<meta property=\"og:locale\" content=\"es_ES\" \/>\n<meta property=\"og:type\" content=\"article\" \/>\n<meta property=\"og:title\" content=\"Solicitud de informaci\u00f3n - Mi Intranet SGRH\" \/>\n<meta property=\"og:description\" content=\"Formulario para solicitar informaci\u00f3n sobre Mi Intranet SGRH.\" \/>\n<meta property=\"og:url\" content=\"https:\/\/www.my-intranet.com\/es\/contact-es\/\" \/>\n<meta property=\"og:site_name\" content=\"Mi Intranet SGRH\" \/>\n<meta property=\"article:modified_time\" content=\"2025-04-24T19:22:43+00:00\" \/>\n<meta name=\"twitter:card\" content=\"summary_large_image\" \/>\n<meta name=\"twitter:label1\" content=\"Tiempo de lectura\" \/>\n\t<meta name=\"twitter:data1\" content=\"1 minute\" \/>\n<script type=\"application\/ld+json\" class=\"yoast-schema-graph\">{\"@context\":\"https:\/\/schema.org\",\"@graph\":[{\"@type\":\"WebPage\",\"@id\":\"https:\/\/www.my-intranet.com\/es\/contact-es\/\",\"url\":\"https:\/\/www.my-intranet.com\/es\/contact-es\/\",\"name\":\"Solicitud de informaci\u00f3n - Mi Intranet SGRH\",\"isPartOf\":{\"@id\":\"https:\/\/www.my-intranet.com\/es\/#website\"},\"datePublished\":\"2013-04-07T18:58:01+00:00\",\"dateModified\":\"2025-04-24T19:22:43+00:00\",\"description\":\"Formulario para solicitar informaci\u00f3n sobre Mi Intranet SGRH.\",\"inLanguage\":\"es-ES\",\"potentialAction\":[{\"@type\":\"ReadAction\",\"target\":[\"https:\/\/www.my-intranet.com\/es\/contact-es\/\"]}]},{\"@type\":\"WebSite\",\"@id\":\"https:\/\/www.my-intranet.com\/es\/#website\",\"url\":\"https:\/\/www.my-intranet.com\/es\/\",\"name\":\"Mi Intranet SGRH\",\"description\":\"Soluci\u00f3n de intranet: software de gesti\u00f3n de permisos, informes de gastos, directorio de la empresa y archivo de RRHH.\",\"publisher\":{\"@id\":\"https:\/\/www.my-intranet.com\/es\/#organization\"},\"potentialAction\":[{\"@type\":\"SearchAction\",\"target\":{\"@type\":\"EntryPoint\",\"urlTemplate\":\"https:\/\/www.my-intranet.com\/es\/?s={search_term_string}\"},\"query-input\":{\"@type\":\"PropertyValueSpecification\",\"valueRequired\":true,\"valueName\":\"search_term_string\"}}],\"inLanguage\":\"es-ES\"},{\"@type\":\"Organization\",\"@id\":\"https:\/\/www.my-intranet.com\/es\/#organization\",\"name\":\"Mi Intranet SGRH\",\"url\":\"https:\/\/www.my-intranet.com\/es\/\",\"logo\":{\"@type\":\"ImageObject\",\"inLanguage\":\"es-ES\",\"@id\":\"https:\/\/www.my-intranet.com\/es\/#\/schema\/logo\/image\/\",\"url\":\"https:\/\/www.my-intranet.com\/wp-content\/uploads\/2025\/02\/logo-sirh.png\",\"contentUrl\":\"https:\/\/www.my-intranet.com\/wp-content\/uploads\/2025\/02\/logo-sirh.png\",\"width\":300,\"height\":300,\"caption\":\"Mi Intranet SGRH\"},\"image\":{\"@id\":\"https:\/\/www.my-intranet.com\/es\/#\/schema\/logo\/image\/\"},\"sameAs\":[\"https:\/\/fr.linkedin.com\/company\/mon-intranet\"]}]}<\/script>\n<!-- \/ Yoast SEO plugin. -->","yoast_head_json":{"title":"Solicitud de informaci\u00f3n - Mi Intranet SGRH","description":"Formulario para solicitar informaci\u00f3n sobre Mi Intranet SGRH.","robots":{"index":"index","follow":"follow","max-snippet":"max-snippet:-1","max-image-preview":"max-image-preview:large","max-video-preview":"max-video-preview:-1"},"canonical":"https:\/\/www.my-intranet.com\/es\/contact-es\/","og_locale":"es_ES","og_type":"article","og_title":"Solicitud de informaci\u00f3n - Mi Intranet SGRH","og_description":"Formulario para solicitar informaci\u00f3n sobre Mi Intranet SGRH.","og_url":"https:\/\/www.my-intranet.com\/es\/contact-es\/","og_site_name":"Mi Intranet SGRH","article_modified_time":"2025-04-24T19:22:43+00:00","twitter_card":"summary_large_image","twitter_misc":{"Tiempo de lectura":"1 minute"},"schema":{"@context":"https:\/\/schema.org","@graph":[{"@type":"WebPage","@id":"https:\/\/www.my-intranet.com\/es\/contact-es\/","url":"https:\/\/www.my-intranet.com\/es\/contact-es\/","name":"Solicitud de informaci\u00f3n - Mi Intranet SGRH","isPartOf":{"@id":"https:\/\/www.my-intranet.com\/es\/#website"},"datePublished":"2013-04-07T18:58:01+00:00","dateModified":"2025-04-24T19:22:43+00:00","description":"Formulario para solicitar informaci\u00f3n sobre Mi Intranet SGRH.","inLanguage":"es-ES","potentialAction":[{"@type":"ReadAction","target":["https:\/\/www.my-intranet.com\/es\/contact-es\/"]}]},{"@type":"WebSite","@id":"https:\/\/www.my-intranet.com\/es\/#website","url":"https:\/\/www.my-intranet.com\/es\/","name":"Mi Intranet SGRH","description":"Soluci\u00f3n de intranet: software de gesti\u00f3n de permisos, informes de gastos, directorio de la empresa y archivo de RRHH.","publisher":{"@id":"https:\/\/www.my-intranet.com\/es\/#organization"},"potentialAction":[{"@type":"SearchAction","target":{"@type":"EntryPoint","urlTemplate":"https:\/\/www.my-intranet.com\/es\/?s={search_term_string}"},"query-input":{"@type":"PropertyValueSpecification","valueRequired":true,"valueName":"search_term_string"}}],"inLanguage":"es-ES"},{"@type":"Organization","@id":"https:\/\/www.my-intranet.com\/es\/#organization","name":"Mi Intranet SGRH","url":"https:\/\/www.my-intranet.com\/es\/","logo":{"@type":"ImageObject","inLanguage":"es-ES","@id":"https:\/\/www.my-intranet.com\/es\/#\/schema\/logo\/image\/","url":"https:\/\/www.my-intranet.com\/wp-content\/uploads\/2025\/02\/logo-sirh.png","contentUrl":"https:\/\/www.my-intranet.com\/wp-content\/uploads\/2025\/02\/logo-sirh.png","width":300,"height":300,"caption":"Mi Intranet SGRH"},"image":{"@id":"https:\/\/www.my-intranet.com\/es\/#\/schema\/logo\/image\/"},"sameAs":["https:\/\/fr.linkedin.com\/company\/mon-intranet"]}]}},"_links":{"self":[{"href":"https:\/\/www.my-intranet.com\/es\/wp-json\/wp\/v2\/pages\/1536","targetHints":{"allow":["GET"]}}],"collection":[{"href":"https:\/\/www.my-intranet.com\/es\/wp-json\/wp\/v2\/pages"}],"about":[{"href":"https:\/\/www.my-intranet.com\/es\/wp-json\/wp\/v2\/types\/page"}],"author":[{"embeddable":true,"href":"https:\/\/www.my-intranet.com\/es\/wp-json\/wp\/v2\/users\/2"}],"replies":[{"embeddable":true,"href":"https:\/\/www.my-intranet.com\/es\/wp-json\/wp\/v2\/comments?post=1536"}],"version-history":[{"count":0,"href":"https:\/\/www.my-intranet.com\/es\/wp-json\/wp\/v2\/pages\/1536\/revisions"}],"wp:attachment":[{"href":"https:\/\/www.my-intranet.com\/es\/wp-json\/wp\/v2\/media?parent=1536"}],"curies":[{"name":"wp","href":"https:\/\/api.w.org\/{rel}","templated":true}]}}