{"id":1511,"date":"2018-06-29T13:32:05","date_gmt":"2018-06-29T11:32:05","guid":{"rendered":"https:\/\/www.my-intranet.com\/demonstration\/"},"modified":"2025-07-30T11:55:08","modified_gmt":"2025-07-30T09:55:08","slug":"demostracion","status":"publish","type":"page","link":"https:\/\/www.my-intranet.com\/es\/demostracion\/","title":{"rendered":"P\u00e1gina de aterrizaje"},"content":{"rendered":"<p>[et_pb_section fb_built=&#8221;1&#8243; make_equal=&#8221;on&#8221; use_custom_gutter=&#8221;on&#8221; gutter_width=&#8221;1&#8243; specialty=&#8221;on&#8221; background_color_1=&#8221;#FFFFFF&#8221; padding_right_1=&#8221;2.5%&#8221; padding_right_2=&#8221;2.5%&#8221; padding_left_1=&#8221;2.5%&#8221; padding_left_2=&#8221;2.5%&#8221; padding_top_bottom_link_1=&#8221;false&#8221; padding_top_bottom_link_2=&#8221;false&#8221; padding_left_right_link_1=&#8221;false&#8221; padding_left_right_link_2=&#8221;true&#8221; padding_1_tablet=&#8221;|5%||5%|false|true&#8221; padding_2_tablet=&#8221;|5%||5%|false|true&#8221; padding_1_phone=&#8221;|10%||10%|false|true&#8221; padding_2_phone=&#8221;|10%||10%|false|true&#8221; padding_1_last_edited=&#8221;on|desktop&#8221; padding_2_last_edited=&#8221;on|desktop&#8221; _builder_version=&#8221;4.16&#8243; _module_preset=&#8221;default&#8221; background_enable_color=&#8221;off&#8221; background_image=&#8221;https:\/\/www.my-intranet.com\/wp-content\/uploads\/2009\/04\/intranet.jpg&#8221; inner_width=&#8221;100%&#8221; inner_width_tablet=&#8221;100%&#8221; inner_width_phone=&#8221;100%&#8221; inner_width_last_edited=&#8221;on|phone&#8221; inner_max_width=&#8221;100%&#8221; custom_margin=&#8221;0px||0px||false|false&#8221; custom_padding=&#8221;0px||0px||false|false&#8221; background_last_edited=&#8221;on|phone&#8221; background_enable_image_phone=&#8221;off&#8221; locked=&#8221;off&#8221; global_colors_info=&#8221;{}&#8221;][et_pb_column type=&#8221;1_2&#8243; specialty_columns=&#8221;2&#8243; _builder_version=&#8221;4.16&#8243; custom_padding=&#8221;|||&#8221; global_colors_info=&#8221;{}&#8221; custom_padding__hover=&#8221;|||&#8221;][et_pb_row_inner admin_label=&#8221;Ligne&#8221; _builder_version=&#8221;4.16&#8243; custom_css_main_element=&#8221;padding:0px 0px !important;&#8221; locked=&#8221;off&#8221; global_colors_info=&#8221;{}&#8221;][et_pb_column_inner saved_specialty_column_type=&#8221;1_2&#8243; _builder_version=&#8221;4.16&#8243; custom_padding=&#8221;|||&#8221; global_colors_info=&#8221;{}&#8221; custom_padding__hover=&#8221;|||&#8221;][et_pb_text _builder_version=&#8221;4.23.4&#8243; custom_css_main_element=&#8221;padding-bottom:0px;&#8221; global_colors_info=&#8221;{}&#8221;]<\/p>\n<div class=\"landing-page-header\">\n<a href=\"https:\/\/www.my-intranet.com\/en\/\" style=\"display: contents;\"><img decoding=\"async\" style=\"width:auto;float: left; border: none; height: 100%;\" src=\"https:\/\/www.my-intranet.com\/wp-content\/uploads\/2025\/02\/logo-sirh.png\" alt=\"Mi Intranet SGRH\" \/><\/a><\/p>\n<h1 class=\"blog-title-home\" style=\"align-self: center;\"><a href=\"https:\/\/www.my-intranet.com\/es\/\">mi intranet sgrh<\/a><\/h1>\n<div class=\"landing-page-contact-details\">\n<a id=\"et-info-phone\" href=\"tel:+33176506667\">+33.1.76.50.66.67<\/a><br \/>\n<a id=\"et-info-email\" href=\"mailto:contact@my-intranet.com\">contact@my-intranet.com<\/a><\/div>\n<\/div>\n<h2 style=\"margin-top: 50px; max-width: 90%; margin-left: 5%; margin-right: 5%; text-align: center;\">Nuestro compromiso : 15 minutos para ayudarle a descubrir c\u00f3mo ahorrar horas en sus tareas administrativas<\/h2>\n<p>[\/et_pb_text][\/et_pb_column_inner][\/et_pb_row_inner][et_pb_row_inner column_structure=&#8221;1_2,1_2&#8243; make_equal=&#8221;on&#8221; admin_label=&#8221;Ligne&#8221; _builder_version=&#8221;4.16&#8243; global_colors_info=&#8221;{}&#8221;][et_pb_column_inner type=&#8221;1_2&#8243; saved_specialty_column_type=&#8221;1_2&#8243; _builder_version=&#8221;4.16&#8243; custom_padding=&#8221;|||&#8221; global_colors_info=&#8221;{}&#8221; custom_padding__hover=&#8221;|||&#8221;][et_pb_blurb title=&#8221;Gesti\u00f3n de las vacaciones&#8221; image=&#8221;https:\/\/www.my-intranet.com\/wp-content\/uploads\/2023\/10\/conges.jpg&#8221; alt=&#8221;Vacaciones&#8221; _builder_version=&#8221;4.27.4&#8243; hover_enabled=&#8221;0&#8243; global_colors_info=&#8221;{}&#8221; custom_margin=&#8221;20px||||false|false&#8221; sticky_enabled=&#8221;0&#8243;]<\/p>\n<ul class=\"checked_list\">\n<li>Soporte para todos los tipos de vacaciones y ausencias<\/li>\n<li>Flujo de trabajo para la aprobaci\u00f3n<\/li>\n<li>Exportaci\u00f3n a la n\u00f3mina<\/li>\n<\/ul>\n<p>[\/et_pb_blurb][et_pb_blurb title=&#8221;Control de horas&#8221; image=&#8221;https:\/\/www.my-intranet.com\/wp-content\/uploads\/2023\/10\/temps-travail.jpg&#8221; alt=&#8221;Temps de travail&#8221; _builder_version=&#8221;4.27.4&#8243; hover_enabled=&#8221;0&#8243; global_colors_info=&#8221;{}&#8221; sticky_enabled=&#8221;0&#8243; custom_margin=&#8221;20px||||false|false&#8221;]<\/p>\n<ul class=\"checked_list\">\n<li>Reloj virtual<\/li>\n<li>Gestion de las horas extraordinarias<\/li>\n<\/ul>\n<p>[\/et_pb_blurb][et_pb_blurb title=&#8221;Gesti\u00f3n de expedientes de personal&#8221; image=&#8221;https:\/\/www.my-intranet.com\/wp-content\/uploads\/2023\/10\/dossier-employe.jpg&#8221; alt=&#8221;Gesti\u00f3n de expedientes de personal&#8221; _builder_version=&#8221;4.27.4&#8243; hover_enabled=&#8221;0&#8243; global_colors_info=&#8221;{}&#8221; custom_margin=&#8221;20px||||false|false&#8221; sticky_enabled=&#8221;0&#8243;]<\/p>\n<ul class=\"checked_list\">\n<li>Gesti\u00f3n de los datos de los empleados a lo largo de su presencia en la empresa<\/li>\n<li>Capacidad para manejar varios tipos de datos<\/li>\n<\/ul>\n<p>[\/et_pb_blurb][\/et_pb_column_inner][et_pb_column_inner type=&#8221;1_2&#8243; saved_specialty_column_type=&#8221;1_2&#8243; _builder_version=&#8221;4.16&#8243; custom_padding=&#8221;|||&#8221; global_colors_info=&#8221;{}&#8221; custom_padding__hover=&#8221;|||&#8221;][et_pb_blurb title=&#8221;Seguimiento del tiempo&#8221; image=&#8221;https:\/\/www.my-intranet.com\/wp-content\/uploads\/2023\/10\/planning.jpg&#8221; alt=&#8221;Seguimiento del tiempo y actividades&#8221; _builder_version=&#8221;4.27.4&#8243; hover_enabled=&#8221;0&#8243; global_colors_info=&#8221;{}&#8221; custom_margin=&#8221;20px||||false|false&#8221; sticky_enabled=&#8221;0&#8243;]<\/p>\n<ul class=\"checked_list\">\n<li>Seguimiento del tiempo para los proyectos<\/li>\n<li>Flujo de trabajo para la aprobaci\u00f3n<\/li>\n<li>Informe de actividades<\/li>\n<\/ul>\n<p>[\/et_pb_blurb][et_pb_blurb title=&#8221;Organizaci\u00f3n&#8221; image=&#8221;https:\/\/www.my-intranet.com\/wp-content\/uploads\/2023\/10\/organisation.jpg&#8221; alt=&#8221;Organizaci\u00f3n&#8221; _builder_version=&#8221;4.27.4&#8243; hover_enabled=&#8221;0&#8243; global_colors_info=&#8221;{}&#8221; custom_margin=&#8221;20px||||false|false&#8221; sticky_enabled=&#8221;0&#8243;]<\/p>\n<ul class=\"checked_list\">\n<li>Estructura jer\u00e1rquica<\/li>\n<li>Directorio de empresas<\/li>\n<\/ul>\n<p>[\/et_pb_blurb][et_pb_blurb title=&#8221;Gesti\u00f3n de compras&#8221; image=&#8221;https:\/\/www.my-intranet.com\/wp-content\/uploads\/2023\/10\/achats.jpg&#8221; alt=&#8221;Gesti\u00f3n de compras&#8221; _builder_version=&#8221;4.27.4&#8243; hover_enabled=&#8221;0&#8243; global_colors_info=&#8221;{}&#8221; custom_margin=&#8221;20px||||false|false&#8221; sticky_enabled=&#8221;0&#8243;]<\/p>\n<ul class=\"checked_list\">\n<li>Desmaterializaci\u00f3n total del proceso integral de compras<\/li>\n<li>Gesti\u00f3n de la creaci\u00f3n del pedido, env\u00edo al proveedor, recepci\u00f3n y solicitud de pago<\/li>\n<\/ul>\n<p>[\/et_pb_blurb][\/et_pb_column_inner][\/et_pb_row_inner][et_pb_row_inner _builder_version=&#8221;4.27.4&#8243; _module_preset=&#8221;default&#8221;][et_pb_column_inner saved_specialty_column_type=&#8221;1_2&#8243; _builder_version=&#8221;4.27.4&#8243; _module_preset=&#8221;default&#8221;][et_pb_blurb title=&#8221;Gesti\u00f3n de informes de gastos&#8221; image=&#8221;https:\/\/www.my-intranet.com\/wp-content\/uploads\/2023\/10\/depenses.jpg&#8221; alt=&#8221;Gesti\u00f3n de informes de gastos&#8221; _builder_version=&#8221;4.22.1&#8243; global_colors_info=&#8221;{}&#8221;]<\/p>\n<ul class=\"checked_list\">\n<li>Solicitud de viaje y presentaci\u00f3n de informes de gastos<\/li>\n<li>Flujo de trabajo para la aprobaci\u00f3n<\/li>\n<li>Informes<\/li>\n<\/ul>\n<p>[\/et_pb_blurb][\/et_pb_column_inner][\/et_pb_row_inner][et_pb_row_inner _builder_version=&#8221;4.16&#8243; background_size=&#8221;initial&#8221; background_position=&#8221;top_left&#8221; background_repeat=&#8221;repeat&#8221; custom_margin=&#8221;||||false|false&#8221; custom_padding=&#8221;0px||0px||false|false&#8221; locked=&#8221;off&#8221; global_colors_info=&#8221;{}&#8221;][et_pb_column_inner saved_specialty_column_type=&#8221;2_3&#8243; _builder_version=&#8221;4.16&#8243; custom_padding=&#8221;||||false|false&#8221; global_colors_info=&#8221;{}&#8221; custom_padding__hover=&#8221;|||&#8221;][et_pb_text _builder_version=&#8221;4.16&#8243; background_size=&#8221;initial&#8221; background_position=&#8221;top_left&#8221; background_repeat=&#8221;repeat&#8221; custom_margin=&#8221;||||true|false&#8221; custom_padding=&#8221;||||true|false&#8221; use_border_color=&#8221;off&#8221; border_color=&#8221;#ffffff&#8221; border_style=&#8221;solid&#8221; global_colors_info=&#8221;{}&#8221;]<\/p>\n<div class=\"text-align-center clients-text\">Desde 2008, miles de empleados ahorran tiempo cada d\u00eda gracias a las soluciones de software que ofrece Mi Intranet SGRH.<\/div>\n<p>[\/et_pb_text][\/et_pb_column_inner][\/et_pb_row_inner][et_pb_row_inner column_structure=&#8221;1_3,1_3,1_3&#8243; _builder_version=&#8221;4.16&#8243; background_enable_image=&#8221;off&#8221; background_size=&#8221;initial&#8221; background_position=&#8221;top_left&#8221; background_repeat=&#8221;repeat&#8221; locked=&#8221;off&#8221; global_colors_info=&#8221;{}&#8221;][et_pb_column_inner type=&#8221;1_3&#8243; saved_specialty_column_type=&#8221;1_2&#8243; _builder_version=&#8221;4.16&#8243; custom_padding=&#8221;|||&#8221; global_colors_info=&#8221;{}&#8221; custom_padding__hover=&#8221;|||&#8221;][et_pb_number_counter title=&#8221;Clientes&#8221; number=&#8221;1600&#8243; percent_sign=&#8221;off&#8221; _builder_version=&#8221;4.16&#8243; title_font_size=&#8221;20px&#8221; number_font_size=&#8221;50px&#8221; background_size=&#8221;initial&#8221; background_position=&#8221;top_left&#8221; background_repeat=&#8221;repeat&#8221; use_border_color=&#8221;off&#8221; border_color=&#8221;#ffffff&#8221; border_style=&#8221;solid&#8221; global_colors_info=&#8221;{}&#8221;][\/et_pb_number_counter][\/et_pb_column_inner][et_pb_column_inner type=&#8221;1_3&#8243; saved_specialty_column_type=&#8221;1_2&#8243; _builder_version=&#8221;4.16&#8243; custom_padding=&#8221;|||&#8221; global_colors_info=&#8221;{}&#8221; custom_padding__hover=&#8221;|||&#8221;][et_pb_number_counter title=&#8221;Pa\u00edses&#8221; number=&#8221;60&#8243; percent_sign=&#8221;off&#8221; _builder_version=&#8221;4.16&#8243; title_font_size=&#8221;20px&#8221; number_font_size=&#8221;50px&#8221; background_size=&#8221;initial&#8221; background_position=&#8221;top_left&#8221; background_repeat=&#8221;repeat&#8221; use_border_color=&#8221;off&#8221; border_color=&#8221;#ffffff&#8221; border_style=&#8221;solid&#8221; global_colors_info=&#8221;{}&#8221;][\/et_pb_number_counter][\/et_pb_column_inner][et_pb_column_inner type=&#8221;1_3&#8243; saved_specialty_column_type=&#8221;1_2&#8243; _builder_version=&#8221;4.16&#8243; custom_padding=&#8221;|||&#8221; global_colors_info=&#8221;{}&#8221; custom_padding__hover=&#8221;|||&#8221;][et_pb_text _builder_version=&#8221;4.16&#8243; text_font_size=&#8221;20px&#8221; text_orientation=&#8221;center&#8221; custom_css_main_element=&#8221;color: #487190 !important;||text-align:center;&#8221; global_colors_info=&#8221;{}&#8221;]<\/p>\n<div>\n<div style=\"margin-bottom:20px;\">\n<p style=\"font-size:50px;line-height:72px;\">4.8 \/ 5<\/p>\n<\/div>\n<h3 class=\"title\" style=\"color:#487190;font-weight:600;font-size:20px\">Satisfacci\u00f3n de los clientes<\/h3>\n<\/div>\n<p>[\/et_pb_text][\/et_pb_column_inner][\/et_pb_row_inner][\/et_pb_column][et_pb_column type=&#8221;1_2&#8243; _builder_version=&#8221;4.16&#8243; custom_padding=&#8221;|||&#8221; global_colors_info=&#8221;{}&#8221; custom_padding__hover=&#8221;|||&#8221;][et_pb_text _builder_version=&#8221;4.16&#8243; custom_css_main_element=&#8221;background: linear-gradient(135deg, #1e5799 0%,#2989d8 50%,#207cca 51%,#7db9e8 100%);||border-radius:20px;||padding:15px 20px;&#8221; locked=&#8221;off&#8221; global_colors_info=&#8221;{}&#8221;]<\/p>\n<h2 style=\"color: #fff; text-align: center;\">Programe su demostraci\u00f3n en l\u00ednea<\/h2>\n<div style=\"color: #fff; width: 90%; margin: auto;\">Para programar una demostraci\u00f3n con uno de nuestros expertos en SGRH, s\u00f3lo tiene que rellenar este formulario. Nos pondremos en contacto con usted en breve.<\/div>\n\n<div class=\"wpcf7 no-js\" id=\"wpcf7-f1514-o1\" lang=\"fr-FR\" dir=\"ltr\" data-wpcf7-id=\"1514\">\n<div class=\"screen-reader-response\"><p role=\"status\" aria-live=\"polite\" aria-atomic=\"true\"><\/p> <ul><\/ul><\/div>\n<form action=\"\/es\/wp-json\/wp\/v2\/pages\/1511#wpcf7-f1514-o1\" method=\"post\" class=\"wpcf7-form init\" aria-label=\"Formulaire de contact\" novalidate=\"novalidate\" data-status=\"init\">\n<fieldset class=\"hidden-fields-container\"><input type=\"hidden\" name=\"_wpcf7\" value=\"1514\" \/><input type=\"hidden\" name=\"_wpcf7_version\" value=\"6.1.1\" \/><input type=\"hidden\" name=\"_wpcf7_locale\" value=\"fr_FR\" \/><input type=\"hidden\" name=\"_wpcf7_unit_tag\" value=\"wpcf7-f1514-o1\" \/><input type=\"hidden\" name=\"_wpcf7_container_post\" value=\"0\" \/><input type=\"hidden\" name=\"_wpcf7_posted_data_hash\" value=\"\" \/>\n<\/fieldset>\n<p><label>Su nombre <span class=\"mandatory\">(obligatorio)<\/span><\/label><br \/>\n<span class=\"wpcf7-form-control-wrap\" data-name=\"your-name\"><input size=\"40\" maxlength=\"400\" class=\"wpcf7-form-control wpcf7-text wpcf7-validates-as-required\" aria-required=\"true\" aria-invalid=\"false\" placeholder=\"Nombre\" value=\"\" type=\"text\" name=\"your-name\" \/><\/span>\n<\/p>\n<p><label>Su correo electr\u00f3nico <span class=\"mandatory\">(obligatorio)<\/span><\/label><br \/>\n<span class=\"wpcf7-form-control-wrap\" data-name=\"your-email\"><input size=\"40\" maxlength=\"400\" class=\"wpcf7-form-control wpcf7-email wpcf7-validates-as-required wpcf7-text wpcf7-validates-as-email\" aria-required=\"true\" aria-invalid=\"false\" placeholder=\"nombre@empresa.com\" value=\"\" type=\"email\" name=\"your-email\" \/><\/span>\n<\/p>\n<p><label>Su tel\u00e9fono<\/label><br \/>\n<span class=\"wpcf7-form-control-wrap\" data-name=\"your-phone\"><input size=\"40\" maxlength=\"400\" class=\"wpcf7-form-control wpcf7-text\" aria-invalid=\"false\" placeholder=\"1 234 567 891\" value=\"\" type=\"text\" name=\"your-phone\" \/><\/span>\n<\/p>\n<p><label>Su empresa <span class=\"mandatory\">(obligatorio)<\/span><\/label><br \/>\n<span class=\"wpcf7-form-control-wrap\" data-name=\"your-company\"><input size=\"40\" maxlength=\"400\" class=\"wpcf7-form-control wpcf7-text wpcf7-validates-as-required\" aria-required=\"true\" aria-invalid=\"false\" placeholder=\"Company\" value=\"\" type=\"text\" name=\"your-company\" \/><\/span>\n<\/p>\n<p><label>\u00bfPregunta, comentario?<\/label><br \/>\n<span class=\"wpcf7-form-control-wrap\" data-name=\"your-message\"><textarea cols=\"40\" rows=\"5\" maxlength=\"2000\" class=\"wpcf7-form-control wpcf7-textarea\" aria-invalid=\"false\" name=\"your-message\"><\/textarea><\/span>\n<\/p>\n<p><input class=\"wpcf7-form-control wpcf7-submit has-spinner\" type=\"submit\" value=\"Solicite una demostraci\u00f3n\" \/>\n<\/p><p style=\"display: none !important;\" class=\"akismet-fields-container\" data-prefix=\"_wpcf7_ak_\"><label>&#916;<textarea name=\"_wpcf7_ak_hp_textarea\" cols=\"45\" rows=\"8\" maxlength=\"100\"><\/textarea><\/label><input type=\"hidden\" id=\"ak_js_1\" name=\"_wpcf7_ak_js\" value=\"40\"\/><script>document.getElementById( \"ak_js_1\" ).setAttribute( \"value\", ( new Date() ).getTime() );<\/script><\/p><div class=\"wpcf7-response-output\" aria-hidden=\"true\"><\/div>\n<\/form>\n<\/div>\n\n<p>[\/et_pb_text][\/et_pb_column][\/et_pb_section]<\/p>\n","protected":false},"excerpt":{"rendered":"<p>mi intranet sgrh +33.1.76.50.66.67 contact@my-intranet.com Nuestro compromiso : 15 minutos para ayudarle a descubrir c\u00f3mo ahorrar horas en sus tareas administrativas Soporte para todos los tipos de vacaciones y ausencias Flujo de trabajo para la aprobaci\u00f3n Exportaci\u00f3n a la n\u00f3mina Reloj virtual Gestion de las horas extraordinarias Gesti\u00f3n de los datos de los empleados a [&hellip;]<\/p>\n","protected":false},"author":2,"featured_media":0,"parent":0,"menu_order":0,"comment_status":"closed","ping_status":"closed","template":"page-template-blank.php","meta":{"_et_pb_use_builder":"on","_et_pb_old_content":"","_et_gb_content_width":"","footnotes":""},"class_list":["post-1511","page","type-page","status-publish","hentry"],"yoast_head":"<!-- This site is optimized with the Yoast SEO plugin v27.1.1 - https:\/\/yoast.com\/product\/yoast-seo-wordpress\/ -->\n<title>Acceda a la demostraci\u00f3n de Mi Intranet SGRH<\/title>\n<meta name=\"robots\" content=\"noindex, nofollow\" \/>\n<meta property=\"og:locale\" content=\"es_ES\" \/>\n<meta property=\"og:type\" content=\"article\" \/>\n<meta property=\"og:title\" content=\"Acceda a la demostraci\u00f3n de Mi Intranet SGRH\" \/>\n<meta property=\"og:description\" content=\"mi intranet sgrh +33.1.76.50.66.67 contact@my-intranet.com Nuestro compromiso : 15 minutos para ayudarle a descubrir c\u00f3mo ahorrar horas en sus tareas administrativas Soporte para todos los tipos de vacaciones y ausencias Flujo de trabajo para la aprobaci\u00f3n Exportaci\u00f3n a la n\u00f3mina Reloj virtual Gestion de las horas extraordinarias Gesti\u00f3n de los datos de los empleados a [&hellip;]\" \/>\n<meta property=\"og:url\" content=\"https:\/\/www.my-intranet.com\/es\/demostracion\/\" \/>\n<meta property=\"og:site_name\" content=\"Mi Intranet SGRH\" \/>\n<meta property=\"article:modified_time\" content=\"2025-07-30T09:55:08+00:00\" \/>\n<meta property=\"og:image\" content=\"https:\/\/www.my-intranet.com\/wp-content\/uploads\/2025\/02\/logo-sirh.png\" \/>\n<meta name=\"twitter:card\" content=\"summary_large_image\" \/>\n<meta name=\"twitter:label1\" content=\"Tiempo de lectura\" \/>\n\t<meta name=\"twitter:data1\" content=\"3 minutes\" \/>\n<script type=\"application\/ld+json\" class=\"yoast-schema-graph\">{\"@context\":\"https:\/\/schema.org\",\"@graph\":[{\"@type\":\"WebPage\",\"@id\":\"https:\/\/www.my-intranet.com\/es\/demostracion\/\",\"url\":\"https:\/\/www.my-intranet.com\/es\/demostracion\/\",\"name\":\"Acceda a la demostraci\u00f3n de Mi Intranet SGRH\",\"isPartOf\":{\"@id\":\"https:\/\/www.my-intranet.com\/es\/#website\"},\"primaryImageOfPage\":{\"@id\":\"https:\/\/www.my-intranet.com\/es\/demostracion\/#primaryimage\"},\"image\":{\"@id\":\"https:\/\/www.my-intranet.com\/es\/demostracion\/#primaryimage\"},\"thumbnailUrl\":\"https:\/\/www.my-intranet.com\/wp-content\/uploads\/2025\/02\/logo-sirh.png\",\"datePublished\":\"2018-06-29T11:32:05+00:00\",\"dateModified\":\"2025-07-30T09:55:08+00:00\",\"inLanguage\":\"es-ES\",\"potentialAction\":[{\"@type\":\"ReadAction\",\"target\":[\"https:\/\/www.my-intranet.com\/es\/demostracion\/\"]}]},{\"@type\":\"ImageObject\",\"inLanguage\":\"es-ES\",\"@id\":\"https:\/\/www.my-intranet.com\/es\/demostracion\/#primaryimage\",\"url\":\"https:\/\/www.my-intranet.com\/wp-content\/uploads\/2025\/02\/logo-sirh.png\",\"contentUrl\":\"https:\/\/www.my-intranet.com\/wp-content\/uploads\/2025\/02\/logo-sirh.png\"},{\"@type\":\"WebSite\",\"@id\":\"https:\/\/www.my-intranet.com\/es\/#website\",\"url\":\"https:\/\/www.my-intranet.com\/es\/\",\"name\":\"Mi Intranet SGRH\",\"description\":\"Soluci\u00f3n de intranet: software de gesti\u00f3n de permisos, informes de gastos, directorio de la empresa y archivo de RRHH.\",\"publisher\":{\"@id\":\"https:\/\/www.my-intranet.com\/es\/#organization\"},\"potentialAction\":[{\"@type\":\"SearchAction\",\"target\":{\"@type\":\"EntryPoint\",\"urlTemplate\":\"https:\/\/www.my-intranet.com\/es\/?s={search_term_string}\"},\"query-input\":{\"@type\":\"PropertyValueSpecification\",\"valueRequired\":true,\"valueName\":\"search_term_string\"}}],\"inLanguage\":\"es-ES\"},{\"@type\":\"Organization\",\"@id\":\"https:\/\/www.my-intranet.com\/es\/#organization\",\"name\":\"Mi Intranet SGRH\",\"url\":\"https:\/\/www.my-intranet.com\/es\/\",\"logo\":{\"@type\":\"ImageObject\",\"inLanguage\":\"es-ES\",\"@id\":\"https:\/\/www.my-intranet.com\/es\/#\/schema\/logo\/image\/\",\"url\":\"https:\/\/www.my-intranet.com\/wp-content\/uploads\/2025\/02\/logo-sirh.png\",\"contentUrl\":\"https:\/\/www.my-intranet.com\/wp-content\/uploads\/2025\/02\/logo-sirh.png\",\"width\":300,\"height\":300,\"caption\":\"Mi Intranet SGRH\"},\"image\":{\"@id\":\"https:\/\/www.my-intranet.com\/es\/#\/schema\/logo\/image\/\"},\"sameAs\":[\"https:\/\/fr.linkedin.com\/company\/mon-intranet\"]}]}<\/script>\n<!-- \/ Yoast SEO plugin. -->","yoast_head_json":{"title":"Acceda a la demostraci\u00f3n de Mi Intranet SGRH","robots":{"index":"noindex","follow":"nofollow"},"og_locale":"es_ES","og_type":"article","og_title":"Acceda a la demostraci\u00f3n de Mi Intranet SGRH","og_description":"mi intranet sgrh +33.1.76.50.66.67 contact@my-intranet.com Nuestro compromiso : 15 minutos para ayudarle a descubrir c\u00f3mo ahorrar horas en sus tareas administrativas Soporte para todos los tipos de vacaciones y ausencias Flujo de trabajo para la aprobaci\u00f3n Exportaci\u00f3n a la n\u00f3mina Reloj virtual Gestion de las horas extraordinarias Gesti\u00f3n de los datos de los empleados a [&hellip;]","og_url":"https:\/\/www.my-intranet.com\/es\/demostracion\/","og_site_name":"Mi Intranet SGRH","article_modified_time":"2025-07-30T09:55:08+00:00","og_image":[{"url":"https:\/\/www.my-intranet.com\/wp-content\/uploads\/2025\/02\/logo-sirh.png","type":"","width":"","height":""}],"twitter_card":"summary_large_image","twitter_misc":{"Tiempo de lectura":"3 minutes"},"schema":{"@context":"https:\/\/schema.org","@graph":[{"@type":"WebPage","@id":"https:\/\/www.my-intranet.com\/es\/demostracion\/","url":"https:\/\/www.my-intranet.com\/es\/demostracion\/","name":"Acceda a la demostraci\u00f3n de Mi Intranet SGRH","isPartOf":{"@id":"https:\/\/www.my-intranet.com\/es\/#website"},"primaryImageOfPage":{"@id":"https:\/\/www.my-intranet.com\/es\/demostracion\/#primaryimage"},"image":{"@id":"https:\/\/www.my-intranet.com\/es\/demostracion\/#primaryimage"},"thumbnailUrl":"https:\/\/www.my-intranet.com\/wp-content\/uploads\/2025\/02\/logo-sirh.png","datePublished":"2018-06-29T11:32:05+00:00","dateModified":"2025-07-30T09:55:08+00:00","inLanguage":"es-ES","potentialAction":[{"@type":"ReadAction","target":["https:\/\/www.my-intranet.com\/es\/demostracion\/"]}]},{"@type":"ImageObject","inLanguage":"es-ES","@id":"https:\/\/www.my-intranet.com\/es\/demostracion\/#primaryimage","url":"https:\/\/www.my-intranet.com\/wp-content\/uploads\/2025\/02\/logo-sirh.png","contentUrl":"https:\/\/www.my-intranet.com\/wp-content\/uploads\/2025\/02\/logo-sirh.png"},{"@type":"WebSite","@id":"https:\/\/www.my-intranet.com\/es\/#website","url":"https:\/\/www.my-intranet.com\/es\/","name":"Mi Intranet SGRH","description":"Soluci\u00f3n de intranet: software de gesti\u00f3n de permisos, informes de gastos, directorio de la empresa y archivo de RRHH.","publisher":{"@id":"https:\/\/www.my-intranet.com\/es\/#organization"},"potentialAction":[{"@type":"SearchAction","target":{"@type":"EntryPoint","urlTemplate":"https:\/\/www.my-intranet.com\/es\/?s={search_term_string}"},"query-input":{"@type":"PropertyValueSpecification","valueRequired":true,"valueName":"search_term_string"}}],"inLanguage":"es-ES"},{"@type":"Organization","@id":"https:\/\/www.my-intranet.com\/es\/#organization","name":"Mi Intranet SGRH","url":"https:\/\/www.my-intranet.com\/es\/","logo":{"@type":"ImageObject","inLanguage":"es-ES","@id":"https:\/\/www.my-intranet.com\/es\/#\/schema\/logo\/image\/","url":"https:\/\/www.my-intranet.com\/wp-content\/uploads\/2025\/02\/logo-sirh.png","contentUrl":"https:\/\/www.my-intranet.com\/wp-content\/uploads\/2025\/02\/logo-sirh.png","width":300,"height":300,"caption":"Mi Intranet SGRH"},"image":{"@id":"https:\/\/www.my-intranet.com\/es\/#\/schema\/logo\/image\/"},"sameAs":["https:\/\/fr.linkedin.com\/company\/mon-intranet"]}]}},"_links":{"self":[{"href":"https:\/\/www.my-intranet.com\/es\/wp-json\/wp\/v2\/pages\/1511","targetHints":{"allow":["GET"]}}],"collection":[{"href":"https:\/\/www.my-intranet.com\/es\/wp-json\/wp\/v2\/pages"}],"about":[{"href":"https:\/\/www.my-intranet.com\/es\/wp-json\/wp\/v2\/types\/page"}],"author":[{"embeddable":true,"href":"https:\/\/www.my-intranet.com\/es\/wp-json\/wp\/v2\/users\/2"}],"replies":[{"embeddable":true,"href":"https:\/\/www.my-intranet.com\/es\/wp-json\/wp\/v2\/comments?post=1511"}],"version-history":[{"count":0,"href":"https:\/\/www.my-intranet.com\/es\/wp-json\/wp\/v2\/pages\/1511\/revisions"}],"wp:attachment":[{"href":"https:\/\/www.my-intranet.com\/es\/wp-json\/wp\/v2\/media?parent=1511"}],"curies":[{"name":"wp","href":"https:\/\/api.w.org\/{rel}","templated":true}]}}