{"id":1507,"date":"2018-01-19T07:37:25","date_gmt":"2018-01-19T06:37:25","guid":{"rendered":"https:\/\/www.my-intranet.com\/legal-notices\/"},"modified":"2025-07-20T17:55:48","modified_gmt":"2025-07-20T15:55:48","slug":"avisos-legales","status":"publish","type":"page","link":"https:\/\/www.my-intranet.com\/es\/avisos-legales\/","title":{"rendered":"Avisos legales"},"content":{"rendered":"<p>[et_pb_section fb_built=&#8221;1&#8243; _builder_version=&#8221;4.16&#8243; global_colors_info=&#8221;{}&#8221;][et_pb_row _builder_version=&#8221;4.16&#8243; global_colors_info=&#8221;{}&#8221;][et_pb_column type=&#8221;4_4&#8243; _builder_version=&#8221;4.16&#8243; custom_padding=&#8221;|||&#8221; global_colors_info=&#8221;{}&#8221; custom_padding__hover=&#8221;|||&#8221;][et_pb_text _builder_version=&#8221;4.27.4&#8243; hover_enabled=&#8221;0&#8243; global_colors_info=&#8221;{}&#8221; sticky_enabled=&#8221;0&#8243;]<\/p>\n<h1>Avisos legales<\/h1>\n<h2>Objetivo del sitio<\/h2>\n<p>Mi Intranet SGRH es una soluci\u00f3n de software para empresas. Este sitio web presenta la soluci\u00f3n y permite a los visitantes obtener un presupuesto gratuito para la implantaci\u00f3n de la soluci\u00f3n en su empresa.<\/p>\n<h3>\u00bf Qui\u00e9nes somos ?<\/h3>\n<p>Mi Intranet SGRH es un editor franc\u00e9s de soluciones SaaS. Desarrollamos y comercializamos una gama de productos de software disponibles como servicio en l\u00ednea para las empresas. Nuestra aventura comenz\u00f3 en 2008, convirtiendo a nuestra empresa en uno de los principales actores en el campo de HRIS.<\/p>\n<p>Desde el principio, nuestra misi\u00f3n ha sido desarrollar m\u00f3dulos de software para digitalizar los procesos dentro de las empresas. El \u00e9xito de nuestra soluci\u00f3n nunca ha flaqueado y, m\u00e1s de 15 a\u00f1os despu\u00e9s de nuestra creaci\u00f3n, seguimos pisando fuerte. Cada d\u00eda, miles de personas de todo el mundo se benefician de las ventajas de la digitalizaci\u00f3n con Mi Intranet SGRH.<\/p>\n<p><h2>Datos de contacto de Mi Intranet SGRH<\/h2>\n<p>Direcci\u00f3n : Avenue Boudon, 75016 Par\u00eds, Francia<\/p>\n<p>Tel\u00e9fono : +33.1.76.50.66.67<\/p>\n<h2>Datos del proveedor de alojamiento<\/h2>\n<p>1&amp;1 Internet SARL<br \/>7, place de la Gare<br \/>BP 70109<br \/>57201 Sarreguemines Cedex<br \/>Francia<\/p>\n<h2>T\u00e9rminos y condiciones<\/h2>\n<p>Los textos e im\u00e1genes disponibles en este sitio web est\u00e1n protegidos por el c\u00f3digo de la propiedad intelectual. Est\u00e1 estrictamente prohibida su reproducci\u00f3n sin el consentimiento escrito del propietario del sitio web.<\/p>\n<h2>Datos recogidos<\/h2>\n<p>Es posible que tenga que rellenar un formulario para solicitar una demostraci\u00f3n o un presupuesto. Sus datos ser\u00e1n procesados electr\u00f3nicamente. Se guardan de forma segura. Los utilizamos para responder a sus solicitudes. En ning\u00fan caso se transmitir\u00e1n a terceros.<\/p>\n<p>Durante su navegaci\u00f3n en el sitio, recogemos datos con fines estad\u00edsticos. Por \u00faltimo, nuestro servidor guarda un libro de registro que contiene detalles como su direcci\u00f3n IP y el tipo de navegador que est\u00e1 utilizando. Esto responde a una obligaci\u00f3n legal.<\/p>\n<p>Todos estos datos se recopilan y almacenan de acuerdo con la legislaci\u00f3n vigente en materia de protecci\u00f3n de datos personales, incluyendo en particular el GPDR.<\/p>\n<h2>Mapa del sitio<\/h2>\nPages :<br \/><ul><li><a href=\"https:\/\/www.my-intranet.com\/es\/vacaciones-pagadas-5-o-6-dias\/\">1 semana de vacaciones pagadas: \u00bf5 o 6 d\u00edas?<\/a><\/li><li><a href=\"https:\/\/www.my-intranet.com\/es\/base-datos-proveedores\/\">Software de gesti\u00f3n de bases de datos de proveedores<\/a><\/li><li><a href=\"https:\/\/www.my-intranet.com\/es\/solution-rrhh\/caracteristicas\/\">Caracter\u00edsticas de la soluci\u00f3n de Intranet SGRH<\/a><\/li><li><a href=\"https:\/\/www.my-intranet.com\/es\/desmaterializacion-procesos\/\">La desmaterializaci\u00f3n de los procesos<\/a><\/li><li><a href=\"https:\/\/www.my-intranet.com\/es\/mapa-procesos-rrhh\/\">Mapa de procesos de RRHH: \u00bfc\u00f3mo y qu\u00e9 beneficios puede esperar?<\/a><\/li><li><a href=\"https:\/\/www.my-intranet.com\/es\/dias-trabajados-dias-laborables\/\">Gesti\u00f3n de las ausencias como d\u00edas trabajados, d\u00edas laborables<\/a><\/li><li><a href=\"https:\/\/www.my-intranet.com\/es\/plazo-para-aceptar-la-solicitud-de-vacaciones\/\">Plazo para que el empresario acepte o rechace las vacaciones<\/a><\/li><li><a href=\"https:\/\/www.my-intranet.com\/es\/gestion-compras\/\">Procure to pay : software de gesti\u00f3n de compras - Mi Intranet SGRH<\/a><\/li><li><a href=\"https:\/\/www.my-intranet.com\/es\/listas-dias-festivos\/\">Gesti\u00f3n de los d\u00edas festivos en Mi Intranet SGRH<\/a><\/li><li><a href=\"https:\/\/www.my-intranet.com\/es\/solution-rrhh\/caracteristicas\/expedientes-personal\/\">Software de gesti\u00f3n de expedientes de personal - Mi Intranet SGRH<\/a><\/li><li><a href=\"https:\/\/www.my-intranet.com\/es\/solution-rrhh\/caracteristicas\/directorio-corporativo\/\">M\u00f3dulo de software de directorio corporativo - Mi Intranet SGRH<\/a><\/li><li><a href=\"https:\/\/www.my-intranet.com\/es\/solution-rrhh\/caracteristicas\/software-viajes-gastos\/\">Software de gesti\u00f3n de viajes y informes de gastos - Mi Intranet SGRH<\/a><\/li><li><a href=\"https:\/\/www.my-intranet.com\/es\/solution-rrhh\/caracteristicas\/software-gestion-vacaciones\/\">Gestor de vacaciones y ausencias online - Mi Intranet SGRH<\/a><\/li><li><a href=\"https:\/\/www.my-intranet.com\/es\/numero-empleado\/\">N\u00famero RRHH de empleado : \u00bfPara qu\u00e9 sirve Mi Intranet SGRH?<\/a><\/li><li><a href=\"https:\/\/www.my-intranet.com\/es\/seguimiento-horas-extras\/\">Reloj virtual y software de seguimiento de horas extras - Mi Intranet SGRH<\/a><\/li><li><a href=\"https:\/\/www.my-intranet.com\/es\/software-cuentas-ahorra-tiempo\/\">Software de gesti\u00f3n de cuentas que ahorra tiempo<\/a><\/li><li><a href=\"https:\/\/www.my-intranet.com\/es\/software-de-rrhh-como-servicio\/\">Software de recursos humanos como servicio : ventajas e inconvenientes<\/a><\/li><li><a href=\"https:\/\/www.my-intranet.com\/es\/seguimiento-tiempo\/\">Software de seguimiento del tiempo: informe de la actividad de los empleados<\/a><\/li><li><a href=\"https:\/\/www.my-intranet.com\/es\/solicitud-ausencia\/\">Formulario de solicitud de vacaciones<\/a><\/li><li><a href=\"https:\/\/www.my-intranet.com\/es\/solution-rrhh\/\">Soluci\u00f3n de Intranet SGRH<\/a><\/li><li><a href=\"https:\/\/www.my-intranet.com\/es\/solution-rrhh\/suscripcion-sgrh\/\">Tarifas de suscripci\u00f3n - Mi Intranet SGRH<\/a><\/li><li><a href=\"https:\/\/www.my-intranet.com\/es\/tipos-vacaciones\/\">Gesti\u00f3n de los tipos de vacaciones<\/a><\/li><\/ul>\n<p>[\/et_pb_text][\/et_pb_column][\/et_pb_row][\/et_pb_section]<\/p>\n","protected":false},"excerpt":{"rendered":"<p>Avisos legales Objetivo del sitio Mi Intranet SGRH es una soluci\u00f3n de software para empresas. Este sitio web presenta la soluci\u00f3n y permite a los visitantes obtener un presupuesto gratuito para la implantaci\u00f3n de la soluci\u00f3n en su empresa. \u00bf Qui\u00e9nes somos ? Mi Intranet SGRH es un editor franc\u00e9s de soluciones SaaS. Desarrollamos y [&hellip;]<\/p>\n","protected":false},"author":2,"featured_media":0,"parent":0,"menu_order":0,"comment_status":"closed","ping_status":"closed","template":"","meta":{"_et_pb_use_builder":"on","_et_pb_old_content":"","_et_gb_content_width":"","footnotes":""},"class_list":["post-1507","page","type-page","status-publish","hentry"],"yoast_head":"<!-- This site is optimized with the Yoast SEO plugin v27.1.1 - https:\/\/yoast.com\/product\/yoast-seo-wordpress\/ -->\n<title>Avisos legales - Mi Intranet SGRH<\/title>\n<meta name=\"description\" content=\"Avisos legales para el sitio web de Mi Intranet SGRH.\" \/>\n<meta name=\"robots\" content=\"index, follow, max-snippet:-1, max-image-preview:large, max-video-preview:-1\" \/>\n<link rel=\"canonical\" href=\"https:\/\/www.my-intranet.com\/es\/avisos-legales\/\" \/>\n<meta property=\"og:locale\" content=\"es_ES\" \/>\n<meta property=\"og:type\" content=\"article\" \/>\n<meta property=\"og:title\" content=\"Avisos legales - Mi Intranet SGRH\" \/>\n<meta property=\"og:description\" content=\"Avisos legales para el sitio web de Mi Intranet SGRH.\" \/>\n<meta property=\"og:url\" content=\"https:\/\/www.my-intranet.com\/es\/avisos-legales\/\" \/>\n<meta property=\"og:site_name\" content=\"Mi Intranet SGRH\" \/>\n<meta property=\"article:modified_time\" content=\"2025-07-20T15:55:48+00:00\" \/>\n<meta name=\"twitter:card\" content=\"summary_large_image\" \/>\n<meta name=\"twitter:label1\" content=\"Tiempo de lectura\" \/>\n\t<meta name=\"twitter:data1\" content=\"3 minutes\" \/>\n<script type=\"application\/ld+json\" class=\"yoast-schema-graph\">{\"@context\":\"https:\/\/schema.org\",\"@graph\":[{\"@type\":\"WebPage\",\"@id\":\"https:\/\/www.my-intranet.com\/es\/avisos-legales\/\",\"url\":\"https:\/\/www.my-intranet.com\/es\/avisos-legales\/\",\"name\":\"Avisos legales - Mi Intranet SGRH\",\"isPartOf\":{\"@id\":\"https:\/\/www.my-intranet.com\/es\/#website\"},\"datePublished\":\"2018-01-19T06:37:25+00:00\",\"dateModified\":\"2025-07-20T15:55:48+00:00\",\"description\":\"Avisos legales para el sitio web de Mi Intranet SGRH.\",\"inLanguage\":\"es-ES\",\"potentialAction\":[{\"@type\":\"ReadAction\",\"target\":[\"https:\/\/www.my-intranet.com\/es\/avisos-legales\/\"]}]},{\"@type\":\"WebSite\",\"@id\":\"https:\/\/www.my-intranet.com\/es\/#website\",\"url\":\"https:\/\/www.my-intranet.com\/es\/\",\"name\":\"Mi Intranet SGRH\",\"description\":\"Soluci\u00f3n de intranet: software de gesti\u00f3n de permisos, informes de gastos, directorio de la empresa y archivo de RRHH.\",\"publisher\":{\"@id\":\"https:\/\/www.my-intranet.com\/es\/#organization\"},\"potentialAction\":[{\"@type\":\"SearchAction\",\"target\":{\"@type\":\"EntryPoint\",\"urlTemplate\":\"https:\/\/www.my-intranet.com\/es\/?s={search_term_string}\"},\"query-input\":{\"@type\":\"PropertyValueSpecification\",\"valueRequired\":true,\"valueName\":\"search_term_string\"}}],\"inLanguage\":\"es-ES\"},{\"@type\":\"Organization\",\"@id\":\"https:\/\/www.my-intranet.com\/es\/#organization\",\"name\":\"Mi Intranet SGRH\",\"url\":\"https:\/\/www.my-intranet.com\/es\/\",\"logo\":{\"@type\":\"ImageObject\",\"inLanguage\":\"es-ES\",\"@id\":\"https:\/\/www.my-intranet.com\/es\/#\/schema\/logo\/image\/\",\"url\":\"https:\/\/www.my-intranet.com\/wp-content\/uploads\/2025\/02\/logo-sirh.png\",\"contentUrl\":\"https:\/\/www.my-intranet.com\/wp-content\/uploads\/2025\/02\/logo-sirh.png\",\"width\":300,\"height\":300,\"caption\":\"Mi Intranet SGRH\"},\"image\":{\"@id\":\"https:\/\/www.my-intranet.com\/es\/#\/schema\/logo\/image\/\"},\"sameAs\":[\"https:\/\/fr.linkedin.com\/company\/mon-intranet\"]}]}<\/script>\n<!-- \/ Yoast SEO plugin. -->","yoast_head_json":{"title":"Avisos legales - Mi Intranet SGRH","description":"Avisos legales para el sitio web de Mi Intranet SGRH.","robots":{"index":"index","follow":"follow","max-snippet":"max-snippet:-1","max-image-preview":"max-image-preview:large","max-video-preview":"max-video-preview:-1"},"canonical":"https:\/\/www.my-intranet.com\/es\/avisos-legales\/","og_locale":"es_ES","og_type":"article","og_title":"Avisos legales - Mi Intranet SGRH","og_description":"Avisos legales para el sitio web de Mi Intranet SGRH.","og_url":"https:\/\/www.my-intranet.com\/es\/avisos-legales\/","og_site_name":"Mi Intranet SGRH","article_modified_time":"2025-07-20T15:55:48+00:00","twitter_card":"summary_large_image","twitter_misc":{"Tiempo de lectura":"3 minutes"},"schema":{"@context":"https:\/\/schema.org","@graph":[{"@type":"WebPage","@id":"https:\/\/www.my-intranet.com\/es\/avisos-legales\/","url":"https:\/\/www.my-intranet.com\/es\/avisos-legales\/","name":"Avisos legales - Mi Intranet SGRH","isPartOf":{"@id":"https:\/\/www.my-intranet.com\/es\/#website"},"datePublished":"2018-01-19T06:37:25+00:00","dateModified":"2025-07-20T15:55:48+00:00","description":"Avisos legales para el sitio web de Mi Intranet SGRH.","inLanguage":"es-ES","potentialAction":[{"@type":"ReadAction","target":["https:\/\/www.my-intranet.com\/es\/avisos-legales\/"]}]},{"@type":"WebSite","@id":"https:\/\/www.my-intranet.com\/es\/#website","url":"https:\/\/www.my-intranet.com\/es\/","name":"Mi Intranet SGRH","description":"Soluci\u00f3n de intranet: software de gesti\u00f3n de permisos, informes de gastos, directorio de la empresa y archivo de RRHH.","publisher":{"@id":"https:\/\/www.my-intranet.com\/es\/#organization"},"potentialAction":[{"@type":"SearchAction","target":{"@type":"EntryPoint","urlTemplate":"https:\/\/www.my-intranet.com\/es\/?s={search_term_string}"},"query-input":{"@type":"PropertyValueSpecification","valueRequired":true,"valueName":"search_term_string"}}],"inLanguage":"es-ES"},{"@type":"Organization","@id":"https:\/\/www.my-intranet.com\/es\/#organization","name":"Mi Intranet SGRH","url":"https:\/\/www.my-intranet.com\/es\/","logo":{"@type":"ImageObject","inLanguage":"es-ES","@id":"https:\/\/www.my-intranet.com\/es\/#\/schema\/logo\/image\/","url":"https:\/\/www.my-intranet.com\/wp-content\/uploads\/2025\/02\/logo-sirh.png","contentUrl":"https:\/\/www.my-intranet.com\/wp-content\/uploads\/2025\/02\/logo-sirh.png","width":300,"height":300,"caption":"Mi Intranet SGRH"},"image":{"@id":"https:\/\/www.my-intranet.com\/es\/#\/schema\/logo\/image\/"},"sameAs":["https:\/\/fr.linkedin.com\/company\/mon-intranet"]}]}},"_links":{"self":[{"href":"https:\/\/www.my-intranet.com\/es\/wp-json\/wp\/v2\/pages\/1507","targetHints":{"allow":["GET"]}}],"collection":[{"href":"https:\/\/www.my-intranet.com\/es\/wp-json\/wp\/v2\/pages"}],"about":[{"href":"https:\/\/www.my-intranet.com\/es\/wp-json\/wp\/v2\/types\/page"}],"author":[{"embeddable":true,"href":"https:\/\/www.my-intranet.com\/es\/wp-json\/wp\/v2\/users\/2"}],"replies":[{"embeddable":true,"href":"https:\/\/www.my-intranet.com\/es\/wp-json\/wp\/v2\/comments?post=1507"}],"version-history":[{"count":0,"href":"https:\/\/www.my-intranet.com\/es\/wp-json\/wp\/v2\/pages\/1507\/revisions"}],"wp:attachment":[{"href":"https:\/\/www.my-intranet.com\/es\/wp-json\/wp\/v2\/media?parent=1507"}],"curies":[{"name":"wp","href":"https:\/\/api.w.org\/{rel}","templated":true}]}}