{"id":224,"date":"2013-04-10T13:28:16","date_gmt":"2013-04-10T11:28:16","guid":{"rendered":"http:\/\/www.my-intranet.com\/?page_id=224"},"modified":"2025-06-11T08:53:11","modified_gmt":"2025-06-11T06:53:11","slug":"subscription-hr-management-solution","status":"publish","type":"page","link":"https:\/\/www.my-intranet.com\/en\/hr-solution\/subscription-hr-management-solution\/","title":{"rendered":"Subscription"},"content":{"rendered":"<p>[et_pb_section fb_built=&#8221;1&#8243; _builder_version=&#8221;4.16&#8243; global_colors_info=&#8221;{}&#8221;][et_pb_row _builder_version=&#8221;4.16&#8243; background_size=&#8221;initial&#8221; background_position=&#8221;top_left&#8221; background_repeat=&#8221;repeat&#8221; global_colors_info=&#8221;{}&#8221;][et_pb_column type=&#8221;4_4&#8243; _builder_version=&#8221;4.16&#8243; custom_padding=&#8221;|||&#8221; global_colors_info=&#8221;{}&#8221; custom_padding__hover=&#8221;|||&#8221;][et_pb_text _builder_version=&#8221;4.27.4&#8243; hover_enabled=&#8221;0&#8243; global_colors_info=&#8221;{}&#8221; sticky_enabled=&#8221;0&#8243;]<\/p>\n<h1>Simple, transparent pricing to transform your HR management<\/h1>\n<table class=\"simulator\" style=\"text-align: center; margin: 30px 0px;\" border=\"0\">\n<thead>\n<tr>\n<td>Number of employees<\/td>\n<td>PRICING<\/td>\n<\/tr>\n<\/thead>\n<tbody>\n<tr>\n<td>Up to 25 employees<\/td>\n<td>125 \u20ac \/ month<\/td>\n<\/tr>\n<tr>\n<td>100 employees<\/td>\n<td>3,5 \u20ac \/ month \/ employee<\/td>\n<\/tr>\n<tr>\n<td>500 employees<\/td>\n<td>2 \u20ac \/ month \/ employee<\/td>\n<\/tr>\n<tr>\n<td>More than 500 employees<\/td>\n<td>Request us a full offer<\/td>\n<\/tr>\n<\/tbody>\n<\/table>\n<p>For up to 25 employees, the annual subscription fee is 1,500 \u20ac (exVAT). For more than 25 employees, the subscription price is based on a cost per month per employee. Thus, the greater the number of employees, the lower the cost per employee.<\/p>\n<p>To receive a detailed sales proposal and enable your company to benefit rapidly from all the advantages offered by My Intranet HRIS, please complete the form below.<\/p>\n\n<div class=\"wpcf7 no-js\" id=\"wpcf7-f223-o1\" lang=\"en-US\" dir=\"ltr\" data-wpcf7-id=\"223\">\n<div class=\"screen-reader-response\"><p role=\"status\" aria-live=\"polite\" aria-atomic=\"true\"><\/p> <ul><\/ul><\/div>\n<form action=\"\/en\/wp-json\/wp\/v2\/pages\/224#wpcf7-f223-o1\" method=\"post\" class=\"wpcf7-form init\" aria-label=\"Contact form\" novalidate=\"novalidate\" data-status=\"init\">\n<fieldset class=\"hidden-fields-container\"><input type=\"hidden\" name=\"_wpcf7\" value=\"223\" \/><input type=\"hidden\" name=\"_wpcf7_version\" value=\"6.1.1\" \/><input type=\"hidden\" name=\"_wpcf7_locale\" value=\"en_US\" \/><input type=\"hidden\" name=\"_wpcf7_unit_tag\" value=\"wpcf7-f223-o1\" \/><input type=\"hidden\" name=\"_wpcf7_container_post\" value=\"0\" \/><input type=\"hidden\" name=\"_wpcf7_posted_data_hash\" value=\"\" \/>\n<\/fieldset>\n<ul>\n\t<li>\n\t\t<p><label>Your Name (required)<\/label><span class=\"wpcf7-form-control-wrap\" data-name=\"your-name\"><input size=\"40\" maxlength=\"400\" class=\"wpcf7-form-control wpcf7-text wpcf7-validates-as-required\" aria-required=\"true\" aria-invalid=\"false\" value=\"\" type=\"text\" name=\"your-name\" \/><\/span>\n\t\t<\/p>\n\t<\/li>\n\t<li>\n\t\t<p><label>Your Email (required)<\/label><span class=\"wpcf7-form-control-wrap\" data-name=\"your-email\"><input size=\"40\" maxlength=\"400\" class=\"wpcf7-form-control wpcf7-email wpcf7-validates-as-required wpcf7-text wpcf7-validates-as-email\" aria-required=\"true\" aria-invalid=\"false\" value=\"\" type=\"email\" name=\"your-email\" \/><\/span>\n\t\t<\/p>\n\t<\/li>\n\t<li>\n\t\t<p><label>Number of employees in your company<\/label><span class=\"wpcf7-form-control-wrap\" data-name=\"number\"><input size=\"40\" maxlength=\"400\" class=\"wpcf7-form-control wpcf7-text\" aria-invalid=\"false\" value=\"\" type=\"text\" name=\"number\" \/><\/span>\n\t\t<\/p>\n\t<\/li>\n\t<li>\n\t\t<p><label>Company name<\/label><span class=\"wpcf7-form-control-wrap\" data-name=\"company\"><input size=\"40\" maxlength=\"400\" class=\"wpcf7-form-control wpcf7-text\" aria-invalid=\"false\" value=\"\" type=\"text\" name=\"company\" \/><\/span>\n\t\t<\/p>\n\t<\/li>\n\t<li>\n\t\t<p><label>Your Message<\/label><span class=\"wpcf7-form-control-wrap\" data-name=\"your-message\"><textarea cols=\"40\" rows=\"10\" maxlength=\"2000\" class=\"wpcf7-form-control wpcf7-textarea\" aria-invalid=\"false\" name=\"your-message\"><\/textarea><\/span>\n\t\t<\/p>\n\t<\/li>\n<\/ul>\n<p align=\"center\"><input class=\"wpcf7-form-control wpcf7-submit has-spinner button-primary-thematic\" type=\"submit\" value=\"Get my quotation!\" \/>\n<\/p><p style=\"display: none !important;\" class=\"akismet-fields-container\" data-prefix=\"_wpcf7_ak_\"><label>&#916;<textarea name=\"_wpcf7_ak_hp_textarea\" cols=\"45\" rows=\"8\" maxlength=\"100\"><\/textarea><\/label><input type=\"hidden\" id=\"ak_js_1\" name=\"_wpcf7_ak_js\" value=\"163\"\/><script>document.getElementById( \"ak_js_1\" ).setAttribute( \"value\", ( new Date() ).getTime() );<\/script><\/p><div class=\"wpcf7-response-output\" aria-hidden=\"true\"><\/div>\n<\/form>\n<\/div>\n\n<h2 style=\"text-align: center;\"><\/h2>\n<h2 style=\"text-align: center;\">The power of all-in-one, without the complexity<\/h2>\n<table class=\"simulator\" border=\"0\">\n<thead>\n<tr>\n<td><\/td>\n<td>HRIS WITH SAAS Plan<\/td>\n<\/tr>\n<\/thead>\n<tbody>\n<tr>\n<td>Leave management software module<\/td>\n<td class=\"ok\"><\/td>\n<\/tr>\n<tr>\n<td>Time Clock module<\/td>\n<td class=\"ok\"><\/td>\n<\/tr>\n<tr>\n<td>Time tracking module<\/td>\n<td class=\"ok\"><\/td>\n<\/tr>\n<tr>\n<td>Internal directory software module<\/td>\n<td class=\"ok\"><\/td>\n<\/tr>\n<tr>\n<td>Expense account management software module<\/td>\n<td class=\"ok\"><\/td>\n<\/tr>\n<tr>\n<td>HR file management software module<\/td>\n<td class=\"ok\"><\/td>\n<\/tr>\n<tr>\n<td>Procure to pay software module<\/td>\n<td class=\"ok\"><\/td>\n<\/tr>\n<tr>\n<td>Unlimited technical support<\/td>\n<td class=\"ok\"><\/td>\n<\/tr>\n<tr>\n<td>Access to new releases<\/td>\n<td class=\"ok\"><\/td>\n<\/tr>\n<\/tbody>\n<\/table>\n<p>&nbsp;<\/p>\n<h2>A range of services tailored to your needs<\/h2>\n<p>The following services are offered for a fee in addition to the subscription :<\/p>\n<ul>\n<li>Installation and configuration<\/li>\n<li>Administrator training<\/li>\n<li>Custom development to add specific features<\/li>\n<\/ul>\n<p>[\/et_pb_text][et_pb_video src=&#8221;https:\/\/www.youtube.com\/embed\/6fDt12bfQsc&#8221; _builder_version=&#8221;4.23.4&#8243; _module_preset=&#8221;default&#8221; global_colors_info=&#8221;{}&#8221;][\/et_pb_video][\/et_pb_column][\/et_pb_row][\/et_pb_section][et_pb_section fb_built=&#8221;1&#8243; module_class=&#8221;full-width&#8221; _builder_version=&#8221;4.16&#8243; background_color=&#8221;#ffffff&#8221; global_module=&#8221;461&#8243; locked=&#8221;off&#8221; global_colors_info=&#8221;{}&#8221;][et_pb_row module_class=&#8221;question-box et_pb_row_fullwidth&#8221; _builder_version=&#8221;4.16&#8243; background_image=&#8221;https:\/\/www.my-intranet.com\/wp-content\/uploads\/2018\/01\/question.jpg&#8221; width=&#8221;89%&#8221; width_tablet=&#8221;80%&#8221; width_phone=&#8221;&#8221; width_last_edited=&#8221;on|desktop&#8221; max_width=&#8221;89%&#8221; max_width_tablet=&#8221;80%&#8221; max_width_phone=&#8221;&#8221; max_width_last_edited=&#8221;on|desktop&#8221; make_fullwidth=&#8221;on&#8221; global_colors_info=&#8221;{}&#8221;][et_pb_column type=&#8221;4_4&#8243; _builder_version=&#8221;4.16&#8243; custom_padding=&#8221;|||&#8221; global_colors_info=&#8221;{}&#8221; custom_padding__hover=&#8221;|||&#8221;][et_pb_text _builder_version=&#8221;4.18.0&#8243; global_colors_info=&#8221;{}&#8221;]<\/p>\n<div class=\"question\">\n<p>Have a project or a question? Our team is immediately available for you on +33.1.76.50.66.67!<\/p>\n<\/div>\n<p>[\/et_pb_text][\/et_pb_column][\/et_pb_row][\/et_pb_section][et_pb_section fb_built=&#8221;1&#8243; _builder_version=&#8221;4.16&#8243; global_colors_info=&#8221;{}&#8221;][et_pb_row _builder_version=&#8221;4.16&#8243; background_size=&#8221;initial&#8221; background_position=&#8221;top_left&#8221; background_repeat=&#8221;repeat&#8221; global_colors_info=&#8221;{}&#8221;][et_pb_column type=&#8221;4_4&#8243; _builder_version=&#8221;4.16&#8243; custom_padding=&#8221;|||&#8221; global_colors_info=&#8221;{}&#8221; custom_padding__hover=&#8221;|||&#8221;][et_pb_text _builder_version=&#8221;4.27.4&#8243; global_colors_info=&#8221;{}&#8221;]<\/p>\n<h3 style=\"text-align: center;\"><em>Savings at all level&#8230;<\/em><\/h3>\n<p>My Intranet HRIS allows your company to make savings at several levels:<\/p>\n<ul>\n<li>at the employee level as they will no longer have to fill out and have validated numerous paper forms to request leave, travel and reimbursement for travel expenses. Thanks to this solution the employees have real time access to their requests in progress (leave and expenditure) and their leave entitlement which enables a reduction in the requests made to the Accounts and HR departments<\/li>\n<li>at the manager level as they will know at a glance who is and is not there. This will simplify leave and travel planning in relation to projects<\/li>\n<li>at the personnel administrator level as they will no longer have leave forms to check since everything is centralized and consolidated in one click in My Intranet HRIS. This considerably limits the possibility of errors and reduces substantially the time spent carrying out the monthly closing for payroll<\/li>\n<li>at the accountant level as they will benefit from a more automated processing of the expense accounts thus avoiding the possibility of error and the mislaying of documents<\/li>\n<li>thanks to the centralized directory which allows a free flow of exchanges within the company as in one click, each employee can know the contact details and availability of another employee<\/li>\n<\/ul>\n<h3 style=\"text-align: center;\"><em>At long last, a solution adapted to all needs&#8230;<\/em><\/h3>\n<p>With the SaaS plan (Software as a Service), My Intranet HRIS is a complete software service which includes hosting, installation, software configuration and maintenance. So you no longer have to worry about the technical part which is entirely covered in the service subscription.<\/p>\n<p>My Intranet HRIS is a key driver in terms of your employee productivity. It enables you to <a href=\"https:\/\/www.my-intranet.com\/en\/dematerialization-of-processes\/\">dematerialize your internal processes<\/a>. From now on your employees can spend time on essential tasks. Your leave and expense account management is totally automated and optimal.<\/p>\n<p>The main interest in this solution lies in the fact that its cost is largely inferior to the savings made. Thanks to the subscription package, return on investment is immediate as your company is not investing in an expensive solution which would take years to amortize. In addition, the cost is really adapted to the size of your company as it is based on the number of employees.<\/p>\n<h3 style=\"text-align: center;\"><em>My Intranet HRIS, it&#8217;s already yours!<\/em><\/h3>\n<p>[\/et_pb_text][\/et_pb_column][\/et_pb_row][\/et_pb_section]<\/p>\n","protected":false},"excerpt":{"rendered":"<p>Simple, transparent pricing to transform your HR management Number of employees PRICING Up to 25 employees 125 \u20ac \/ month 100 employees 3,5 \u20ac \/ month \/ employee 500 employees 2 \u20ac \/ month \/ employee More than 500 employees Request us a full offer For up to 25 employees, the annual subscription fee is [&hellip;]<\/p>\n","protected":false},"author":2,"featured_media":0,"parent":216,"menu_order":2,"comment_status":"closed","ping_status":"closed","template":"","meta":{"_et_pb_use_builder":"on","_et_pb_old_content":"Pour utiliser\u00a0le service logiciel de gestion des cong\u00e9s et notes de frais,\u00a0Mon Intranet, votre entreprise devra s'acquitter d'un abonnement annuel.\r\n\r\nIl existe deux formules d'abonnement. La diff\u00e9rence entre ces formules\u00a0se situe dans le mode d'h\u00e9bergement de l'application (chez vous ou chez nous).\r\n<table class=\"simulator\" border=\"0\">\r\n<tbody>\r\n<tr>\r\n<td><\/td>\r\n<td>Solution h\u00e9berg\u00e9e sur vos serveurs (mode In-house)<\/td>\r\n<td>Solution h\u00e9berg\u00e9e sur nos serveurs (mode SaaS)<\/td>\r\n<\/tr>\r\n<tr>\r\n<td>Installation de la solution<\/td>\r\n<td class=\"ok\"><\/td>\r\n<td class=\"ok\"><\/td>\r\n<\/tr>\r\n<tr>\r\n<td>Configuration de la solution<\/td>\r\n<td class=\"ok\"><\/td>\r\n<td class=\"ok\"><\/td>\r\n<\/tr>\r\n<tr>\r\n<td>Module logiciel de gestion des cong\u00e9s<\/td>\r\n<td class=\"ok\"><\/td>\r\n<td class=\"ok\"><\/td>\r\n<\/tr>\r\n<tr>\r\n<td>Module logiciel d'annuaire interne<\/td>\r\n<td class=\"ok\"><\/td>\r\n<td class=\"ok\"><\/td>\r\n<\/tr>\r\n<tr>\r\n<td>Module logiciel de gestion des d\u00e9penses<\/td>\r\n<td class=\"ok\"><\/td>\r\n<td class=\"ok\"><\/td>\r\n<\/tr>\r\n<tr>\r\n<td>Module logiciel de gestion du dossier RH<\/td>\r\n<td class=\"ok\"><\/td>\r\n<td class=\"ok\"><\/td>\r\n<\/tr>\r\n<tr>\r\n<td>Support technique illimit\u00e9<\/td>\r\n<td class=\"ok\"><\/td>\r\n<td class=\"ok\"><\/td>\r\n<\/tr>\r\n<tr>\r\n<td>Acc\u00e8s aux nouvelles versions<\/td>\r\n<td class=\"ok\"><\/td>\r\n<td class=\"ok\"><\/td>\r\n<\/tr>\r\n<\/tbody>\r\n<\/table>\r\n\r\nDans le cas o\u00f9 la solution est h\u00e9berg\u00e9e sur vos serveurs, nous r\u00e9alisons l'installation \u00e0 distance via Internet (ou nous vous fournissons une proc\u00e9dure d\u00e9taill\u00e9e si votre serveur n'est pas accessible via Internet). Dans tous les cas, vous b\u00e9n\u00e9ficiez d'une assistance compl\u00e8te dans le cadre de votre abonnement.\r\n\r\n<h2>Tarifs<\/h2>\r\n<table class=\"simulator\" border=\"0\" style=\"text-align:center;\">\r\n<tbody>\r\n<tr>\r\n<td>De 20 \u00e0 300 employ\u00e9s<\/td>\r\n<td>Plus de 300 employ\u00e9s<\/td>\r\n<\/tr>\r\n<tr>\r\n<td>De 1.5 \u20ac \u00e0 3 \u20ac par mois par employ\u00e9<br \/>(en fonction du nombre d'employ\u00e9s)<\/td>\r\n<td>Nous consulter pour une offre compl\u00e8te<\/td>\r\n<\/tr>\r\n<\/tbody><\/table>\r\n\r\nPour recevoir une proposition commerciale d\u00e9taill\u00e9e et b\u00e9n\u00e9ficier rapidement de tous les avantages offerts par Mon Intranet dans votre entreprise, veuillez remplir le formulaire ci-dessous.\r\n\r\n[contact-form 2 \"Formulaire demande abonnement\"]\r\n<h3 style=\"text-align: center;\"><em>Des \u00e9conomies \u00e0 tous les niveaux...<\/em><\/h3>\r\nMon Intranet vous permettra de r\u00e9aliser des \u00e9conomies \u00e0 plusieurs niveaux dans votre entreprise :\r\n<ul>\r\n\t<li>au niveau de vos employ\u00e9s qui n'auront plus \u00e0 remplir et faire valider des dizaines de formulaires papiers pour faire leurs demandes de cong\u00e9s, demandes de d\u00e9placements\u00a0et de remboursement de\u00a0notes de frais. Gr\u00e2ce \u00e0 cette solution, les employ\u00e9s ont acc\u00e8s en temps r\u00e9el \u00e0 leurs demandes en cours (cong\u00e9s et d\u00e9penses) et leurs droits \u00e0 cong\u00e9s ce qui permet de r\u00e9duire les sollicitations des services comptables et ressources humaines.<\/li>\r\n\t<li>au niveau des responsables d'\u00e9quipes qui sauront en un coup d'oeil qui est l\u00e0 et qui n'est pas l\u00e0 ce qui facilitera la planification des\u00a0cong\u00e9s et\u00a0des d\u00e9placements par\u00a0rapport aux projets<\/li>\r\n\t<li>au niveau de la\u00a0gestionnaire du personnel\u00a0qui n'aura plus \u00e0 pointer des feuilles de cong\u00e9s puisque tout est centralis\u00e9 et consolid\u00e9 en un clic de souris dans Mon Intranet ce qui limite consid\u00e9rablement le risque d'erreurs et r\u00e9duit drastiquement le temps pass\u00e9 lors de la cl\u00f4ture mensuelle de la paie<\/li>\r\n\t<li>au niveau de la comptable qui b\u00e9n\u00e9ficiera d'un traitement plus automatis\u00e9 des notes de frais \u00e9vitant ainsi le risque d'erreurs et la perte de documents<\/li>\r\n\t<li>gr\u00e2ce \u00e0 l'annuaire centralis\u00e9 qui permet de fluidifier les \u00e9changes au sein de l'entreprise puisqu'en un clic, chaque employ\u00e9 peut conna\u00eetre les coordonn\u00e9es et la disponibilit\u00e9 d'un autre employ\u00e9<\/li>\r\n<\/ul>\r\n<h3 style=\"text-align: center;\"><em>Enfin une solution adapt\u00e9e \u00e0 tous les besoins...<\/em><\/h3>\r\nEn mode <a href=\"https:\/\/www.my-intranet.com\/logiciel-rh-saas\/\">SaaS<\/a> (Software as a Service), Mon Intranet est un service logiciel complet qui comprend l'h\u00e9bergement,\u00a0l'installation, la configuration et la maintenance du logiciel. Ainsi, vous n'avez plus \u00e0 vous soucier de la partie technique qui est enti\u00e8rement prise en charge dans le cadre de l'abonnement au service. Si vous souhaitez installer la solution directement sur les serveurs de votre entreprise, vous conservez la ma\u00eetrise de l'applicatif, depuis sa mise en place jusqu'\u00e0 son utilisation.\r\n\r\nMon Intranet est un v\u00e9ritable levier pour la productivit\u00e9 de vos employ\u00e9s. Il vous permet d'acc\u00e9der \u00e0 <a href=\"https:\/\/www.my-intranet.com\/la-dematerialisation-des-processus\/\">la d\u00e9mat\u00e9rialisation de vos processus internes<\/a>. D\u00e9sormais, vos employ\u00e9s peuvent se consacrer aux t\u00e2ches essentielles. Votre gestion des cong\u00e9s et\u00a0des notes de frais\u00a0est vraiment automatis\u00e9e et optimale.\r\n\r\n<span style=\"text-align: center; display: block;\"><a href=\"https:\/\/www.my-intranet.com\/wp-content\/uploads\/2009\/08\/economies.png\"><img class=\"alignnone size-full wp-image-122\" style=\"border: none;\" title=\"economies\" src=\"https:\/\/www.my-intranet.com\/wp-content\/uploads\/2009\/08\/economies.png\" alt=\"economies\" width=\"419\" height=\"351\" \/><\/a><\/span>\r\n\r\nTout l'int\u00e9r\u00eat de cette solution r\u00e9side dans le fait que son co\u00fbt est tr\u00e8s largement inf\u00e9rieur aux \u00e9conomies r\u00e9alis\u00e9es. Gr\u00e2ce \u00e0 la formule d'abonnement, le retour sur investissement est imm\u00e9diat puisque votre entreprise n'a pas \u00e0 investir dans une solution co\u00fbteuse qu'elle mettrait des ann\u00e9es \u00e0 amortir. En outre, le co\u00fbt est vraiment adapt\u00e9 \u00e0 la taille de votre entreprise puisqu'il est fonction du nombre d'employ\u00e9s.\r\n<h3 style=\"text-align: center;\"><em>Mon intranet, c'est d\u00e9j\u00e0 le v\u00f4tre!<\/em><\/h3>","_et_gb_content_width":"","footnotes":""},"class_list":["post-224","page","type-page","status-publish","hentry"],"yoast_head":"<!-- This site is optimized with the Yoast SEO plugin v27.1.1 - https:\/\/yoast.com\/product\/yoast-seo-wordpress\/ -->\n<title>Subscription rates - My Intranet HRIS<\/title>\n<meta name=\"description\" content=\"Find out more about My Intranet HRIS subscription rates.\" \/>\n<meta name=\"robots\" content=\"index, follow, max-snippet:-1, max-image-preview:large, max-video-preview:-1\" \/>\n<link rel=\"canonical\" href=\"https:\/\/www.my-intranet.com\/en\/hr-solution\/subscription-hr-management-solution\/\" \/>\n<meta property=\"og:locale\" content=\"en_US\" \/>\n<meta property=\"og:type\" content=\"article\" \/>\n<meta property=\"og:title\" content=\"Subscription rates - My Intranet HRIS\" \/>\n<meta property=\"og:description\" content=\"Find out more about My Intranet HRIS subscription rates.\" \/>\n<meta property=\"og:url\" content=\"https:\/\/www.my-intranet.com\/en\/hr-solution\/subscription-hr-management-solution\/\" \/>\n<meta property=\"og:site_name\" content=\"My Intranet HRIS\" \/>\n<meta property=\"article:modified_time\" content=\"2025-06-11T06:53:11+00:00\" \/>\n<meta name=\"twitter:card\" content=\"summary_large_image\" \/>\n<meta name=\"twitter:label1\" content=\"Est. reading time\" \/>\n\t<meta name=\"twitter:data1\" content=\"4 minutes\" \/>\n<script type=\"application\/ld+json\" class=\"yoast-schema-graph\">{\"@context\":\"https:\/\/schema.org\",\"@graph\":[{\"@type\":\"WebPage\",\"@id\":\"https:\/\/www.my-intranet.com\/en\/hr-solution\/subscription-hr-management-solution\/\",\"url\":\"https:\/\/www.my-intranet.com\/en\/hr-solution\/subscription-hr-management-solution\/\",\"name\":\"Subscription rates - My Intranet HRIS\",\"isPartOf\":{\"@id\":\"https:\/\/www.my-intranet.com\/en\/#website\"},\"datePublished\":\"2013-04-10T11:28:16+00:00\",\"dateModified\":\"2025-06-11T06:53:11+00:00\",\"description\":\"Find out more about My Intranet HRIS subscription rates.\",\"inLanguage\":\"en-US\",\"potentialAction\":[{\"@type\":\"ReadAction\",\"target\":[\"https:\/\/www.my-intranet.com\/en\/hr-solution\/subscription-hr-management-solution\/\"]}]},{\"@type\":\"WebSite\",\"@id\":\"https:\/\/www.my-intranet.com\/en\/#website\",\"url\":\"https:\/\/www.my-intranet.com\/en\/\",\"name\":\"My Intranet HRIS\",\"description\":\"Intranet solution : leave management software, travel and expense management software, corporate directory and HR file\",\"publisher\":{\"@id\":\"https:\/\/www.my-intranet.com\/en\/#organization\"},\"potentialAction\":[{\"@type\":\"SearchAction\",\"target\":{\"@type\":\"EntryPoint\",\"urlTemplate\":\"https:\/\/www.my-intranet.com\/en\/?s={search_term_string}\"},\"query-input\":{\"@type\":\"PropertyValueSpecification\",\"valueRequired\":true,\"valueName\":\"search_term_string\"}}],\"inLanguage\":\"en-US\"},{\"@type\":\"Organization\",\"@id\":\"https:\/\/www.my-intranet.com\/en\/#organization\",\"name\":\"My Intranet HRIS\",\"url\":\"https:\/\/www.my-intranet.com\/en\/\",\"logo\":{\"@type\":\"ImageObject\",\"inLanguage\":\"en-US\",\"@id\":\"https:\/\/www.my-intranet.com\/en\/#\/schema\/logo\/image\/\",\"url\":\"https:\/\/www.my-intranet.com\/wp-content\/uploads\/2025\/02\/logo-sirh.png\",\"contentUrl\":\"https:\/\/www.my-intranet.com\/wp-content\/uploads\/2025\/02\/logo-sirh.png\",\"width\":300,\"height\":300,\"caption\":\"My Intranet HRIS\"},\"image\":{\"@id\":\"https:\/\/www.my-intranet.com\/en\/#\/schema\/logo\/image\/\"},\"sameAs\":[\"https:\/\/fr.linkedin.com\/company\/mon-intranet\"]}]}<\/script>\n<!-- \/ Yoast SEO plugin. -->","yoast_head_json":{"title":"Subscription rates - My Intranet HRIS","description":"Find out more about My Intranet HRIS subscription rates.","robots":{"index":"index","follow":"follow","max-snippet":"max-snippet:-1","max-image-preview":"max-image-preview:large","max-video-preview":"max-video-preview:-1"},"canonical":"https:\/\/www.my-intranet.com\/en\/hr-solution\/subscription-hr-management-solution\/","og_locale":"en_US","og_type":"article","og_title":"Subscription rates - My Intranet HRIS","og_description":"Find out more about My Intranet HRIS subscription rates.","og_url":"https:\/\/www.my-intranet.com\/en\/hr-solution\/subscription-hr-management-solution\/","og_site_name":"My Intranet HRIS","article_modified_time":"2025-06-11T06:53:11+00:00","twitter_card":"summary_large_image","twitter_misc":{"Est. reading time":"4 minutes"},"schema":{"@context":"https:\/\/schema.org","@graph":[{"@type":"WebPage","@id":"https:\/\/www.my-intranet.com\/en\/hr-solution\/subscription-hr-management-solution\/","url":"https:\/\/www.my-intranet.com\/en\/hr-solution\/subscription-hr-management-solution\/","name":"Subscription rates - My Intranet HRIS","isPartOf":{"@id":"https:\/\/www.my-intranet.com\/en\/#website"},"datePublished":"2013-04-10T11:28:16+00:00","dateModified":"2025-06-11T06:53:11+00:00","description":"Find out more about My Intranet HRIS subscription rates.","inLanguage":"en-US","potentialAction":[{"@type":"ReadAction","target":["https:\/\/www.my-intranet.com\/en\/hr-solution\/subscription-hr-management-solution\/"]}]},{"@type":"WebSite","@id":"https:\/\/www.my-intranet.com\/en\/#website","url":"https:\/\/www.my-intranet.com\/en\/","name":"My Intranet HRIS","description":"Intranet solution : leave management software, travel and expense management software, corporate directory and HR file","publisher":{"@id":"https:\/\/www.my-intranet.com\/en\/#organization"},"potentialAction":[{"@type":"SearchAction","target":{"@type":"EntryPoint","urlTemplate":"https:\/\/www.my-intranet.com\/en\/?s={search_term_string}"},"query-input":{"@type":"PropertyValueSpecification","valueRequired":true,"valueName":"search_term_string"}}],"inLanguage":"en-US"},{"@type":"Organization","@id":"https:\/\/www.my-intranet.com\/en\/#organization","name":"My Intranet HRIS","url":"https:\/\/www.my-intranet.com\/en\/","logo":{"@type":"ImageObject","inLanguage":"en-US","@id":"https:\/\/www.my-intranet.com\/en\/#\/schema\/logo\/image\/","url":"https:\/\/www.my-intranet.com\/wp-content\/uploads\/2025\/02\/logo-sirh.png","contentUrl":"https:\/\/www.my-intranet.com\/wp-content\/uploads\/2025\/02\/logo-sirh.png","width":300,"height":300,"caption":"My Intranet HRIS"},"image":{"@id":"https:\/\/www.my-intranet.com\/en\/#\/schema\/logo\/image\/"},"sameAs":["https:\/\/fr.linkedin.com\/company\/mon-intranet"]}]}},"_links":{"self":[{"href":"https:\/\/www.my-intranet.com\/en\/wp-json\/wp\/v2\/pages\/224","targetHints":{"allow":["GET"]}}],"collection":[{"href":"https:\/\/www.my-intranet.com\/en\/wp-json\/wp\/v2\/pages"}],"about":[{"href":"https:\/\/www.my-intranet.com\/en\/wp-json\/wp\/v2\/types\/page"}],"author":[{"embeddable":true,"href":"https:\/\/www.my-intranet.com\/en\/wp-json\/wp\/v2\/users\/2"}],"replies":[{"embeddable":true,"href":"https:\/\/www.my-intranet.com\/en\/wp-json\/wp\/v2\/comments?post=224"}],"version-history":[{"count":0,"href":"https:\/\/www.my-intranet.com\/en\/wp-json\/wp\/v2\/pages\/224\/revisions"}],"up":[{"embeddable":true,"href":"https:\/\/www.my-intranet.com\/en\/wp-json\/wp\/v2\/pages\/216"}],"wp:attachment":[{"href":"https:\/\/www.my-intranet.com\/en\/wp-json\/wp\/v2\/media?parent=224"}],"curies":[{"name":"wp","href":"https:\/\/api.w.org\/{rel}","templated":true}]}}